{"id":3560,"date":"2020-10-19T13:09:43","date_gmt":"2020-10-19T10:09:43","guid":{"rendered":"https:\/\/shopnillu.com\/pageidavimu-sarasas\/"},"modified":"2024-03-30T08:29:07","modified_gmt":"2024-03-30T06:29:07","slug":"pageidavimu-sarasas","status":"publish","type":"page","link":"https:\/\/shopnillu.com\/lt\/pageidavimu-sarasas\/","title":{"rendered":"Nor\u0173 s\u0105ra\u0161as"},"content":{"rendered":"","protected":false},"excerpt":{"rendered":"","protected":false},"author":2,"featured_media":0,"parent":0,"menu_order":0,"comment_status":"closed","ping_status":"closed","template":"","meta":{"_monsterinsights_skip_tracking":false,"_monsterinsights_sitenote_active":false,"_monsterinsights_sitenote_note":"","_monsterinsights_sitenote_category":0,"_uf_show_specific_survey":0,"_uf_disable_surveys":false,"footnotes":""},"class_list":["post-3560","page","type-page","status-publish","hentry"],"aioseo_notices":[],"jetpack_sharing_enabled":true,"_links":{"self":[{"href":"https:\/\/shopnillu.com\/lt\/wp-json\/wp\/v2\/pages\/3560","targetHints":{"allow":["GET"]}}],"collection":[{"href":"https:\/\/shopnillu.com\/lt\/wp-json\/wp\/v2\/pages"}],"about":[{"href":"https:\/\/shopnillu.com\/lt\/wp-json\/wp\/v2\/types\/page"}],"author":[{"embeddable":true,"href":"https:\/\/shopnillu.com\/lt\/wp-json\/wp\/v2\/users\/2"}],"replies":[{"embeddable":true,"href":"https:\/\/shopnillu.com\/lt\/wp-json\/wp\/v2\/comments?post=3560"}],"version-history":[{"count":1,"href":"https:\/\/shopnillu.com\/lt\/wp-json\/wp\/v2\/pages\/3560\/revisions"}],"predecessor-version":[{"id":3635,"href":"https:\/\/shopnillu.com\/lt\/wp-json\/wp\/v2\/pages\/3560\/revisions\/3635"}],"wp:attachment":[{"href":"https:\/\/shopnillu.com\/lt\/wp-json\/wp\/v2\/media?parent=3560"}],"curies":[{"name":"wp","href":"https:\/\/api.w.org\/{rel}","templated":true}]}}