{"id":3569,"date":"2020-10-18T13:07:59","date_gmt":"2020-10-18T10:07:59","guid":{"rendered":"https:\/\/shopnillu.com\/susisiekite-su\/"},"modified":"2024-04-16T12:40:18","modified_gmt":"2024-04-16T09:40:18","slug":"kontaktai","status":"publish","type":"page","link":"https:\/\/shopnillu.com\/lt\/kontaktai\/","title":{"rendered":"Kontaktai"},"content":{"rendered":"\t\t<div data-elementor-type=\"wp-page\" data-elementor-id=\"3569\" class=\"elementor elementor-3569 elementor-9\">\n\t\t\t\t\t\t<section class=\"elementor-section elementor-top-section elementor-element elementor-element-f995139 elementor-section-full_width elementor-section-height-default elementor-section-height-default\" data-id=\"f995139\" data-element_type=\"section\" data-e-type=\"section\">\n\t\t\t\t\t\t<div class=\"elementor-container elementor-column-gap-no\">\n\t\t\t\t\t<div class=\"elementor-column elementor-col-100 elementor-top-column elementor-element elementor-element-39a8339\" data-id=\"39a8339\" data-element_type=\"column\" data-e-type=\"column\">\n\t\t\t<div class=\"elementor-widget-wrap elementor-element-populated\">\n\t\t\t\t\t\t\t<\/div>\n\t\t<\/div>\n\t\t\t\t\t<\/div>\n\t\t<\/section>\n\t\t<div class=\"elementor-element elementor-element-845e328 e-flex e-con-boxed e-con e-parent\" data-id=\"845e328\" data-element_type=\"container\" data-e-type=\"container\">\n\t\t\t\t\t<div class=\"e-con-inner\">\n\t\t<div class=\"elementor-element elementor-element-a3f1a8a e-con-full e-flex e-con e-child\" data-id=\"a3f1a8a\" data-element_type=\"container\" data-e-type=\"container\">\n\t\t\t\t<div class=\"elementor-element elementor-element-898b2c6 elementor-widget elementor-widget-text-editor\" data-id=\"898b2c6\" data-element_type=\"widget\" data-e-type=\"widget\" data-widget_type=\"text-editor.default\">\n\t\t\t\t<div class=\"elementor-widget-container\">\n\t\t\t\t\t\t\t\t\t<p>UAB Nilo aura<\/p>\n<p>\u012emon\u0117s kodas: 306692366<\/p>\n<p>Adresas: Latako g. 1-12, LT-01125 Vilnius<\/p>\n<p>Telefono numeris: +37069006316<\/p>\n<p>El. pa\u0161tas: info@shopnillu.com<\/p>\n\t\t\t\t\t\t\t\t<\/div>\n\t\t\t\t<\/div>\n\t\t\t\t<\/div>\n\t\t<div class=\"elementor-element elementor-element-f63c21a e-con-full e-flex e-con e-child\" data-id=\"f63c21a\" data-element_type=\"container\" data-e-type=\"container\">\n\t\t\t\t<div class=\"elementor-element elementor-element-d420f2a elementor-widget elementor-widget-google_maps\" data-id=\"d420f2a\" data-element_type=\"widget\" data-e-type=\"widget\" data-widget_type=\"google_maps.default\">\n\t\t\t\t<div class=\"elementor-widget-container\">\n\t\t\t\t\t\t\t<div class=\"elementor-custom-embed\">\n\t\t\t<iframe loading=\"lazy\"\n\t\t\t\t\tsrc=\"https:\/\/maps.google.com\/maps?q=Latako%20g.%201-12%2C%20LT-01125%20Vilnius&#038;t=m&#038;z=15&#038;output=embed&#038;iwloc=near\"\n\t\t\t\t\ttitle=\"Latako g. 1-12, LT-01125 Vilnius\"\n\t\t\t\t\taria-label=\"Latako g. 1-12, LT-01125 Vilnius\"\n\t\t\t><\/iframe>\n\t\t<\/div>\n\t\t\t\t\t\t<\/div>\n\t\t\t\t<\/div>\n\t\t\t\t<\/div>\n\t\t\t\t\t<\/div>\n\t\t\t\t<\/div>\n\t\t\t\t<section class=\"elementor-section elementor-top-section elementor-element elementor-element-8d14aaa elementor-section-boxed elementor-section-height-default elementor-section-height-default\" data-id=\"8d14aaa\" data-element_type=\"section\" data-e-type=\"section\">\n\t\t\t\t\t\t<div class=\"elementor-container elementor-column-gap-no\">\n\t\t\t\t\t<div class=\"elementor-column elementor-col-50 elementor-top-column elementor-element elementor-element-92aadb1 elementor-hidden-tablet elementor-hidden-phone\" data-id=\"92aadb1\" data-element_type=\"column\" data-e-type=\"column\" data-settings=\"{&quot;background_background&quot;:&quot;classic&quot;}\">\n\t\t\t<div class=\"elementor-widget-wrap elementor-element-populated\">\n\t\t\t\t\t\t<div class=\"elementor-element elementor-element-a27bd89 elementor-widget elementor-widget-spacer\" data-id=\"a27bd89\" data-element_type=\"widget\" data-e-type=\"widget\" data-widget_type=\"spacer.default\">\n\t\t\t\t<div class=\"elementor-widget-container\">\n\t\t\t\t\t\t\t<div class=\"elementor-spacer\">\n\t\t\t<div class=\"elementor-spacer-inner\"><\/div>\n\t\t<\/div>\n\t\t\t\t\t\t<\/div>\n\t\t\t\t<\/div>\n\t\t\t\t\t<\/div>\n\t\t<\/div>\n\t\t\t\t<div class=\"elementor-column elementor-col-50 elementor-top-column elementor-element elementor-element-bff3154\" data-id=\"bff3154\" data-element_type=\"column\" data-e-type=\"column\" data-settings=\"{&quot;background_background&quot;:&quot;classic&quot;}\">\n\t\t\t<div class=\"elementor-widget-wrap elementor-element-populated\">\n\t\t\t\t\t\t<div class=\"elementor-element elementor-element-89ddc69 elementor-widget elementor-widget-ideapark-heading\" data-id=\"89ddc69\" data-element_type=\"widget\" data-e-type=\"widget\" data-widget_type=\"ideapark-heading.default\">\n\t\t\t\t<div class=\"elementor-widget-container\">\n\t\t\t\t\t<div class=\"c-ip-heading c-ip-heading--medium c-ip-heading--left c-ip-heading--bullet-hide\"><span class=\"c-ip-heading__inner\">Si\u0173skite savo klausimus<\/span><\/div>\t\t\t\t<\/div>\n\t\t\t\t<\/div>\n\t\t\t\t<div class=\"elementor-element elementor-element-8f467ac elementor-widget elementor-widget-shortcode\" data-id=\"8f467ac\" data-element_type=\"widget\" data-e-type=\"widget\" data-widget_type=\"shortcode.default\">\n\t\t\t\t<div class=\"elementor-widget-container\">\n\t\t\t\t\t\t\t<div class=\"elementor-shortcode\"><p class=\"wpcf7-contact-form-not-found\"><strong>Klaida:<\/strong> Kontakt\u0173 forma nerasta.<\/p><\/div>\n\t\t\t\t\t\t<\/div>\n\t\t\t\t<\/div>\n\t\t\t\t\t<\/div>\n\t\t<\/div>\n\t\t\t\t\t<\/div>\n\t\t<\/section>\n\t\t\t\t<\/div>\n\t\t","protected":false},"excerpt":{"rendered":"<p>UAB Nilo aura \u012emon\u0117s kodas: 306692366 Adresas: Latako g. 1-12, LT-01125 Vilnius Telefono numeris: +37069006316 El. pa\u0161tas: info@shopnillu.com Si\u0173skite savo klausimus<\/p>\n","protected":false},"author":2,"featured_media":0,"parent":0,"menu_order":0,"comment_status":"closed","ping_status":"closed","template":"elementor_header_footer","meta":{"_monsterinsights_skip_tracking":false,"_monsterinsights_sitenote_active":false,"_monsterinsights_sitenote_note":"","_monsterinsights_sitenote_category":0,"_uf_show_specific_survey":0,"_uf_disable_surveys":false,"footnotes":""},"class_list":["post-3569","page","type-page","status-publish","hentry"],"aioseo_notices":[],"jetpack_sharing_enabled":true,"_links":{"self":[{"href":"https:\/\/shopnillu.com\/lt\/wp-json\/wp\/v2\/pages\/3569","targetHints":{"allow":["GET"]}}],"collection":[{"href":"https:\/\/shopnillu.com\/lt\/wp-json\/wp\/v2\/pages"}],"about":[{"href":"https:\/\/shopnillu.com\/lt\/wp-json\/wp\/v2\/types\/page"}],"author":[{"embeddable":true,"href":"https:\/\/shopnillu.com\/lt\/wp-json\/wp\/v2\/users\/2"}],"replies":[{"embeddable":true,"href":"https:\/\/shopnillu.com\/lt\/wp-json\/wp\/v2\/comments?post=3569"}],"version-history":[{"count":5,"href":"https:\/\/shopnillu.com\/lt\/wp-json\/wp\/v2\/pages\/3569\/revisions"}],"predecessor-version":[{"id":4284,"href":"https:\/\/shopnillu.com\/lt\/wp-json\/wp\/v2\/pages\/3569\/revisions\/4284"}],"wp:attachment":[{"href":"https:\/\/shopnillu.com\/lt\/wp-json\/wp\/v2\/media?parent=3569"}],"curies":[{"name":"wp","href":"https:\/\/api.w.org\/{rel}","templated":true}]}}