{"id":3574,"date":"2020-10-18T13:09:49","date_gmt":"2020-10-18T10:09:49","guid":{"rendered":"https:\/\/shopnillu.com\/krepselis\/"},"modified":"2020-10-18T13:09:49","modified_gmt":"2020-10-18T10:09:49","slug":"krepselis","status":"publish","type":"page","link":"https:\/\/shopnillu.com\/lt\/krepselis\/","title":{"rendered":"Krep\u0161elis"},"content":{"rendered":"<div class=\"woocommerce\">\n<div class=\"c-cart-empty\">\n\t<div class=\"c-cart-empty__image-wrap\">\n\t\t\t\t\t<i class=\"ip-cart-normal c-cart-empty__icon c-cart-empty__icon--failed\"><\/i>\n\t\t\t<\/div>\n\t<h2 class=\"c-cart-empty__header\">Your cart is currently empty<\/h2>\n\t\t\t<a class=\"c-button c-button--outline c-cart-empty__backward\"\n\t\t   href=\"https:\/\/shopnillu.com\/lt\/produktai\/\">\n\t\t\tGr\u012f\u017eti \u012f parduotuv\u0119\t\t<\/a>\n\t<\/div><\/div>\n","protected":false},"excerpt":{"rendered":"","protected":false},"author":2,"featured_media":0,"parent":0,"menu_order":0,"comment_status":"closed","ping_status":"closed","template":"","meta":{"_monsterinsights_skip_tracking":false,"_monsterinsights_sitenote_active":false,"_monsterinsights_sitenote_note":"","_monsterinsights_sitenote_category":0,"_uf_show_specific_survey":0,"_uf_disable_surveys":false,"footnotes":""},"class_list":["post-3574","page","type-page","status-publish","hentry"],"aioseo_notices":[],"jetpack_sharing_enabled":true,"_links":{"self":[{"href":"https:\/\/shopnillu.com\/lt\/wp-json\/wp\/v2\/pages\/3574","targetHints":{"allow":["GET"]}}],"collection":[{"href":"https:\/\/shopnillu.com\/lt\/wp-json\/wp\/v2\/pages"}],"about":[{"href":"https:\/\/shopnillu.com\/lt\/wp-json\/wp\/v2\/types\/page"}],"author":[{"embeddable":true,"href":"https:\/\/shopnillu.com\/lt\/wp-json\/wp\/v2\/users\/2"}],"replies":[{"embeddable":true,"href":"https:\/\/shopnillu.com\/lt\/wp-json\/wp\/v2\/comments?post=3574"}],"version-history":[{"count":0,"href":"https:\/\/shopnillu.com\/lt\/wp-json\/wp\/v2\/pages\/3574\/revisions"}],"wp:attachment":[{"href":"https:\/\/shopnillu.com\/lt\/wp-json\/wp\/v2\/media?parent=3574"}],"curies":[{"name":"wp","href":"https:\/\/api.w.org\/{rel}","templated":true}]}}