{"id":3581,"date":"2020-10-28T17:42:18","date_gmt":"2020-10-28T14:42:18","guid":{"rendered":"https:\/\/shopnillu.com\/shop\/roziu-vanduo\/"},"modified":"2025-11-29T00:00:18","modified_gmt":"2025-11-28T22:00:18","slug":"roziu-vanduo","status":"publish","type":"product","link":"https:\/\/shopnillu.com\/lt\/produktas\/roziu-vanduo\/","title":{"rendered":"Tazemmurt Ro\u017ei\u0173 vanduo"},"content":{"rendered":"<p>D\u0117l savo prie\u0161u\u017edegimini\u0173 savybi\u0173 jis veiksmingai mal\u0161ina sudirgusios odos paraudim\u0105. Veikdamas kaip \u0161velnus valiklis, jis padeda i\u0161valyti riebalus ir ne\u0161varumus, kurie kaupiasi u\u017esikim\u0161usiose porose.<\/p>\n<p><strong>Sud\u0117tis<\/strong>: Rosa Damascena g\u0117li\u0173 vanduo<\/p>\n","protected":false},"excerpt":{"rendered":"<p>Ro\u017ei\u0173 vanduo gars\u0117ja savo geb\u0117jimu palaikyti odos pH balans\u0105 ir reguliuoti riebal\u0173 pertekli\u0173.<\/p>\n","protected":false},"featured_media":3950,"comment_status":"open","ping_status":"closed","template":"","meta":{"_monsterinsights_skip_tracking":false,"_monsterinsights_sitenote_active":false,"_monsterinsights_sitenote_note":"","_monsterinsights_sitenote_category":0,"_uf_show_specific_survey":0,"_uf_disable_surveys":false},"product_cat":[187,184],"product_tag":[191,188],"class_list":{"0":"post-3581","1":"product","2":"type-product","3":"status-publish","4":"has-post-thumbnail","6":"product_cat-tonikai-dulksnos","7":"product_cat-veido-prieziura","8":"product_tag-geliu-vanduo","9":"product_tag-rosa-damascena-lt","10":"pa_brands-tazemmurt-lt","12":"first","13":"instock","14":"shipping-taxable","15":"purchasable","16":"product-type-simple"},"aioseo_notices":[],"jetpack_sharing_enabled":true,"_links":{"self":[{"href":"https:\/\/shopnillu.com\/lt\/wp-json\/wp\/v2\/product\/3581","targetHints":{"allow":["GET"]}}],"collection":[{"href":"https:\/\/shopnillu.com\/lt\/wp-json\/wp\/v2\/product"}],"about":[{"href":"https:\/\/shopnillu.com\/lt\/wp-json\/wp\/v2\/types\/product"}],"replies":[{"embeddable":true,"href":"https:\/\/shopnillu.com\/lt\/wp-json\/wp\/v2\/comments?post=3581"}],"version-history":[{"count":3,"href":"https:\/\/shopnillu.com\/lt\/wp-json\/wp\/v2\/product\/3581\/revisions"}],"predecessor-version":[{"id":4535,"href":"https:\/\/shopnillu.com\/lt\/wp-json\/wp\/v2\/product\/3581\/revisions\/4535"}],"wp:featuredmedia":[{"embeddable":true,"href":"https:\/\/shopnillu.com\/lt\/wp-json\/wp\/v2\/media\/3950"}],"wp:attachment":[{"href":"https:\/\/shopnillu.com\/lt\/wp-json\/wp\/v2\/media?parent=3581"}],"wp:term":[{"taxonomy":"product_cat","embeddable":true,"href":"https:\/\/shopnillu.com\/lt\/wp-json\/wp\/v2\/product_cat?post=3581"},{"taxonomy":"product_tag","embeddable":true,"href":"https:\/\/shopnillu.com\/lt\/wp-json\/wp\/v2\/product_tag?post=3581"}],"curies":[{"name":"wp","href":"https:\/\/api.w.org\/{rel}","templated":true}]}}