{"id":3582,"date":"2024-03-24T10:54:23","date_gmt":"2024-03-24T08:54:23","guid":{"rendered":"https:\/\/shopnillu.com\/shop\/plauku-kondicionierius\/"},"modified":"2025-02-20T13:17:35","modified_gmt":"2025-02-20T11:17:35","slug":"plauku-kondicionierius","status":"publish","type":"product","link":"https:\/\/shopnillu.com\/lt\/produktas\/plauku-kondicionierius\/","title":{"rendered":"Tazemmurt Plauk\u0173 kondicionierius"},"content":{"rendered":"<p>Tazemmurt kondicionierius suteikia plaukams reikalingo lankstumo ir<br \/>\nblizgesio, nesukeldamas jokio streso ar \u017ealos. Kondicionierius sujungia alyvuogi\u0173 aliejaus naud\u0105 su specialiu gryn\u0173 eterini\u0173 aliej\u0173 mi\u0161iniu, kuris padeda dr\u0117kinti ir i\u0161laikyti j\u016bs\u0173 plaukus sveikus ir \u017evilgan\u010dius.<\/p>\n<p><strong>Sud\u0117tis:<\/strong>Aqua, C15-19 Alkan, Behentrimonium methosulfate, Cetearyl Alcohol, Argania Spinosa Kernel (Argan) Oil, Glycerin, Panthenol, Phenoxyethanol, Cocos Nucifera (Coconut) Oil, Cetyl Alcohol, Olea Europaea Fruit (Olive) Oil, Guar Hydroxypropyltrimonium Chloride, Aloe Barbadensis (Aloe Vera) Extract, Citric Acid, Cymbopogon Citratus Leaf (Lemongrass) Oil, Cyclopentasiloxane<\/p>\n","protected":false},"excerpt":{"rendered":"<p>\u0160velnus plauk\u0173 kondicionierius be chemikal\u0173, kuris neapsunkins j\u016bs\u0173 plauk\u0173 ir nesukels j\u0173 lipnumo.<\/p>\n","protected":false},"featured_media":3952,"comment_status":"open","ping_status":"closed","template":"","meta":{"_monsterinsights_skip_tracking":false,"_monsterinsights_sitenote_active":false,"_monsterinsights_sitenote_note":"","_monsterinsights_sitenote_category":0,"_uf_show_specific_survey":0,"_uf_disable_surveys":false},"product_cat":[573,185],"product_tag":[409,324,416,328,304],"class_list":{"0":"post-3582","1":"product","2":"type-product","3":"status-publish","4":"has-post-thumbnail","6":"product_cat-plauku-kondicionieriai-lt","7":"product_cat-plauku-prieziura","8":"product_tag-aloe-barbadensis-aloe-vera-extract-lt","9":"product_tag-argania-spinosa-kernel-argan-oil-lt","10":"product_tag-cocos-nucifera-coconut-oil-lt","11":"product_tag-cymbopogon-citratus-leaf-lemongrass-oil-lt","12":"product_tag-olea-europaea-fruit-olive-oil-lt","13":"pa_brands-tazemmurt-lt","15":"first","16":"instock","17":"shipping-taxable","18":"purchasable","19":"product-type-simple"},"aioseo_notices":[],"jetpack_sharing_enabled":true,"_links":{"self":[{"href":"https:\/\/shopnillu.com\/lt\/wp-json\/wp\/v2\/product\/3582","targetHints":{"allow":["GET"]}}],"collection":[{"href":"https:\/\/shopnillu.com\/lt\/wp-json\/wp\/v2\/product"}],"about":[{"href":"https:\/\/shopnillu.com\/lt\/wp-json\/wp\/v2\/types\/product"}],"replies":[{"embeddable":true,"href":"https:\/\/shopnillu.com\/lt\/wp-json\/wp\/v2\/comments?post=3582"}],"version-history":[{"count":4,"href":"https:\/\/shopnillu.com\/lt\/wp-json\/wp\/v2\/product\/3582\/revisions"}],"predecessor-version":[{"id":4525,"href":"https:\/\/shopnillu.com\/lt\/wp-json\/wp\/v2\/product\/3582\/revisions\/4525"}],"wp:featuredmedia":[{"embeddable":true,"href":"https:\/\/shopnillu.com\/lt\/wp-json\/wp\/v2\/media\/3952"}],"wp:attachment":[{"href":"https:\/\/shopnillu.com\/lt\/wp-json\/wp\/v2\/media?parent=3582"}],"wp:term":[{"taxonomy":"product_cat","embeddable":true,"href":"https:\/\/shopnillu.com\/lt\/wp-json\/wp\/v2\/product_cat?post=3582"},{"taxonomy":"product_tag","embeddable":true,"href":"https:\/\/shopnillu.com\/lt\/wp-json\/wp\/v2\/product_tag?post=3582"}],"curies":[{"name":"wp","href":"https:\/\/api.w.org\/{rel}","templated":true}]}}