{"id":3584,"date":"2020-10-30T13:30:21","date_gmt":"2020-10-30T10:30:21","guid":{"rendered":"https:\/\/shopnillu.com\/shop\/roziu-kuno-sviestas\/"},"modified":"2025-11-29T00:00:18","modified_gmt":"2025-11-28T22:00:18","slug":"roziu-kuno-sviestas","status":"publish","type":"product","link":"https:\/\/shopnillu.com\/lt\/produktas\/roziu-kuno-sviestas\/","title":{"rendered":"Tazemmurt Ro\u017ei\u0173 k\u016bno sviestas"},"content":{"rendered":"<p>Praturtintas nat\u016braliu ro\u017ei\u0173 aliejumi, \u0161is k\u016bno sviestas efektyviai dr\u0117kina ir ramina od\u0105 naudodamas nat\u016brali\u0173 augalini\u0173 aliej\u0173 ir sviesto mi\u0161in\u012f, tod\u0117l puikiai tinka turintiems saus\u0105 od\u0105. Kasdienis naudojimas atkuria odos elastingum\u0105, maitina ir apsaugo k\u016bn\u0105, u\u017etikrina ilgalaik\u012f dr\u0117kinim\u0105. Be paraben\u0173.<\/p>\n<p><strong>Sud\u0117tis<\/strong>: Butyrospermum Parkii (Shea) Butter, Glycine Soja Oil, Cocos Nucifera (Coconut) Oil, Cera Alba (Bees Wax), Parfum, Isopropyl Myristate, Ceteareth-20, Tocopherol (Vitamin E), BHT<\/p>\n","protected":false},"excerpt":{"rendered":"<p>Ro\u017ei\u0173 k\u016bno sviestas sukurtas taip, kad giliai dr\u0117kint\u0173 ir maitint\u0173 od\u0105.<\/p>\n","protected":false},"featured_media":3947,"comment_status":"open","ping_status":"closed","template":"","meta":{"_monsterinsights_skip_tracking":false,"_monsterinsights_sitenote_active":false,"_monsterinsights_sitenote_note":"","_monsterinsights_sitenote_category":0,"_uf_show_specific_survey":0,"_uf_disable_surveys":false},"product_cat":[214,213],"product_tag":[410,285,416,412],"class_list":{"0":"post-3584","1":"product","2":"type-product","3":"status-publish","4":"has-post-thumbnail","6":"product_cat-kuno-kremai-ir-tonikai","7":"product_cat-kuno-prieziura","8":"product_tag-butyrospermum-parkii-shea-butter-lt","9":"product_tag-cera-alba-bees-wax-lt","10":"product_tag-cocos-nucifera-coconut-oil-lt","11":"product_tag-tocopherol-vitamin-e-lt","12":"pa_brands-tazemmurt-lt","14":"first","15":"instock","16":"shipping-taxable","17":"purchasable","18":"product-type-simple"},"aioseo_notices":[],"jetpack_sharing_enabled":true,"_links":{"self":[{"href":"https:\/\/shopnillu.com\/lt\/wp-json\/wp\/v2\/product\/3584","targetHints":{"allow":["GET"]}}],"collection":[{"href":"https:\/\/shopnillu.com\/lt\/wp-json\/wp\/v2\/product"}],"about":[{"href":"https:\/\/shopnillu.com\/lt\/wp-json\/wp\/v2\/types\/product"}],"replies":[{"embeddable":true,"href":"https:\/\/shopnillu.com\/lt\/wp-json\/wp\/v2\/comments?post=3584"}],"version-history":[{"count":3,"href":"https:\/\/shopnillu.com\/lt\/wp-json\/wp\/v2\/product\/3584\/revisions"}],"predecessor-version":[{"id":4534,"href":"https:\/\/shopnillu.com\/lt\/wp-json\/wp\/v2\/product\/3584\/revisions\/4534"}],"wp:featuredmedia":[{"embeddable":true,"href":"https:\/\/shopnillu.com\/lt\/wp-json\/wp\/v2\/media\/3947"}],"wp:attachment":[{"href":"https:\/\/shopnillu.com\/lt\/wp-json\/wp\/v2\/media?parent=3584"}],"wp:term":[{"taxonomy":"product_cat","embeddable":true,"href":"https:\/\/shopnillu.com\/lt\/wp-json\/wp\/v2\/product_cat?post=3584"},{"taxonomy":"product_tag","embeddable":true,"href":"https:\/\/shopnillu.com\/lt\/wp-json\/wp\/v2\/product_tag?post=3584"}],"curies":[{"name":"wp","href":"https:\/\/api.w.org\/{rel}","templated":true}]}}