{"id":3587,"date":"2020-10-30T13:42:53","date_gmt":"2020-10-30T10:42:53","guid":{"rendered":"https:\/\/shopnillu.com\/shop\/alyvuogiu-aliejaus-kuno-sviestas\/"},"modified":"2025-12-11T14:08:05","modified_gmt":"2025-12-11T12:08:05","slug":"alyvuogiu-aliejaus-kuno-sviestas","status":"publish","type":"product","link":"https:\/\/shopnillu.com\/lt\/produktas\/alyvuogiu-aliejaus-kuno-sviestas\/","title":{"rendered":"Tazemmurt Alyvuogi\u0173 aliejaus k\u016bno sviestas"},"content":{"rendered":"<p>Alyvuogi\u0173 aliejaus sviestas, \u017einomas d\u0117l antioksidant\u0173 gausos. Vidur\u017eemio j\u016bros regione jis jau seniai gars\u0117ja savo nuostabiomis, sen\u0117jim\u0105 stabdan\u010diomis, savyb\u0117mis, kurios veiksmingai sutepa od\u0105 ir didina jos elastingum\u0105 bei tonus\u0105. Be to, jis naudojamas kaip nat\u016bralus rank\u0173 ir nag\u0173 kremas, puikiai maitinantis masa\u017euojant \u012f odeles. Pasinerkite \u012f senas Vidur\u017eemio j\u016bros regiono odos prie\u017ei\u016bros paslaptis su i\u0161skirtiniu alyvuogi\u0173 aliejaus k\u016bno sviestu.<br \/>\n<strong>Sud\u0117tis<\/strong>: Olea Europaea (Olive) Fruit Oil, Camel Hump Fat, Cera alba (Bees wax), Parfum<\/p>\n","protected":false},"excerpt":{"rendered":"<p>M\u0117gaukit\u0117s prabangia Tazemmurt alyvuogi\u0173 aliejaus k\u016bno sviesto patirtimi, kruop\u0161\u010diai pagaminta i\u0161 auk\u0161\u010diausios kokyb\u0117s alyvuogi\u0173 aliejaus, gaunamo i\u0161 gausios Siwa Oaz\u0117s.<\/p>\n","protected":false},"featured_media":3943,"comment_status":"open","ping_status":"closed","template":"","meta":{"_monsterinsights_skip_tracking":false,"_monsterinsights_sitenote_active":false,"_monsterinsights_sitenote_note":"","_monsterinsights_sitenote_category":0,"_uf_show_specific_survey":0,"_uf_disable_surveys":false},"product_cat":[214,213],"product_tag":[284,468,216],"class_list":{"0":"post-3587","1":"product","2":"type-product","3":"status-publish","4":"has-post-thumbnail","6":"product_cat-kuno-kremai-ir-tonikai","7":"product_cat-kuno-prieziura","8":"product_tag-camel-hump-fat-lt","9":"product_tag-olea-europaea-olive-fruit-oil-lt","10":"product_tag-parfum-lt","11":"pa_brands-tazemmurt-lt","13":"first","14":"instock","15":"shipping-taxable","16":"purchasable","17":"product-type-simple"},"aioseo_notices":[],"jetpack_sharing_enabled":true,"_links":{"self":[{"href":"https:\/\/shopnillu.com\/lt\/wp-json\/wp\/v2\/product\/3587","targetHints":{"allow":["GET"]}}],"collection":[{"href":"https:\/\/shopnillu.com\/lt\/wp-json\/wp\/v2\/product"}],"about":[{"href":"https:\/\/shopnillu.com\/lt\/wp-json\/wp\/v2\/types\/product"}],"replies":[{"embeddable":true,"href":"https:\/\/shopnillu.com\/lt\/wp-json\/wp\/v2\/comments?post=3587"}],"version-history":[{"count":4,"href":"https:\/\/shopnillu.com\/lt\/wp-json\/wp\/v2\/product\/3587\/revisions"}],"predecessor-version":[{"id":4533,"href":"https:\/\/shopnillu.com\/lt\/wp-json\/wp\/v2\/product\/3587\/revisions\/4533"}],"wp:featuredmedia":[{"embeddable":true,"href":"https:\/\/shopnillu.com\/lt\/wp-json\/wp\/v2\/media\/3943"}],"wp:attachment":[{"href":"https:\/\/shopnillu.com\/lt\/wp-json\/wp\/v2\/media?parent=3587"}],"wp:term":[{"taxonomy":"product_cat","embeddable":true,"href":"https:\/\/shopnillu.com\/lt\/wp-json\/wp\/v2\/product_cat?post=3587"},{"taxonomy":"product_tag","embeddable":true,"href":"https:\/\/shopnillu.com\/lt\/wp-json\/wp\/v2\/product_tag?post=3587"}],"curies":[{"name":"wp","href":"https:\/\/api.w.org\/{rel}","templated":true}]}}