{"id":3590,"date":"2024-02-06T10:36:03","date_gmt":"2024-02-06T10:36:03","guid":{"rendered":"https:\/\/shopnillu.com\/shop\/kuno-sviestas-camel-hump\/"},"modified":"2026-04-28T13:02:46","modified_gmt":"2026-04-28T10:02:46","slug":"kupranugario-tauku-kuno-sviestas","status":"publish","type":"product","link":"https:\/\/shopnillu.com\/lt\/produktas\/kupranugario-tauku-kuno-sviestas\/","title":{"rendered":"Tazemmurt Kupranugari\u0173 tauk\u0173 k\u016bno sviestas"},"content":{"rendered":"<p>Kupranugari\u0173 tauk\u0173 k\u016bno sviestas pripildytas daug riebal\u0173 r\u016bg\u0161\u010di\u0173 ir vitamino E, jis veikia kaip nat\u016bralus skydas nuo UVA \u017ealos ir padeda suma\u017einti strijas. Tazemmurt Kupranugari\u0173 tauk\u0173 k\u016bno svietas yra prabangus dr\u0117kinamasis kremas, tinkantis visam k\u016bnui, veiksmingai numal\u0161inantis egzem\u0105 ir psoriaz\u0119, gydantis k\u016bdiki\u0173 vystykl\u0173 b\u0117rim\u0105 ir raminantis bei gydantis vidin\u012f \u0161laun\u0173 trinties poj\u016bt\u012f.<\/p>\n<p>Patirkite maitinan\u010dias ir gydom\u0105sias kupranugario kupros savybes kaskart naudodami \u0161\u012f krem\u0105.<\/p>\n<p><strong>Sud\u0117tis<\/strong>: Camel Hump Fat, Cocos Nucifera (Coconut) Oil, Cera Alba (Bees Wax), Isopropyl Myristate, Olea Europaea (Olive) Fruit Oil, Lavandula Angustifolia Oil, Tocopherol (Vitamin E), Ceteareth-20, BHT<\/p>\n","protected":false},"excerpt":{"rendered":"<p>Kupranugari\u0173 kupros taukai yra odos prie\u017ei\u016bros galia.<\/p>\n","protected":false},"featured_media":3939,"comment_status":"open","ping_status":"closed","template":"","meta":{"_monsterinsights_skip_tracking":false,"_monsterinsights_sitenote_active":false,"_monsterinsights_sitenote_note":"","_monsterinsights_sitenote_category":0,"_uf_show_specific_survey":0,"_uf_disable_surveys":false},"product_cat":[214,213],"product_tag":[284,416,309,468,412],"class_list":{"0":"post-3590","1":"product","2":"type-product","3":"status-publish","4":"has-post-thumbnail","6":"product_cat-kuno-kremai-ir-tonikai","7":"product_cat-kuno-prieziura","8":"product_tag-camel-hump-fat-lt","9":"product_tag-cocos-nucifera-coconut-oil-lt","10":"product_tag-lavandula-angustifolia-oil-lt","11":"product_tag-olea-europaea-olive-fruit-oil-lt","12":"product_tag-tocopherol-vitamin-e-lt","13":"pa_brands-tazemmurt-lt","15":"first","16":"instock","17":"shipping-taxable","18":"purchasable","19":"product-type-simple"},"aioseo_notices":[],"jetpack_sharing_enabled":true,"_links":{"self":[{"href":"https:\/\/shopnillu.com\/lt\/wp-json\/wp\/v2\/product\/3590","targetHints":{"allow":["GET"]}}],"collection":[{"href":"https:\/\/shopnillu.com\/lt\/wp-json\/wp\/v2\/product"}],"about":[{"href":"https:\/\/shopnillu.com\/lt\/wp-json\/wp\/v2\/types\/product"}],"replies":[{"embeddable":true,"href":"https:\/\/shopnillu.com\/lt\/wp-json\/wp\/v2\/comments?post=3590"}],"version-history":[{"count":5,"href":"https:\/\/shopnillu.com\/lt\/wp-json\/wp\/v2\/product\/3590\/revisions"}],"predecessor-version":[{"id":4532,"href":"https:\/\/shopnillu.com\/lt\/wp-json\/wp\/v2\/product\/3590\/revisions\/4532"}],"wp:featuredmedia":[{"embeddable":true,"href":"https:\/\/shopnillu.com\/lt\/wp-json\/wp\/v2\/media\/3939"}],"wp:attachment":[{"href":"https:\/\/shopnillu.com\/lt\/wp-json\/wp\/v2\/media?parent=3590"}],"wp:term":[{"taxonomy":"product_cat","embeddable":true,"href":"https:\/\/shopnillu.com\/lt\/wp-json\/wp\/v2\/product_cat?post=3590"},{"taxonomy":"product_tag","embeddable":true,"href":"https:\/\/shopnillu.com\/lt\/wp-json\/wp\/v2\/product_tag?post=3590"}],"curies":[{"name":"wp","href":"https:\/\/api.w.org\/{rel}","templated":true}]}}