{"id":3595,"date":"2024-02-06T10:36:03","date_gmt":"2024-02-06T10:36:03","guid":{"rendered":"https:\/\/shopnillu.com\/shop\/kupranugariu-pieno-muilas\/"},"modified":"2026-04-27T16:21:32","modified_gmt":"2026-04-27T13:21:32","slug":"kupranugariu-pieno-muilas","status":"publish","type":"product","link":"https:\/\/shopnillu.com\/lt\/produktas\/kupranugariu-pieno-muilas\/","title":{"rendered":"Tazemmurt Kupranugari\u0173 pieno muilas"},"content":{"rendered":"<p>Didelis vitamin\u0173, ypa\u010d vitamino A, kiekis dar labiau sustiprina od\u0105 apsaugan\u010dias ir maitinan\u010dias savybes, tod\u0117l jis yra vertingas j\u016bs\u0173 odos prie\u017ei\u016bros rutinos priedas.<\/p>\n<p><strong>Kupranugari\u0173 pienas<\/strong>, \u017einomas kaip baltasis auksas, branginamas t\u016bkstan\u010dius met\u0173 d\u0117l savo naudos plauk\u0173 ir odos sveikatai. Unikali pieno strukt\u016bra gali prasiskverbti \u012f apatinius odos sluoksnius, o d\u0117l nat\u016brali\u0173 antimikrobini\u0173 ir hipoalergini\u0173 savybi\u0173 jis tinka vis\u0173 tip\u0173 odai, \u012fskaitant jautri\u0105 ir alergi\u0161k\u0105.<\/p>\n<p><strong>Sud\u0117tis<\/strong>: Olea Europaea (Olive) Fruit Oil, Cocos Nucifera (Coconut) Oil, Camelus Dromedarius (Camel) Milk Extract, Aqua, Sodium Hydroxide, Butyrospermum Parkii (Shea) Butter, Glycine Soja Oil, Parfum, Ricinus Communis (Castor) Seed Oil<\/p>\n","protected":false},"excerpt":{"rendered":"<p>Kupranugari\u0173 pieno muilas yra gausus antioksidant\u0173 \u0161altinis, kuris veiksmingai apsaugo j\u016bs\u0173 odos l\u0105steles nuo pa\u017eeidim\u0173.<\/p>\n","protected":false},"featured_media":3935,"comment_status":"open","ping_status":"closed","template":"","meta":{"_monsterinsights_skip_tracking":false,"_monsterinsights_sitenote_active":false,"_monsterinsights_sitenote_note":"","_monsterinsights_sitenote_category":0,"_uf_show_specific_survey":0,"_uf_disable_surveys":false},"product_cat":[213,230],"product_tag":[410,234,416,468,487],"class_list":{"0":"post-3595","1":"product","2":"type-product","3":"status-publish","4":"has-post-thumbnail","6":"product_cat-kuno-prieziura","7":"product_cat-muilas","8":"product_tag-butyrospermum-parkii-shea-butter-lt","9":"product_tag-camelus-dromedarius-kupranugariu-pieno-ekstraktas","10":"product_tag-cocos-nucifera-coconut-oil-lt","11":"product_tag-olea-europaea-olive-fruit-oil-lt","12":"product_tag-ricinus-communis-castor-seed-oil-lt","13":"pa_brands-tazemmurt-lt","15":"first","16":"instock","17":"shipping-taxable","18":"purchasable","19":"product-type-simple"},"aioseo_notices":[],"jetpack_sharing_enabled":true,"_links":{"self":[{"href":"https:\/\/shopnillu.com\/lt\/wp-json\/wp\/v2\/product\/3595","targetHints":{"allow":["GET"]}}],"collection":[{"href":"https:\/\/shopnillu.com\/lt\/wp-json\/wp\/v2\/product"}],"about":[{"href":"https:\/\/shopnillu.com\/lt\/wp-json\/wp\/v2\/types\/product"}],"replies":[{"embeddable":true,"href":"https:\/\/shopnillu.com\/lt\/wp-json\/wp\/v2\/comments?post=3595"}],"version-history":[{"count":3,"href":"https:\/\/shopnillu.com\/lt\/wp-json\/wp\/v2\/product\/3595\/revisions"}],"predecessor-version":[{"id":4531,"href":"https:\/\/shopnillu.com\/lt\/wp-json\/wp\/v2\/product\/3595\/revisions\/4531"}],"wp:featuredmedia":[{"embeddable":true,"href":"https:\/\/shopnillu.com\/lt\/wp-json\/wp\/v2\/media\/3935"}],"wp:attachment":[{"href":"https:\/\/shopnillu.com\/lt\/wp-json\/wp\/v2\/media?parent=3595"}],"wp:term":[{"taxonomy":"product_cat","embeddable":true,"href":"https:\/\/shopnillu.com\/lt\/wp-json\/wp\/v2\/product_cat?post=3595"},{"taxonomy":"product_tag","embeddable":true,"href":"https:\/\/shopnillu.com\/lt\/wp-json\/wp\/v2\/product_tag?post=3595"}],"curies":[{"name":"wp","href":"https:\/\/api.w.org\/{rel}","templated":true}]}}