{"id":3598,"date":"2024-02-06T10:36:03","date_gmt":"2024-02-06T08:36:03","guid":{"rendered":"https:\/\/shopnillu.com\/shop\/savon-de-siwa-muilo-baras\/"},"modified":"2024-04-28T20:26:13","modified_gmt":"2024-04-28T17:26:13","slug":"savon-de-siwa-muilo-baras","status":"publish","type":"product","link":"https:\/\/shopnillu.com\/lt\/produktas\/savon-de-siwa-muilo-baras\/","title":{"rendered":"Tazemmurt Savon De Siwa muilas"},"content":{"rendered":"<p>Patirkite \u0161veln\u0173 valym\u0105 be toksin\u0173, nes \u0161is muilas sukurtas taip, kad b\u016bt\u0173 saugus jautriai odai, o taip pat b\u016bt\u0173 naudingas riebiai, \u012f spuogus linkusiai odai. D\u017eiaukit\u0117s savo geb\u0117jimu i\u0161lyginti ir nuraminti saus\u0105, sudirgusi\u0105 od\u0105 d\u0117l nat\u016brali\u0173 dr\u0117kinam\u0173j\u0173 savybi\u0173 \u2013 tai tikrai universalus sprendimas, tinkantis vis\u0173 tip\u0173 odai. Vienintel\u0117 sudedamoji dalis, muilintas alyvuogi\u0173 aliejus, atspindi \u012fsipareigojim\u0105 grynai, nepriekai\u0161tingai odos prie\u017ei\u016brai.<\/p>\n<p><strong>Alyvuogi\u0173 aliejus<\/strong> prasiskverbia giliai \u012f od\u0105, suteikdamas ilgalaik\u012f dr\u0117gm\u0117s skyd\u0105, kuris palaiko odos maitinim\u0105. Alyvuogi\u0173 aliejuje taip pat yra nepakei\u010diam\u0173 riebal\u0173 r\u016bg\u0161\u010di\u0173, kurios papildo saus\u0105 od\u0105, tod\u0117l ji tampa lygi ir elastinga.<\/p>\n<p><strong>Sud\u0117tis<\/strong>: Olea Europaea Fruit (Olive) Oil, Sodium Hydroxide, Aqua<\/p>\n","protected":false},"excerpt":{"rendered":"<p>Savon de Siwa yra prabrangus kietasis muilas, pagamintas i\u0161 gryno alyvuogi\u0173 aliejaus. Tai sena tradicija, kilusi i\u0161 kvap\u0105 gniau\u017eian\u010dios Siwa oaz\u0117s Egipte.<\/p>\n","protected":false},"featured_media":3929,"comment_status":"open","ping_status":"closed","template":"","meta":{"_monsterinsights_skip_tracking":false,"_monsterinsights_sitenote_active":false,"_monsterinsights_sitenote_note":"","_monsterinsights_sitenote_category":0,"_uf_show_specific_survey":0,"_uf_disable_surveys":false},"product_cat":[213,230],"product_tag":[304],"class_list":{"0":"post-3598","1":"product","2":"type-product","3":"status-publish","4":"has-post-thumbnail","6":"product_cat-kuno-prieziura","7":"product_cat-muilas","8":"product_tag-olea-europaea-fruit-olive-oil-lt","9":"pa_brands-tazemmurt-lt","11":"first","12":"outofstock","13":"shipping-taxable","14":"purchasable","15":"product-type-simple"},"aioseo_notices":[],"jetpack_sharing_enabled":true,"_links":{"self":[{"href":"https:\/\/shopnillu.com\/lt\/wp-json\/wp\/v2\/product\/3598","targetHints":{"allow":["GET"]}}],"collection":[{"href":"https:\/\/shopnillu.com\/lt\/wp-json\/wp\/v2\/product"}],"about":[{"href":"https:\/\/shopnillu.com\/lt\/wp-json\/wp\/v2\/types\/product"}],"replies":[{"embeddable":true,"href":"https:\/\/shopnillu.com\/lt\/wp-json\/wp\/v2\/comments?post=3598"}],"version-history":[{"count":3,"href":"https:\/\/shopnillu.com\/lt\/wp-json\/wp\/v2\/product\/3598\/revisions"}],"predecessor-version":[{"id":4530,"href":"https:\/\/shopnillu.com\/lt\/wp-json\/wp\/v2\/product\/3598\/revisions\/4530"}],"wp:featuredmedia":[{"embeddable":true,"href":"https:\/\/shopnillu.com\/lt\/wp-json\/wp\/v2\/media\/3929"}],"wp:attachment":[{"href":"https:\/\/shopnillu.com\/lt\/wp-json\/wp\/v2\/media?parent=3598"}],"wp:term":[{"taxonomy":"product_cat","embeddable":true,"href":"https:\/\/shopnillu.com\/lt\/wp-json\/wp\/v2\/product_cat?post=3598"},{"taxonomy":"product_tag","embeddable":true,"href":"https:\/\/shopnillu.com\/lt\/wp-json\/wp\/v2\/product_tag?post=3598"}],"curies":[{"name":"wp","href":"https:\/\/api.w.org\/{rel}","templated":true}]}}