{"id":3601,"date":"2024-02-06T10:36:03","date_gmt":"2024-02-06T10:36:03","guid":{"rendered":"https:\/\/shopnillu.com\/shop\/data-muilas\/"},"modified":"2025-11-29T00:00:18","modified_gmt":"2025-11-28T22:00:18","slug":"data-muilas","status":"publish","type":"product","link":"https:\/\/shopnillu.com\/lt\/produktas\/data-muilas\/","title":{"rendered":"Tazemmurt Datuli\u0173 muilas"},"content":{"rendered":"<p>Datul\u0117s yra vitamino C ir D \u0161altinis. \u0160ie datul\u0117se esantys vitaminai padeda padidinti kolageno gamyb\u0105 organizme ir taip pagerinti odos elastingum\u0105.<\/p>\n<p><strong>Alyvuogi\u0173 aliejus<\/strong> prasiskverbia giliai \u012f od\u0105, suteikdamas ilgalaik\u012f dr\u0117gm\u0117s skyd\u0105, kuris palaiko odos maitinim\u0105. Alyvuogi\u0173 aliejuje taip pat yra nepakei\u010diam\u0173 riebal\u0173 r\u016bg\u0161\u010di\u0173, kurios papildo saus\u0105 od\u0105, tod\u0117l ji tampa lygi ir elastinga.<\/p>\n<p><strong>Kokos\u0173 aliejus<\/strong> intensyviai dr\u0117kina, ma\u017eina u\u017edegimus, neutralizuoja laisv\u0173j\u0173 radikal\u0173 \u017eal\u0105 ir u\u017ekerta keli\u0105 infekcijoms.<\/p>\n<p><strong>Sud\u0117tis<\/strong>: Olea Europaea Fruit (Olive) Oil, Cocos Nucifera (Coconut) Oil, Aqua, Sodium Hydroxide, Butyrospermum Parkii (Shea) Butter, Phoenix Dactylifera Fruit (Date) Extract, Glycine Soja Oil, Ricinus Communis (Castor) Seed Oil, Parfum<\/p>\n","protected":false},"excerpt":{"rendered":"<p>Patirkite neprilygstam\u0105 Tazemmurt firminio datuli\u0173 muilo prabang\u0105, kruop\u0161\u010diai pagamint\u0105 i\u0161 geriausio tyro alyvuogi\u0173 aliejaus, kokos\u0173 aliejaus ir \u0161vie\u017eiai nuskint\u0173 Siwa datuli\u0173. D\u017eiaukit\u0117s 24 valandas trunkan\u010diu dr\u0117kinimu, kur\u012f gali suteikti tik \u0161is i\u0161skirtinis mi\u0161inys.<\/p>\n","protected":false},"featured_media":4677,"comment_status":"open","ping_status":"closed","template":"","meta":{"_monsterinsights_skip_tracking":false,"_monsterinsights_sitenote_active":false,"_monsterinsights_sitenote_note":"","_monsterinsights_sitenote_category":0,"_uf_show_specific_survey":0,"_uf_disable_surveys":false},"product_cat":[213,230],"product_tag":[410,416,304,216,305,487],"class_list":{"0":"post-3601","1":"product","2":"type-product","3":"status-publish","4":"has-post-thumbnail","6":"product_cat-kuno-prieziura","7":"product_cat-muilas","8":"product_tag-butyrospermum-parkii-shea-butter-lt","9":"product_tag-cocos-nucifera-coconut-oil-lt","10":"product_tag-olea-europaea-fruit-olive-oil-lt","11":"product_tag-parfum-lt","12":"product_tag-phoenix-dactylifera-fruit-date-extract-lt","13":"product_tag-ricinus-communis-castor-seed-oil-lt","14":"pa_brands-tazemmurt-lt","16":"first","17":"instock","18":"shipping-taxable","19":"purchasable","20":"product-type-simple"},"aioseo_notices":[],"jetpack_sharing_enabled":true,"_links":{"self":[{"href":"https:\/\/shopnillu.com\/lt\/wp-json\/wp\/v2\/product\/3601","targetHints":{"allow":["GET"]}}],"collection":[{"href":"https:\/\/shopnillu.com\/lt\/wp-json\/wp\/v2\/product"}],"about":[{"href":"https:\/\/shopnillu.com\/lt\/wp-json\/wp\/v2\/types\/product"}],"replies":[{"embeddable":true,"href":"https:\/\/shopnillu.com\/lt\/wp-json\/wp\/v2\/comments?post=3601"}],"version-history":[{"count":4,"href":"https:\/\/shopnillu.com\/lt\/wp-json\/wp\/v2\/product\/3601\/revisions"}],"predecessor-version":[{"id":4529,"href":"https:\/\/shopnillu.com\/lt\/wp-json\/wp\/v2\/product\/3601\/revisions\/4529"}],"wp:featuredmedia":[{"embeddable":true,"href":"https:\/\/shopnillu.com\/lt\/wp-json\/wp\/v2\/media\/4677"}],"wp:attachment":[{"href":"https:\/\/shopnillu.com\/lt\/wp-json\/wp\/v2\/media?parent=3601"}],"wp:term":[{"taxonomy":"product_cat","embeddable":true,"href":"https:\/\/shopnillu.com\/lt\/wp-json\/wp\/v2\/product_cat?post=3601"},{"taxonomy":"product_tag","embeddable":true,"href":"https:\/\/shopnillu.com\/lt\/wp-json\/wp\/v2\/product_tag?post=3601"}],"curies":[{"name":"wp","href":"https:\/\/api.w.org\/{rel}","templated":true}]}}