{"id":3604,"date":"2024-03-23T15:48:14","date_gmt":"2024-03-23T13:48:14","guid":{"rendered":"https:\/\/shopnillu.com\/shop\/odos-atstatomasis-kremas\/"},"modified":"2026-04-28T13:02:46","modified_gmt":"2026-04-28T10:02:46","slug":"odos-atstatomasis-kremas","status":"publish","type":"product","link":"https:\/\/shopnillu.com\/lt\/produktas\/odos-atstatomasis-kremas\/","title":{"rendered":"Tazemmurt Atkuriamasis odos kremas"},"content":{"rendered":"<p>\u0160is universalus kremas, pagamintas i\u0161 kruop\u0161\u010diai atrinkt\u0173 auk\u0161\u010diausios kokyb\u0117s \u0161alto spaudimo aliej\u0173, tinka vis\u0173 tip\u0173 odai. Praturtintas stipriu mastikos aliejaus, frankincenso aliejaus, arabi\u0161ko gumamed\u017eio, petra\u017eoli\u0173 aliejaus, taukmed\u017eio sviesto ir bi\u010di\u0173 va\u0161ko mi\u0161iniu. \u0160i maitinamoji formul\u0117 atjaunina ir stiprina od\u0105, suteikdama atgaivinimo potyr\u012f.<\/p>\n<p><strong>Kupranugario taukai<\/strong> veiksmingai gydo odos ligas, tokias kaip egzema, psoriaz\u0117 ir akn\u0117. Juose gausu vitamin\u0173 ir antioksidant\u0173, kurie padeda nuraminti ir atstatyti pa\u017eeist\u0105 od\u0105. Riebalai pagerina odos elastingum\u0105 ir suma\u017eina smulki\u0173 rauk\u0161li\u0173 atsiradim\u0105.<\/p>\n<p><strong>Alavij\u0173 aliejus<\/strong> turi apsaugos nuo saul\u0117s filtr\u0105. Nat\u016braliai alavij\u0173 aliejuje esantys polisacharidai suteikia veiksming\u0105 apsaug\u0105 nuo sen\u0117jimo. I\u0161lygina odos pavir\u0161i\u0173, padeda suma\u017einti rauk\u0161li\u0173 atsiradim\u0105.<\/p>\n<p><strong>Petra\u017eoli\u0173 aliejus<\/strong> yra geras antioksidant\u0173, padedan\u010di\u0173 kovoti su sen\u0117jimo po\u017eymiais, \u0161altinis. Jame taip pat yra vitamino C, kuris turi prie\u0161u\u017edegimin\u012f poveik\u012f, taip pat padeda padidinti odos elastingum\u0105. Petra\u017eoli\u0173 aliejus gali pad\u0117ti atjauninti pa\u017eeistus kapiliarus, tonizuoti ir atgaivinti od\u0105.<\/p>\n<p><strong>Pluo\u0161tin\u0117s bosvelijos (Frankincense) aliejus<\/strong> pagerina odos tonus\u0105 ir ma\u017eina rauk\u0161les brand\u017eioje odoje. Jis taip pat veiksmingas gydant \u017eaizdas ir randus. \u0160is aliejus yra nat\u016bralus antiseptikas.<\/p>\n<p><strong>Arabi\u0161ka guma<\/strong> yra viena i\u0161 seniausi\u0173 gum\u0173. Ji gaunama i\u0161 akacij\u0173 med\u017eio sul\u010di\u0173. Odos prie\u017ei\u016broje ji naudojama kaip raminanti med\u017eiaga ir padeda su\u0161velninti u\u017edegimus.<\/p>\n<p><strong>Mastikos aliejus<\/strong> turi turi antimikrobini\u0173 savybi\u0173 prie\u0161 bakterijas ir patogeninius mikroorganizmus.<\/p>\n<p><strong>Sud\u0117tis<\/strong>: Camel Hump Fat, Cocos Nucifera (Coconut) Oil, Glycine Soja Oil, Cera Alba (Bees wax), Aloe Barbadensis Leaf (Aloe Vera) Extract, Melaleuca Alternifolia Leaf (Tea Tree) Oil, Boswellia Carterii Oil (Frankincense), Acacia Senegal Gum (Arabic Gum), Pistacia Lentiscus Fruit Oil (Mastic Oil), Carum Petroselinum (Parsley) Seed Oil, Tocopherol (Vitamin E), BHT<\/p>\n","protected":false},"excerpt":{"rendered":"<p>Tazemmurt auk\u0161\u010diausios kokyb\u0117s odos atkuriamasis kremas pasi\u017eymi dr\u0117kinan\u010diomis ir odos pigmentacij\u0105 ma\u017einan\u010diomis savyb\u0117mis, sukurtas gle\u017enai paaki\u0173 sri\u010diai, skiras ma\u017einti rauk\u0161l\u0117ms ir paburkimui.<\/p>\n","protected":false},"featured_media":3921,"comment_status":"open","ping_status":"closed","template":"","meta":{"_monsterinsights_skip_tracking":false,"_monsterinsights_sitenote_active":false,"_monsterinsights_sitenote_note":"","_monsterinsights_sitenote_category":0,"_uf_show_specific_survey":0,"_uf_disable_surveys":false},"product_cat":[236,184],"product_tag":[298,295,297,284,300,285,416,296,299,215,412],"class_list":{"0":"post-3604","1":"product","2":"type-product","3":"status-publish","4":"has-post-thumbnail","6":"product_cat-kremai","7":"product_cat-veido-prieziura","8":"product_tag-acacia-senegal-gum-arabic-gum-lt","9":"product_tag-aloe-barbadensis-leaf-aloe-vera-extract-lt","10":"product_tag-boswellia-carterii-oil-frankincense-lt","11":"product_tag-camel-hump-fat-lt","12":"product_tag-carum-petroselinum-parsley-seed-oil-lt","13":"product_tag-cera-alba-bees-wax-lt","14":"product_tag-cocos-nucifera-coconut-oil-lt","15":"product_tag-melaleuca-alternifolia-leaf-tea-tree-oil-lt","16":"product_tag-pistacia-lentiscus-fruit-oil-mastic-oil-lt","17":"product_tag-sojos-glicino-aliejus","18":"product_tag-tocopherol-vitamin-e-lt","19":"pa_brands-tazemmurt-lt","21":"first","22":"outofstock","23":"shipping-taxable","24":"purchasable","25":"product-type-simple"},"aioseo_notices":[],"jetpack_sharing_enabled":true,"_links":{"self":[{"href":"https:\/\/shopnillu.com\/lt\/wp-json\/wp\/v2\/product\/3604","targetHints":{"allow":["GET"]}}],"collection":[{"href":"https:\/\/shopnillu.com\/lt\/wp-json\/wp\/v2\/product"}],"about":[{"href":"https:\/\/shopnillu.com\/lt\/wp-json\/wp\/v2\/types\/product"}],"replies":[{"embeddable":true,"href":"https:\/\/shopnillu.com\/lt\/wp-json\/wp\/v2\/comments?post=3604"}],"version-history":[{"count":5,"href":"https:\/\/shopnillu.com\/lt\/wp-json\/wp\/v2\/product\/3604\/revisions"}],"predecessor-version":[{"id":4528,"href":"https:\/\/shopnillu.com\/lt\/wp-json\/wp\/v2\/product\/3604\/revisions\/4528"}],"wp:featuredmedia":[{"embeddable":true,"href":"https:\/\/shopnillu.com\/lt\/wp-json\/wp\/v2\/media\/3921"}],"wp:attachment":[{"href":"https:\/\/shopnillu.com\/lt\/wp-json\/wp\/v2\/media?parent=3604"}],"wp:term":[{"taxonomy":"product_cat","embeddable":true,"href":"https:\/\/shopnillu.com\/lt\/wp-json\/wp\/v2\/product_cat?post=3604"},{"taxonomy":"product_tag","embeddable":true,"href":"https:\/\/shopnillu.com\/lt\/wp-json\/wp\/v2\/product_tag?post=3604"}],"curies":[{"name":"wp","href":"https:\/\/api.w.org\/{rel}","templated":true}]}}