{"id":3606,"date":"2024-03-24T10:38:00","date_gmt":"2024-03-24T08:38:00","guid":{"rendered":"https:\/\/shopnillu.com\/shop\/skausmo-malsinimo-kremas\/"},"modified":"2026-03-14T19:37:26","modified_gmt":"2026-03-14T17:37:26","slug":"skausma-lengvinantis-kremas","status":"publish","type":"product","link":"https:\/\/shopnillu.com\/lt\/produktas\/skausma-lengvinantis-kremas\/","title":{"rendered":"Tazemmurt Skausm\u0105 lengvinantis kremas"},"content":{"rendered":"<p>Galingas kremo mi\u0161inys padeda tiems, kurie ken\u010dia nuo artrito simptom\u0173,<br \/>\ns\u0105nari\u0173 skausmo ir rytinio sustingimo. Kremas taip pat padeda suma\u017einti raumen\u0173 \u012ftamp\u0105. Tiesiog masa\u017euokite paveiktas vietas \u0161iuo skausm\u0105 mal\u0161inan\u010diu kremu ir u\u017edenkite \u0161iltu skudur\u0117liu, kad palengv\u0117t\u0173.<\/p>\n<p><strong>Sud\u0117tis<\/strong>: Camel Hump Fat, Cocos Nucifera (Coconut) Oil, Cera Alba (Bees Wax), Olea Europaea (Olive) Fruit Oil, Isopropyl Myristate, Mentha Piperita (Peppermint) Oil, Eucalyptus Globulus Leaf Oil, Glycine Soja Oil, Tocopherol (Vitamin E), Ceteareth-20, BHT<\/p>\n","protected":false},"excerpt":{"rendered":"<p>Atsisveikinkite su skausmu su \u0161iuo galingu slapt\u0173 Siwa oaz\u0117s ingredient\u0173 mi\u0161iniu: kupranugario kupros taukais, alyvuogi\u0173 aliejumi ir eukalipto bei pipirm\u0117\u010di\u0173 eteriniais aliejais.<\/p>\n","protected":false},"featured_media":4262,"comment_status":"open","ping_status":"closed","template":"","meta":{"_monsterinsights_skip_tracking":false,"_monsterinsights_sitenote_active":false,"_monsterinsights_sitenote_note":"","_monsterinsights_sitenote_category":0,"_uf_show_specific_survey":0,"_uf_disable_surveys":false},"product_cat":[243],"product_tag":[284,285,416,543,452,468,412],"class_list":{"0":"post-3606","1":"product","2":"type-product","3":"status-publish","4":"has-post-thumbnail","6":"product_cat-skausmo-mazinimui","7":"product_tag-camel-hump-fat-lt","8":"product_tag-cera-alba-bees-wax-lt","9":"product_tag-cocos-nucifera-coconut-oil-lt","10":"product_tag-eucalyptus-globulus-leaf-oil-lt","11":"product_tag-mentha-piperita-peppermint-oil-lt","12":"product_tag-olea-europaea-olive-fruit-oil-lt","13":"product_tag-tocopherol-vitamin-e-lt","14":"pa_brands-tazemmurt-lt","16":"first","17":"outofstock","18":"shipping-taxable","19":"purchasable","20":"product-type-simple"},"aioseo_notices":[],"jetpack_sharing_enabled":true,"_links":{"self":[{"href":"https:\/\/shopnillu.com\/lt\/wp-json\/wp\/v2\/product\/3606","targetHints":{"allow":["GET"]}}],"collection":[{"href":"https:\/\/shopnillu.com\/lt\/wp-json\/wp\/v2\/product"}],"about":[{"href":"https:\/\/shopnillu.com\/lt\/wp-json\/wp\/v2\/types\/product"}],"replies":[{"embeddable":true,"href":"https:\/\/shopnillu.com\/lt\/wp-json\/wp\/v2\/comments?post=3606"}],"version-history":[{"count":4,"href":"https:\/\/shopnillu.com\/lt\/wp-json\/wp\/v2\/product\/3606\/revisions"}],"predecessor-version":[{"id":4527,"href":"https:\/\/shopnillu.com\/lt\/wp-json\/wp\/v2\/product\/3606\/revisions\/4527"}],"wp:featuredmedia":[{"embeddable":true,"href":"https:\/\/shopnillu.com\/lt\/wp-json\/wp\/v2\/media\/4262"}],"wp:attachment":[{"href":"https:\/\/shopnillu.com\/lt\/wp-json\/wp\/v2\/media?parent=3606"}],"wp:term":[{"taxonomy":"product_cat","embeddable":true,"href":"https:\/\/shopnillu.com\/lt\/wp-json\/wp\/v2\/product_cat?post=3606"},{"taxonomy":"product_tag","embeddable":true,"href":"https:\/\/shopnillu.com\/lt\/wp-json\/wp\/v2\/product_tag?post=3606"}],"curies":[{"name":"wp","href":"https:\/\/api.w.org\/{rel}","templated":true}]}}