{"id":3608,"date":"2024-03-24T10:43:47","date_gmt":"2024-03-24T08:43:47","guid":{"rendered":"https:\/\/shopnillu.com\/shop\/plauku-tonikas\/"},"modified":"2025-11-29T00:00:16","modified_gmt":"2025-11-28T22:00:16","slug":"plauku-tonikas","status":"publish","type":"product","link":"https:\/\/shopnillu.com\/lt\/produktas\/plauku-tonikas\/","title":{"rendered":"Tazemmurt Plauk\u0173 tonikas"},"content":{"rendered":"<p>Galingas Plauk\u0173 toniko mi\u0161inys daro stebuklus \u2013 pagyvina j\u016bs\u0173 galvos od\u0105,<br \/>\nkovoja su plauk\u0173 slinkimu ir skatina nauj\u0173 plauk\u0173 augim\u0105. Nor\u0117dami atskleisti kerin\u010dias toniko galias, tiesiog gerai suplakite ir u\u017epurk\u0161kite ant galvos odos, tada \u0161velniai masa\u017euokite pir\u0161t\u0173 galiukais. Toniko nereikia nuplauti \u2013 jis yra saugus naudoti kasdien.<\/p>\n<p><strong>Sud\u0117tis:<\/strong> Rosmarinus Officinalis (Rosemary) Water, Urtica Dioica Leaf (Nettle) Extract, Ginkgo Biloba Leaf Extract, Rosmarinus Officinalis (Rosemary) Leaf Extract, Glycyrrhiza Glabra (Licorice) Root Extract, Aloe Barbadensis (Aloe Vera) Leaf Extract, Oryza Sativa (Rice) Extract, Simmondsia Chinensis Seed (Jojoba) Extract, Eruca Sativa (Arugula) Leaf Extract, Boswellia Serrata (Frankincense) Extract, Mentha Piperita (Peppermint) Oil, Citrus Limon (Lemon) Peel Oil, Camellia Sinensis (Tea) Leaf Extract, Lavandula Angustifolia Angustifolia Herb (Lavender) Oil, Phenoxyethanol, Potassium Sorbate<\/p>\n","protected":false},"excerpt":{"rendered":"<p>Atgaivinkite savo i\u0161vaizd\u0105 naudodami Plauk\u0173 tonik\u0105 \u2013 stebukling\u0105 eliksyr\u0105, pagamint\u0105 i\u0161 geriausio rozmarin\u0173 ir dilg\u0117li\u0173 aliejaus.<\/p>\n","protected":false},"featured_media":5400,"comment_status":"open","ping_status":"closed","template":"","meta":{"_monsterinsights_skip_tracking":false,"_monsterinsights_sitenote_active":false,"_monsterinsights_sitenote_note":"","_monsterinsights_sitenote_category":0,"_uf_show_specific_survey":0,"_uf_disable_surveys":false},"product_cat":[185,574],"product_tag":[338,341,342,262,340,251,252,263,343,452,256,250,248,339,337],"class_list":{"0":"post-3608","1":"product","2":"type-product","3":"status-publish","4":"has-post-thumbnail","6":"product_cat-plauku-prieziura","7":"product_cat-plauku-tonikai-lt","8":"product_tag-aloe-barbadensis-aloe-vera-leaf-extract-lt","9":"product_tag-boswellia-serrata-frankincense-extract-lt","10":"product_tag-camellia-sinensis-tea-leaf-extract-lt","11":"product_tag-citrus-limon-citrinu-zieveles-aliejus","12":"product_tag-eruca-sativa-arugula-leaf-extract-lt","13":"product_tag-ginkmedzio-dviskiauciu-ginkmedziu-lapu-ekstraktas","14":"product_tag-glycyrrhiza-glabra-saldymedzio-saknu-ekstraktas","15":"product_tag-kalio-sorbatas","16":"product_tag-lavandula-angustifolia-angustifolia-herb-lavender-oil-lt","17":"product_tag-mentha-piperita-peppermint-oil-lt","18":"product_tag-oryza-sativa-ryziu-ekstraktas","19":"product_tag-rosmarinus-officinalis-rozmarinas-lapu-ekstraktas","20":"product_tag-rosmarinus-officinalis-rozmarinas-vanduo","21":"product_tag-simmondsia-chinensis-seed-jojoba-extract-lt","22":"product_tag-urtica-dioica-leaf-nettle-extract-lt","23":"pa_brands-tazemmurt-lt","25":"first","26":"instock","27":"shipping-taxable","28":"purchasable","29":"product-type-simple"},"aioseo_notices":[],"jetpack_sharing_enabled":true,"_links":{"self":[{"href":"https:\/\/shopnillu.com\/lt\/wp-json\/wp\/v2\/product\/3608","targetHints":{"allow":["GET"]}}],"collection":[{"href":"https:\/\/shopnillu.com\/lt\/wp-json\/wp\/v2\/product"}],"about":[{"href":"https:\/\/shopnillu.com\/lt\/wp-json\/wp\/v2\/types\/product"}],"replies":[{"embeddable":true,"href":"https:\/\/shopnillu.com\/lt\/wp-json\/wp\/v2\/comments?post=3608"}],"version-history":[{"count":4,"href":"https:\/\/shopnillu.com\/lt\/wp-json\/wp\/v2\/product\/3608\/revisions"}],"predecessor-version":[{"id":4526,"href":"https:\/\/shopnillu.com\/lt\/wp-json\/wp\/v2\/product\/3608\/revisions\/4526"}],"wp:featuredmedia":[{"embeddable":true,"href":"https:\/\/shopnillu.com\/lt\/wp-json\/wp\/v2\/media\/5400"}],"wp:attachment":[{"href":"https:\/\/shopnillu.com\/lt\/wp-json\/wp\/v2\/media?parent=3608"}],"wp:term":[{"taxonomy":"product_cat","embeddable":true,"href":"https:\/\/shopnillu.com\/lt\/wp-json\/wp\/v2\/product_cat?post=3608"},{"taxonomy":"product_tag","embeddable":true,"href":"https:\/\/shopnillu.com\/lt\/wp-json\/wp\/v2\/product_tag?post=3608"}],"curies":[{"name":"wp","href":"https:\/\/api.w.org\/{rel}","templated":true}]}}