{"id":4443,"date":"2024-04-27T11:08:10","date_gmt":"2024-04-27T08:08:10","guid":{"rendered":"https:\/\/shopnillu.com\/?post_type=product&#038;p=4443"},"modified":"2026-03-01T03:43:38","modified_gmt":"2026-03-01T01:43:38","slug":"nefertiti-maitinamasis-plauku-aliejus","status":"publish","type":"product","link":"https:\/\/shopnillu.com\/lt\/produktas\/nefertiti-maitinamasis-plauku-aliejus\/","title":{"rendered":"Nefertiti maitinamasis plauk\u0173 aliejus"},"content":{"rendered":"<p><span class=\"OYPEnA font-feature-liga-off font-feature-clig-off font-feature-calt-off text-decoration-none text-strikethrough-none\">\u0160is nat\u016bralus aliej\u0173 mi\u0161inys puikiai tinka giliai kondicionuoti, stiprina plaukus ir suteikia jiems gerai pri\u017ei\u016br\u0117t\u0105 bei sveik\u0105 i\u0161vaizd\u0105. Nefertiti nat\u016brali\u0173 aliej\u0173 mi\u0161inys yra labai efektyvus dr\u0117kiklis sausiems, l\u016b\u017ein\u0117jantiems ir pa\u017eeistiems plaukams. Mi\u0161inys maitina ir dr\u0117kina plaukus, sukuria sluoksn\u012f, padedant\u012f apsaugoti nuo agresyvios aplinkos. Mi\u0161inyje esantys nat\u016bral\u016bs dr\u0117kikliai giliai maitina ir atkuria pa\u017eeistus plaukus. \u017doleli\u0173 aliej\u0173 mi\u0161inys turi nat\u016brali\u0105 SPF apsaug\u0105 ir gali b\u016bti naudojamas siekiant apsaugoti plaukus nuo \u017ealingo UV spinduli\u0173 poveikio.<\/span><\/p>\n<p class=\"cvGsUA direction-ltr align-justify para-style-body\"><span class=\"OYPEnA font-feature-liga-off font-feature-clig-off font-feature-calt-off text-decoration-none text-strikethrough-none\">Aliejaus kompozicija apsaugo nuo plauk\u0173 slinkimo, stiprina plauk\u0173 folikulus, naikina pleiskanas, padeda i\u0161vengti trapumo ir i\u0161saus\u0117jimo, kovoja su galiuk\u0173 skilin\u0117jimu, atkuria pa\u017eeist\u0173 ir da\u017eyt\u0173 plauk\u0173 strukt\u016br\u0105.<\/span><\/p>\n<p class=\"cvGsUA direction-ltr align-justify para-style-body\"><span class=\"OYPEnA font-feature-liga-off font-feature-clig-off font-feature-calt-off text-decoration-none text-strikethrough-none\">Aliejus puikiai susidoroja su grybelin\u0117mis infekcijomis ir odos sudirgimais bei padeda i\u0161vengti \u017eil\u0173 plauk\u0173 atsiradimo d\u0117l didelio biologinio aktyvumo. \u0160is aliejaus mi\u0161inys yra nat\u016bralus plauk\u0173 augimo stimuliatorius ir gali b\u016bti naudojamas maksimaliam plauk\u0173 tankumui ir ilgiui pasiekti. Reguliariai naudojant mi\u0161in\u012f, plaukai \u012fgaus blizges\u012f, \u0161velnum\u0105 ir \u0161ilkin\u012f glotnum\u0105, bus \u017eymiai stipresni, tankesni, lygesni ir elastingesni.<\/span><\/p>\n<p><strong>Sud\u0117tis:<\/strong><span class=\"OYPEnA font-feature-liga-off font-feature-clig-off font-feature-calt-off text-decoration-none text-strikethrough-none\">Olea Europaea Fruit (Olive) Oil, Pelargonium Graveolens Oil (Geranium Oil), Boswellia Carterii Oil, Pinus Sylvestris Leaf Oil, Jasminum Officinale Extract, Argania Spinosa Kernel (Argan) Oil, Simmondsia chinensis (Jojoba) Seed Oil, Cocos Nucifera (Coconut) Oil, Nigella Sativa (black cumin) Seed Oil, Castor oil, Tocopherol (Vitamin E)<\/span><\/p>\n","protected":false},"excerpt":{"rendered":"<p><span class=\"OYPEnA font-feature-liga-off font-feature-clig-off font-feature-calt-off text-decoration-none text-strikethrough-none\">Nat\u016bralus plauk\u0173 maitinam\u0173j\u0173 med\u017eiag\u0173 mi\u0161inys yra kruop\u0161\u010diai pagamintas i\u0161 auk\u0161\u010diausios kokyb\u0117s nat\u016brali\u0173 aliej\u0173 &#8211; alyvuogi\u0173 aliejus, pelargonij\u0173 aliejus, frankincense aliejus, p\u016b\u0161\u0173 spygli\u0173 aliejus, jazmin\u0173 ekstraktas, argan\u0173 aliejus, jojoba aliejus, kokos\u0173 aliejus, juodgr\u016bd\u0117s aliejus, ricinos aliejus. <\/span><\/p>\n","protected":false},"featured_media":5261,"comment_status":"open","ping_status":"closed","template":"","meta":{"_monsterinsights_skip_tracking":false,"_monsterinsights_sitenote_active":false,"_monsterinsights_sitenote_note":"","_monsterinsights_sitenote_category":0,"_uf_show_specific_survey":0,"_uf_disable_surveys":false},"product_cat":[530,185],"product_tag":[358,360,304,357,359],"class_list":{"0":"post-4443","1":"product","2":"type-product","3":"status-publish","4":"has-post-thumbnail","6":"product_cat-plauku-kaukes","7":"product_cat-plauku-prieziura","8":"product_tag-boswellia-carterii-oil-lt","9":"product_tag-jasminum-officinale-extract-lt","10":"product_tag-olea-europaea-fruit-olive-oil-lt","11":"product_tag-pelargonium-graveolens-oil-geranium-oil-lt","12":"product_tag-pinus-sylvestris-leaf-oil-lt","13":"pa_brands-nefertiti-lt","15":"first","16":"instock","17":"shipping-taxable","18":"purchasable","19":"product-type-variable"},"aioseo_notices":[],"jetpack_sharing_enabled":true,"_links":{"self":[{"href":"https:\/\/shopnillu.com\/lt\/wp-json\/wp\/v2\/product\/4443","targetHints":{"allow":["GET"]}}],"collection":[{"href":"https:\/\/shopnillu.com\/lt\/wp-json\/wp\/v2\/product"}],"about":[{"href":"https:\/\/shopnillu.com\/lt\/wp-json\/wp\/v2\/types\/product"}],"replies":[{"embeddable":true,"href":"https:\/\/shopnillu.com\/lt\/wp-json\/wp\/v2\/comments?post=4443"}],"version-history":[{"count":5,"href":"https:\/\/shopnillu.com\/lt\/wp-json\/wp\/v2\/product\/4443\/revisions"}],"predecessor-version":[{"id":5291,"href":"https:\/\/shopnillu.com\/lt\/wp-json\/wp\/v2\/product\/4443\/revisions\/5291"}],"wp:featuredmedia":[{"embeddable":true,"href":"https:\/\/shopnillu.com\/lt\/wp-json\/wp\/v2\/media\/5261"}],"wp:attachment":[{"href":"https:\/\/shopnillu.com\/lt\/wp-json\/wp\/v2\/media?parent=4443"}],"wp:term":[{"taxonomy":"product_cat","embeddable":true,"href":"https:\/\/shopnillu.com\/lt\/wp-json\/wp\/v2\/product_cat?post=4443"},{"taxonomy":"product_tag","embeddable":true,"href":"https:\/\/shopnillu.com\/lt\/wp-json\/wp\/v2\/product_tag?post=4443"}],"curies":[{"name":"wp","href":"https:\/\/api.w.org\/{rel}","templated":true}]}}