{"id":4454,"date":"2024-04-27T20:56:51","date_gmt":"2024-04-27T17:56:51","guid":{"rendered":"https:\/\/shopnillu.com\/?post_type=product&#038;p=4454"},"modified":"2026-04-17T09:59:02","modified_gmt":"2026-04-17T06:59:02","slug":"nefertiti-anti-rinkle-oil","status":"publish","type":"product","link":"https:\/\/shopnillu.com\/lt\/produktas\/nefertiti-anti-rinkle-oil\/","title":{"rendered":"Nefertiti aliejus veidui"},"content":{"rendered":"<p><span class=\"OYPEnA font-feature-liga-off font-feature-clig-off font-feature-calt-off text-decoration-none text-strikethrough-none\">Nat\u016bral\u016bs aliejai nuo rauk\u0161li\u0173 gali prasiskverbti \u012f od\u0105 daug geriau nei kremai, pasiekti giliausius sluoksnius, kartu maitinti ir dr\u0117kinti. \u0160is aliej\u0173 nuo rauk\u0161li\u0173 mi\u0161inys puikiai suaktyvina nauj\u0173 odos l\u0105steli\u0173 susidarym\u0105 ir apsaugo od\u0105 nuo sen\u0117jimo.<\/span><\/p>\n<p><span class=\"OYPEnA font-feature-liga-off font-feature-clig-off font-feature-calt-off text-decoration-none text-strikethrough-none\">D\u0117l savo sud\u0117ties \u0161is aliej\u0173 nuo rauk\u0161li\u0173 mi\u0161inys skirtas tiems, kuri\u0173 oda yra i\u0161saus\u0117jusi, praradusi elastingum\u0105, turi su am\u017eiumi susijusi\u0173 pakitim\u0173 ir pastebimas suglebimas.<\/span><\/p>\n<p><span class=\"OYPEnA font-feature-liga-off font-feature-clig-off font-feature-calt-off text-decoration-none text-strikethrough-none\">\u0160iame mi\u0161inyje nuo rauk\u0161li\u0173 yra i\u0161skirtinai nat\u016bral\u016bs kvie\u010di\u0173, jojoba, argan\u0173, sezam\u0173, rukolos ir ricinos aliejai, kurie aktyvina kolageno ir elastino gamyb\u0105 j\u016bs\u0173 odoje, u\u017ekertant keli\u0105 nauj\u0173 rauk\u0161li\u0173 susidarymui bei suma\u017einant esamas rauk\u0161les.<\/span><\/p>\n<p><span class=\"OYPEnA font-feature-liga-off font-feature-clig-off font-feature-calt-off text-decoration-none text-strikethrough-none\">Reguliariai naudojant \u0161\u012f aliej\u0173 nuo rauk\u0161li\u0173, oda atrodys sveika ir \u017eymiai jaunesn\u0117. Nat\u016bralaus aliejaus nuo rauk\u0161li\u0173 naudojimas lengvai pa\u0161alina alergines reakcijas, ramina ir gydo pa\u017eeist\u0105 od\u0105.<\/span><\/p>\n<p><strong>Sud\u0117tis:<\/strong> Triticum Vulgare (Wheat) Germ Oil; Simmondsia chinensis (Jojoba) Seed Oil; Argania Spinosa Kernel (Argan) Oil; Sesamum Indicum Seed Oil; Eruca Sativa Leaf (Rucola) Extract; Lactuca Sativa Seed Oil; Ricinus Communis Seed Oil<\/p>\n","protected":false},"excerpt":{"rendered":"<p><span class=\"OYPEnA font-feature-liga-off font-feature-clig-off font-feature-calt-off text-decoration-none text-strikethrough-none\">M\u016bs\u0173 od\u0105 kasdien veikia \u012fvair\u016bs kenksmingi veiksniai (saul\u0117s \u0161viesa, tar\u0161a, nepakankama mityba, taip pat stresas ir hormoniniai poky\u010diai). Su am\u017eiumi m\u016bs\u0173 odos l\u0105steli\u0173 atsinaujinimo procesas sul\u0117t\u0117ja, oda praranda elastingum\u0105, blizges\u012f, gro\u017e\u012f, pradeda ry\u0161k\u0117ti rauk\u0161l\u0117s.<\/span><\/p>\n","protected":false},"featured_media":5258,"comment_status":"open","ping_status":"closed","template":"","meta":{"_monsterinsights_skip_tracking":false,"_monsterinsights_sitenote_active":false,"_monsterinsights_sitenote_note":"","_monsterinsights_sitenote_category":0,"_uf_show_specific_survey":0,"_uf_disable_surveys":false},"product_cat":[516,184],"product_tag":[324,371,372,373,370,369,368],"class_list":{"0":"post-4454","1":"product","2":"type-product","3":"status-publish","4":"has-post-thumbnail","6":"product_cat-serumai-ir-aliejai","7":"product_cat-veido-prieziura","8":"product_tag-argania-spinosa-kernel-argan-oil-lt","9":"product_tag-eruca-sativa-leaf-rucola-extract","10":"product_tag-lactuca-sativa-seed-oil","11":"product_tag-ricinus-communis-seed-oil","12":"product_tag-sesamum-indicum-seed-oil","13":"product_tag-simmondsia-chinensis-jojoba-seed-oil","14":"product_tag-triticum-vulgare-wheat-germ-oil","15":"pa_brands-nefertiti-lt","17":"first","18":"instock","19":"shipping-taxable","20":"purchasable","21":"product-type-variable"},"aioseo_notices":[],"jetpack_sharing_enabled":true,"_links":{"self":[{"href":"https:\/\/shopnillu.com\/lt\/wp-json\/wp\/v2\/product\/4454","targetHints":{"allow":["GET"]}}],"collection":[{"href":"https:\/\/shopnillu.com\/lt\/wp-json\/wp\/v2\/product"}],"about":[{"href":"https:\/\/shopnillu.com\/lt\/wp-json\/wp\/v2\/types\/product"}],"replies":[{"embeddable":true,"href":"https:\/\/shopnillu.com\/lt\/wp-json\/wp\/v2\/comments?post=4454"}],"version-history":[{"count":5,"href":"https:\/\/shopnillu.com\/lt\/wp-json\/wp\/v2\/product\/4454\/revisions"}],"predecessor-version":[{"id":5287,"href":"https:\/\/shopnillu.com\/lt\/wp-json\/wp\/v2\/product\/4454\/revisions\/5287"}],"wp:featuredmedia":[{"embeddable":true,"href":"https:\/\/shopnillu.com\/lt\/wp-json\/wp\/v2\/media\/5258"}],"wp:attachment":[{"href":"https:\/\/shopnillu.com\/lt\/wp-json\/wp\/v2\/media?parent=4454"}],"wp:term":[{"taxonomy":"product_cat","embeddable":true,"href":"https:\/\/shopnillu.com\/lt\/wp-json\/wp\/v2\/product_cat?post=4454"},{"taxonomy":"product_tag","embeddable":true,"href":"https:\/\/shopnillu.com\/lt\/wp-json\/wp\/v2\/product_tag?post=4454"}],"curies":[{"name":"wp","href":"https:\/\/api.w.org\/{rel}","templated":true}]}}