{"id":4485,"date":"2024-04-27T21:42:17","date_gmt":"2024-04-27T18:42:17","guid":{"rendered":"https:\/\/shopnillu.com\/?post_type=product&#038;p=4485"},"modified":"2026-03-01T03:43:36","modified_gmt":"2026-03-01T01:43:36","slug":"nefertiti-lubinu-aliejus","status":"publish","type":"product","link":"https:\/\/shopnillu.com\/lt\/produktas\/nefertiti-lubinu-aliejus\/","title":{"rendered":"Nefertiti Lubin\u0173 aliejus"},"content":{"rendered":"<p><strong>Lubin\u0173 aliejaus savyb\u0117s ir naudojimas<\/strong><\/p>\n<p>\u012evair\u016bs tyrimai rodo lubin\u0173 eterinio aliejaus veiksmingum\u0105 kosmetikos reikm\u0117ms. Kaip pagrindin\u0117 veiklioji med\u017eiaga lubin\u0173 aliejus naudojamas \u012fvairiuose kosmetikos mi\u0161iniuose, \u012fskaitant antioksidantus, sen\u0117jim\u0105 stabdan\u010dius, balinan\u010dius ir odos apsaugos nuo \u017ealingo laisv\u0173j\u0173 radikal\u0173 produktus, taip pat UV apsaugos produktus.<\/p>\n<p><strong>Lubin\u0173 aliejus veidui<\/strong><\/p>\n<p>Naudojamas neskiestas nat\u016bralus lubin\u0173 aliejus skaistina od\u0105, taip pat padeda suma\u017einti strazdanas ir am\u017eiaus d\u0117mes. Lubin\u0173 s\u0117kl\u0173 aliej\u0173 rekomenduojama naudoti kaip naktin\u0119 veido, kaklo, dekolt\u0117 ir rank\u0173 kauk\u0119. Sumai\u0161ytas lygiomis dalimis su simondsij\u0173 (jojoba) aliejumi arba nat\u016braliu migdol\u0173 aliejumi, lubin\u0173 aliejus nuramina sudirgusi\u0105 od\u0105, lygina rauk\u0161les, dr\u0117kina od\u0105.<\/p>\n<p>Lubin\u0173 aliejus u\u017etikrina veiksming\u0105 odos sen\u0117jim\u0105 stabdant\u012f poveik\u012f ir stipriai lygina bei stangrina esamas rauk\u0161les. Antioksidacin\u0117s savyb\u0117s padeda i\u0161laikyti odos jaunatvi\u0161kum\u0105 ir elastingum\u0105. \u0160is aliejus daro odos atspalv\u012f sveik\u0105 ir lyg\u0173. Jis naudojamas norint pagerinti odos spalv\u0105 ir pa\u0161alinti odos nuovarg\u012f. Reguliariai naudojant lubin\u0173 aliej\u0173, oda tampa aksomin\u0117 ir matin\u0117, ypa\u010d turint rieb\u0173 odos tip\u0105. Nepaisant geb\u0117jimo suma\u017einti blizges\u012f, lubin\u0173 aliejus taip pat tinka sausai odai, nes jos nesausina.<\/p>\n<p><strong>Lubin\u0173 aliejus odai<\/strong><\/p>\n<p>Lubin\u0173 aliejus skatina greit\u0105 \u012fpjovim\u0173 ir \u017eaizd\u0173 gijim\u0105, mal\u0161ina odos u\u017edegimus, padeda pa\u0161alinti spuog\u0173 p\u0117dsakus, i\u0161lygina odos pavir\u0161i\u0173, neleid\u017eia odai i\u0161saus\u0117ti. Panaudojus lubin\u0173 aliej\u0173, oda prisotinama veikliosiomis med\u017eiagomis, puikiai dr\u0117kinama ir apsaugoma nuo nepalanki\u0173 i\u0161or\u0117s veiksni\u0173.<\/p>\n<p><strong>Lubin\u0173 aliejus plaukams<\/strong><\/p>\n<p>Nat\u016bralaus lubin\u0173 aliejaus sud\u0117tyje yra vis\u0173 b\u016btin\u0173 maistini\u0173 med\u017eiag\u0173, skatinan\u010di\u0173 sveik\u0173 plauk\u0173 augim\u0105. Jis gerina kraujotak\u0105 ir med\u017eiag\u0173 apykait\u0105 plauk\u0173 folikul\u0173 l\u0105stel\u0117se, pagreitina gyvybini\u0173 funkcij\u0173 atsinaujinim\u0105 ir pradeda regeneracijos proces\u0105. Taip pat lubin\u0173 aliejus pasi\u017eymi dr\u0117kinamosiomis, maitinan\u010diomis ir prie\u0161u\u017edegimin\u0117mis savyb\u0117mis, u\u017ekertant keli\u0105 i\u0161saus\u0117jimui ir skatina normali\u0105 plauk\u0173 folikul\u0173 veikl\u0105, o kartu atjaunina galvos od\u0105. Reguliarus naudojimas paskatins plauk\u0173 augim\u0105, suma\u017eins plauk\u0173 slinkim\u0105 ir \u017eymiai padidins plauk\u0173 linijos stor\u012f. Plaukai bus atstatyti per vis\u0105 j\u0173 ilg\u012f, taps lengviau valdomi, didesn\u0117s apimties ir \u017evilgantys.<\/p>\n<p><strong>Sud\u0117tis:<\/strong> Lupinus Albus Seed Extract<\/p>\n","protected":false},"excerpt":{"rendered":"<p>Lubin\u0173 aliejaus nauding\u0105sias savybes lemia didelis baltym\u0173, gele\u017eies, peptid\u0173, vitamin\u0173 A, PP ir E kiekis. Lubin\u0173 aliejus yra stiprus antioksidantas, gali mal\u0161inti u\u017edegim\u0105, apsaugo nuo \u017ealing\u0173 UVA ir B spinduli\u0173.<\/p>\n","protected":false},"featured_media":5256,"comment_status":"open","ping_status":"closed","template":"","meta":{"_monsterinsights_skip_tracking":false,"_monsterinsights_sitenote_active":false,"_monsterinsights_sitenote_note":"","_monsterinsights_sitenote_category":0,"_uf_show_specific_survey":0,"_uf_disable_surveys":false},"product_cat":[385],"product_tag":[387],"class_list":{"0":"post-4485","1":"product","2":"type-product","3":"status-publish","4":"has-post-thumbnail","6":"product_cat-naturalus-aliejai","7":"product_tag-lupinus-albus-seed-extract-lt","8":"pa_brands-nefertiti-lt","10":"first","11":"instock","12":"shipping-taxable","13":"purchasable","14":"product-type-simple"},"aioseo_notices":[],"jetpack_sharing_enabled":true,"_links":{"self":[{"href":"https:\/\/shopnillu.com\/lt\/wp-json\/wp\/v2\/product\/4485","targetHints":{"allow":["GET"]}}],"collection":[{"href":"https:\/\/shopnillu.com\/lt\/wp-json\/wp\/v2\/product"}],"about":[{"href":"https:\/\/shopnillu.com\/lt\/wp-json\/wp\/v2\/types\/product"}],"replies":[{"embeddable":true,"href":"https:\/\/shopnillu.com\/lt\/wp-json\/wp\/v2\/comments?post=4485"}],"version-history":[{"count":2,"href":"https:\/\/shopnillu.com\/lt\/wp-json\/wp\/v2\/product\/4485\/revisions"}],"predecessor-version":[{"id":4493,"href":"https:\/\/shopnillu.com\/lt\/wp-json\/wp\/v2\/product\/4485\/revisions\/4493"}],"wp:featuredmedia":[{"embeddable":true,"href":"https:\/\/shopnillu.com\/lt\/wp-json\/wp\/v2\/media\/5256"}],"wp:attachment":[{"href":"https:\/\/shopnillu.com\/lt\/wp-json\/wp\/v2\/media?parent=4485"}],"wp:term":[{"taxonomy":"product_cat","embeddable":true,"href":"https:\/\/shopnillu.com\/lt\/wp-json\/wp\/v2\/product_cat?post=4485"},{"taxonomy":"product_tag","embeddable":true,"href":"https:\/\/shopnillu.com\/lt\/wp-json\/wp\/v2\/product_tag?post=4485"}],"curies":[{"name":"wp","href":"https:\/\/api.w.org\/{rel}","templated":true}]}}