{"id":4499,"date":"2024-04-27T22:05:17","date_gmt":"2024-04-27T19:05:17","guid":{"rendered":"https:\/\/shopnillu.com\/?post_type=product&#038;p=4499"},"modified":"2026-03-01T03:43:37","modified_gmt":"2026-03-01T01:43:37","slug":"nefertiti-simondsiju-jojoba-aliejus","status":"publish","type":"product","link":"https:\/\/shopnillu.com\/lt\/produktas\/nefertiti-simondsiju-jojoba-aliejus\/","title":{"rendered":"Nefertiti Simondsij\u0173 (jojoba) aliejus"},"content":{"rendered":"<p><strong>Jojoba aliejus odai<\/strong><\/p>\n<p>Su am\u017eiumi \u017emogaus odoje ma\u017e\u0117ja kolageno skaidul\u0173 kiekis, oda blunka, palaipsniui praranda elastingum\u0105 ir stangrum\u0105. Jojoba aliejus, kuriame gausu baltym\u0173, turin\u010di\u0173 \u012ftakos jungiamojo audinio stiprumui ir elastingumui, atkuria nat\u016bral\u0173 kolageno gamybos proces\u0105. Apskritai, gerai dr\u0117kina ir maitina od\u0105, \u012fskaitant vok\u0173 od\u0105, pagerina ir i\u0161lygina veido spalv\u0105, suteikdama nat\u016bral\u0173 \u0161vyt\u0117jim\u0105. Jojobos aliejus gali suma\u017einti dirginim\u0105 po skutimosi ar depiliavimo va\u0161ku ir nuraminti sausas, suskilin\u0117jusias l\u016bpas. Nat\u016bralus simondsij\u0173 aliejus pad\u0117s i\u0161vengti strij\u0173 atsiradimo ir pad\u0117s greitai pa\u0161alinti celiulit\u0105, tod\u0117l oda taps elastingesn\u0117 ir tonizuota.<\/p>\n<p><strong>Jojoba aliejus nuo rauk\u0161li\u0173<\/strong><\/p>\n<p>Mokslininkai \u012frod\u0117, kad nat\u016bralus simondsij\u0173 aliejus, skirtingai nei kiti kosmetiniai aliejai, turi did\u017eiausi\u0105 pralaidum\u0105 gilesniems odos sluoksniams ir d\u0117l \u0161i\u0173 savybi\u0173 nat\u016bralus jojobos aliejus vadinamas \u201eskystu va\u0161ku\u201c. Strukt\u016brin\u0117s simondsij\u0173 aliejaus ypatyb\u0117s turi \u012ftakos med\u017eiag\u0173 apykaitai, skatina odos l\u0105steli\u0173 atsinaujinim\u0105, o v\u0117liau l\u0117tina odos sen\u0117jimo proces\u0105. Reguliariai naudojant, nat\u016bralus jojoba aliejus i\u0161lygina sen\u0117jimo ir mimikos linijas bei neleid\u017eia susidaryti naujoms rauk\u0161l\u0117ms.<\/p>\n<p><strong>Jojoba aliejaus SPF faktorius<\/strong><\/p>\n<p>Tai nat\u016brali apsauga nuo ultravioletini\u0173 spinduli\u0173. Aliejus turi nat\u016brali\u0105 apsaug\u0105 (ketvirtasis faktorius), kuri optimizuoja vitamino D pasisavinim\u0105 ir apsaugo od\u0105 nuo \u017ealing\u0173 spinduli\u0173, tuo pa\u010diu u\u017etikrindama tolyg\u0173 ir gra\u017e\u0173 \u012fdeg\u012f. Atkreipkite d\u0117mes\u012f, kad simondsij\u0173 aliejus gali apsaugoti nuo atsitiktinio saul\u0117s poveikio, ta\u010diau jis n\u0117ra skirtas pakeisti ilgo veikimo SPF krem\u0105 nuo saul\u0117s.<\/p>\n<p><strong>Jojoba aliejus nuo spuog\u0173<\/strong><\/p>\n<p>Nat\u016bralus simondsij\u0173 aliejus pasi\u017eymi antimikrobin\u0117mis ir prie\u0161grybelin\u0117mis savyb\u0117mis ir d\u0117l gerai subalansuotos sud\u0117ties tinka vis\u0173 tip\u0173 odai bei yra rekomenduojamas visoms am\u017eiaus grup\u0117ms. Jojoba aliejus neu\u017ekem\u0161a odos por\u0173, leisdamas joms kv\u0117puoti ir nepalieka riebal\u0173 liku\u010di\u0173, kurie v\u0117liau neleid\u017eia porose kauptis nat\u016braliems riebalams bei s\u0117kmingai \u0161alina spuogus.<\/p>\n<p><strong>Jojoba aliejus masa\u017eui<\/strong><\/p>\n<p>Jojoba aliejus priskiriamas \u0161velniausio nat\u016bralaus masa\u017eo aliejaus kategorijai. Giliai maitina od\u0105, r\u016bpinasi jos elastingumu, o oda akimirksniu tampa \u0161velni, lygi ir stangri.<\/p>\n<p><strong>Jojoba aliejaus nauda plaukams<\/strong><\/p>\n<p>Naudokite nat\u016bral\u0173 jojoba aliej\u0173 kaip plauk\u0173 kauk\u0119, kad sudr\u0117kintum\u0117te, sumink\u0161tintum\u0117te ir pamaitintum\u0117te silpnus ir pa\u017eeistus plaukus. Sausi ir<br \/>\nblank\u016bs plaukai atgaus elastingum\u0105, \u0161velnum\u0105, sveik\u0105 blizges\u012f, o plauk\u0173 galiukai nustos skilin\u0117ti. Jojobos aliejus idealiai tinka turintiems riebius plaukus, nes normalizuoja lipid\u0173 apykait\u0105 ir padeda subalansuoti riebal\u0173 gamyb\u0105. Jis taip pat yra baktericidinis ir ramina galvos odos sudirgimus. Jojoba aliejus suteikia plaukams gra\u017ei\u0105 i\u0161vaizd\u0105 ir daro juos tvirtus, elastingus ir \u017evilgan\u010dius.<\/p>\n<p>Jojoba aliej\u0173 galite naudoti gryn\u0105 arba d\u0117ti \u012f visas veido, k\u016bno ir plauk\u0173 kosmetikos priemones (krem\u0105, losjon\u0105, \u0161amp\u016bn\u0105 ir kt.), tai sustiprins j\u0173 aktyvum\u0105.<\/p>\n<p><strong>Sud\u0117tis:<\/strong> Simmondsia chinensis (Jojoba) Seed Oil<\/p>\n","protected":false},"excerpt":{"rendered":"<p>\u0160alto spaudimo simondsij\u0173 aliejuje (Simmondsia Chinensis) yra daug biologini\u0173 ir mineralini\u0173 med\u017eiag\u0173, kurios b\u016btinos gra\u017eiai atrodan\u010diai odai ir plaukams. Nat\u016bralus jojobos aliejus pa\u0161alina \u017ealing\u0105 aplinkos poveik\u012f ir padeda sul\u0117tinti odos sen\u0117jimo procesus. Giliai \u012fsiskverbia, puikiai \u012fsigeria, dr\u0117kina, maitina ir apsaugo veido ir k\u016bno od\u0105. Jame yra didel\u0117 vitamin\u0173 A ir E koncentracija, tod\u0117l tai yra puikus antioksidantas, skatinantis l\u0105steli\u0173 atsinaujinimo proces\u0105 ir taip prailginantis odos jaunatvi\u0161kum\u0105.<\/p>\n","protected":false},"featured_media":5254,"comment_status":"open","ping_status":"closed","template":"","meta":{"_monsterinsights_skip_tracking":false,"_monsterinsights_sitenote_active":false,"_monsterinsights_sitenote_note":"","_monsterinsights_sitenote_category":0,"_uf_show_specific_survey":0,"_uf_disable_surveys":false},"product_cat":[385],"product_tag":[369],"class_list":{"0":"post-4499","1":"product","2":"type-product","3":"status-publish","4":"has-post-thumbnail","6":"product_cat-naturalus-aliejai","7":"product_tag-simmondsia-chinensis-jojoba-seed-oil","8":"pa_brands-nefertiti-lt","10":"first","11":"instock","12":"shipping-taxable","13":"purchasable","14":"product-type-variable"},"aioseo_notices":[],"jetpack_sharing_enabled":true,"_links":{"self":[{"href":"https:\/\/shopnillu.com\/lt\/wp-json\/wp\/v2\/product\/4499","targetHints":{"allow":["GET"]}}],"collection":[{"href":"https:\/\/shopnillu.com\/lt\/wp-json\/wp\/v2\/product"}],"about":[{"href":"https:\/\/shopnillu.com\/lt\/wp-json\/wp\/v2\/types\/product"}],"replies":[{"embeddable":true,"href":"https:\/\/shopnillu.com\/lt\/wp-json\/wp\/v2\/comments?post=4499"}],"version-history":[{"count":3,"href":"https:\/\/shopnillu.com\/lt\/wp-json\/wp\/v2\/product\/4499\/revisions"}],"predecessor-version":[{"id":4511,"href":"https:\/\/shopnillu.com\/lt\/wp-json\/wp\/v2\/product\/4499\/revisions\/4511"}],"wp:featuredmedia":[{"embeddable":true,"href":"https:\/\/shopnillu.com\/lt\/wp-json\/wp\/v2\/media\/5254"}],"wp:attachment":[{"href":"https:\/\/shopnillu.com\/lt\/wp-json\/wp\/v2\/media?parent=4499"}],"wp:term":[{"taxonomy":"product_cat","embeddable":true,"href":"https:\/\/shopnillu.com\/lt\/wp-json\/wp\/v2\/product_cat?post=4499"},{"taxonomy":"product_tag","embeddable":true,"href":"https:\/\/shopnillu.com\/lt\/wp-json\/wp\/v2\/product_tag?post=4499"}],"curies":[{"name":"wp","href":"https:\/\/api.w.org\/{rel}","templated":true}]}}