{"id":4513,"date":"2024-04-27T22:23:28","date_gmt":"2024-04-27T19:23:28","guid":{"rendered":"https:\/\/shopnillu.com\/?post_type=product&#038;p=4513"},"modified":"2026-03-01T03:43:35","modified_gmt":"2026-03-01T01:43:35","slug":"nefertiti-alaviju-losijonas","status":"publish","type":"product","link":"https:\/\/shopnillu.com\/lt\/produktas\/nefertiti-alaviju-losijonas\/","title":{"rendered":"Nefertiti Alavij\u0173 losjonas"},"content":{"rendered":"<p><span class=\"OYPEnA font-feature-liga-off font-feature-clig-off font-feature-calt-off text-decoration-none text-strikethrough-none\">Alavijas yra antioksidantas, stabdantis oksidacijos proces\u0105 l\u0105stel\u0117se ir l\u0117tinantis j\u0173 sunaikinim\u0105, taip l\u0117tinantis odos sen\u0117jim\u0105. Jis prasiskverbia \u012f od\u0105 4 kartus grei\u010diau nei vanduo, tod\u0117l giliai dr\u0117kina ir apsaugo nuo dehidratacijos, i\u0161laikydamas optimal\u0173 dr\u0117gm\u0117s kiek\u012f epidermio sluoksniuose.<\/span><\/p>\n<p class=\"cvGsUA direction-ltr align-justify para-style-body\"><span class=\"OYPEnA font-feature-liga-off font-feature-clig-off font-feature-calt-off text-decoration-none text-strikethrough-none\">Alavij\u0173 ekstrakto losjonas apsaugo, atkurdamas nat\u016bral\u0173 odos barjer\u0105, kuris d\u0117l pager\u0117jusios kraujotakos sukuria geresn\u012f atsparum\u0105 neigiamiems i\u0161or\u0117s veiksniams. Alavijas greitai susigeria, bet tuo pa\u010diu sukuria nematom\u0105 odos barjer\u0105, kuris vis\u0105 dien\u0105 puikiai apsaugo nuo v\u0117jo ir kit\u0173 i\u0161orini\u0173 dirgikli\u0173. Jau po pirmo naudojimo oda atrodo gaivesn\u0117, nes gaus vitamin\u0173, antioksidant\u0173 ir reikiamos dr\u0117gm\u0117s.<\/span><\/p>\n<p class=\"cvGsUA direction-ltr align-justify para-style-body\"><span class=\"OYPEnA font-feature-liga-off font-feature-clig-off font-feature-calt-off text-decoration-none text-strikethrough-none\">Tinka visiems odos tipams.<\/span><\/p>\n<p><strong>Sud\u0117tis:<\/strong> Aqua, Aloe Barbadensis (aloe vera) Extract, Glycerin, Butyrospermum Parkii (Shea) Butter, Isopropyl Myristate, Cetearyl Alcohol, Tocopherol (Vitamin E), Panthenol, PEG-100 Stearate, Glyceryl Stearate, Propylene Glycol, Parfum, Argania Spinosa Kernel (Argan) Oil, Olea Europaea Fruit (Olive) Oil, Cocos Nucifera (Coconut) Oil, Prunus Amygdalus Dulcis (Sweet Almond) Oil, Simmondsia Chinensis (Jojoba) Seed Oil, Nigella Sativa Seed (Black Seed) Oil, Phenoxyethanol, BHT, Chamomilla Recutita Extract, Camel Milk Extract, Calendula Officinalis Flower Extract, Glycyrrhiza Glabra Root Extract, Dimethicone, Caprylic, Niacinamide (Vitamin B3), Xanthan Gum, Allantoin, Hyaluronic acid<\/p>\n","protected":false},"excerpt":{"rendered":"<p><span class=\"OYPEnA font-feature-liga-off font-feature-clig-off font-feature-calt-off text-decoration-none text-strikethrough-none\">Alavij\u0173 sud\u0117tyje yra subalansuota biologi\u0161kai aktyvi\u0173 med\u017eiag\u0173 grup\u0117 \u2013 organin\u0117s r\u016bg\u0161tys padeda i\u0161laikyti od\u0105 jaunatvi\u0161k\u0105, taninai yra pasi\u017eymi antimikrobin\u0117mis savyb\u0117mis, pektinas padeda dr\u0117kinti dehidratuot\u0105 od\u0105, o alantoinas turi dvigub\u0105 poveik\u012f odai: mink\u0161tina ragin\u012f sluoksn\u012f, skatina negyv\u0173 l\u0105steli\u0173 atsiskyrim\u0105 ir skatina audini\u0173 regeneracij\u0105. Sutraukia poras, mink\u0161tina od\u0105, \u012fskaitant suskeld\u0117jusi\u0105 ar nudegusi\u0105 od\u0105, vitamin\u0173 kompleksas (A, C, E grup\u0117s vitamin\u0173 B), folio r\u016bg\u0161tis, mineralai \u2013 kalcis, kalis, natris, cinkas, varis, chromas, selenas maitina l\u0105steles ir suteikia antistresin\u012f barjer\u0105.<\/span><\/p>\n","protected":false},"featured_media":5250,"comment_status":"open","ping_status":"closed","template":"","meta":{"_monsterinsights_skip_tracking":false,"_monsterinsights_sitenote_active":false,"_monsterinsights_sitenote_note":"","_monsterinsights_sitenote_category":0,"_uf_show_specific_survey":0,"_uf_disable_surveys":false},"product_cat":[214,213],"product_tag":[428,409,189,324,301,410,422,421,425,323,420,416,424,325,414,423,429,411,426,418,304,326,216,413,419,415,417,369,412,427],"class_list":{"0":"post-4513","1":"product","2":"type-product","3":"status-publish","4":"has-post-thumbnail","6":"product_cat-kuno-kremai-ir-tonikai","7":"product_cat-kuno-prieziura","8":"product_tag-allantoin-lt","9":"product_tag-aloe-barbadensis-aloe-vera-extract-lt","10":"product_tag-aqua-lt","11":"product_tag-argania-spinosa-kernel-argan-oil-lt","12":"product_tag-bht-lt","13":"product_tag-butyrospermum-parkii-shea-butter-lt","14":"product_tag-calendula-officinalis-flower-extract-lt","15":"product_tag-camel-milk-extract-lt","16":"product_tag-caprylic-lt","17":"product_tag-cetearyl-alcohol-lt","18":"product_tag-chamomilla-recutita-extract-lt","19":"product_tag-cocos-nucifera-coconut-oil-lt","20":"product_tag-dimethicone-lt","21":"product_tag-glycerin-lt","22":"product_tag-glyceryl-stearate-lt","23":"product_tag-glycyrrhiza-glabra-root-extract-lt","24":"product_tag-hyaluronic-acid-lt","25":"product_tag-isopropyl-myristate-lt","26":"product_tag-niacinamide-vitamin-b3-lt","27":"product_tag-nigella-sativa-seed-black-seed-oil-lt","28":"product_tag-olea-europaea-fruit-olive-oil-lt","29":"product_tag-panthenol-lt","30":"product_tag-parfum-lt","31":"product_tag-peg-100-stearate-lt","32":"product_tag-phenoxyethanol-lt","33":"product_tag-propylene-glycol-lt","34":"product_tag-prunus-amygdalus-dulcis-sweet-almond-oil-lt","35":"product_tag-simmondsia-chinensis-jojoba-seed-oil","36":"product_tag-tocopherol-vitamin-e-lt","37":"product_tag-xanthan-gum-lt","38":"pa_brands-nefertiti-lt","40":"first","41":"instock","42":"shipping-taxable","43":"purchasable","44":"product-type-simple"},"aioseo_notices":[],"jetpack_sharing_enabled":true,"_links":{"self":[{"href":"https:\/\/shopnillu.com\/lt\/wp-json\/wp\/v2\/product\/4513","targetHints":{"allow":["GET"]}}],"collection":[{"href":"https:\/\/shopnillu.com\/lt\/wp-json\/wp\/v2\/product"}],"about":[{"href":"https:\/\/shopnillu.com\/lt\/wp-json\/wp\/v2\/types\/product"}],"replies":[{"embeddable":true,"href":"https:\/\/shopnillu.com\/lt\/wp-json\/wp\/v2\/comments?post=4513"}],"version-history":[{"count":5,"href":"https:\/\/shopnillu.com\/lt\/wp-json\/wp\/v2\/product\/4513\/revisions"}],"predecessor-version":[{"id":5286,"href":"https:\/\/shopnillu.com\/lt\/wp-json\/wp\/v2\/product\/4513\/revisions\/5286"}],"wp:featuredmedia":[{"embeddable":true,"href":"https:\/\/shopnillu.com\/lt\/wp-json\/wp\/v2\/media\/5250"}],"wp:attachment":[{"href":"https:\/\/shopnillu.com\/lt\/wp-json\/wp\/v2\/media?parent=4513"}],"wp:term":[{"taxonomy":"product_cat","embeddable":true,"href":"https:\/\/shopnillu.com\/lt\/wp-json\/wp\/v2\/product_cat?post=4513"},{"taxonomy":"product_tag","embeddable":true,"href":"https:\/\/shopnillu.com\/lt\/wp-json\/wp\/v2\/product_tag?post=4513"}],"curies":[{"name":"wp","href":"https:\/\/api.w.org\/{rel}","templated":true}]}}