{"id":4538,"date":"2024-05-01T17:30:50","date_gmt":"2024-05-01T14:30:50","guid":{"rendered":"https:\/\/shopnillu.com\/?post_type=product&#038;p=4538"},"modified":"2026-04-30T08:06:08","modified_gmt":"2026-04-30T05:06:08","slug":"nefertiti-kremas-nuo-skausmo","status":"publish","type":"product","link":"https:\/\/shopnillu.com\/lt\/produktas\/nefertiti-kremas-nuo-skausmo\/","title":{"rendered":"NEFERTITI KREMAS NUO SKAUSMO"},"content":{"rendered":"<p><strong>Indikacijos naudojimui:<\/strong><br \/>\n&#8211; S\u0105nari\u0173 u\u017edegimin\u0117s ligos (artritas, poliartritas, artroz\u0117, podagra, osteochondroz\u0117).<br \/>\n&#8211; S\u0117dimojo nervo u\u017edegimas, nugaros juosmenin\u0117s ir apatin\u0117s dalies (str\u0117n\u0173) skausmas.<br \/>\n&#8211; Sausgysli\u0173 u\u017edegimas, bursitas, mink\u0161t\u0173j\u0173 audini\u0173 pa\u017eeidimai, neuralgija, mialgija.<br \/>\n&#8211; Sportin\u0117s traumos (patempimai, rai\u0161\u010di\u0173 ply\u0161imai, m\u0117lyn\u0117s).<br \/>\n&#8211; Raumen\u0173 skausmai ir m\u0117\u0161lungis.<br \/>\n&#8211; Nuovargis esant dideliam fiziniam kr\u016bviui.<\/p>\n<p><strong>Sud\u0117tis:<\/strong> Aqua, Citrullus Colocynthis Oil, Butyrospermum Parkii (Shea) Butter, Glycerin, Isopropyl myristate, Cetearyl alcohol, Tocopherol (Vitamin E), Panthenol, Propylene glycol, PEG-100 Stearate, Glyceryl stearate, Argania Spinosa Kernel (Argan) Oil, Olea Europaea Fruit (Olive) Oil, Cocos Nucifera (Coconut) Oil, Prunus Amygdalus Dulcis (Sweet almond) Oil, Simmondsia Chinensis (Jojoba) Seed Oil, Nigella Sativa Seed Oil, Phenoxyethanol, BHT, The Chamomilla Recutita Extract, Calendula Officinalis Flower Extract, Glycyrrhiza Glabra Root Extract, Dimethicone, Caprylic\/Capric Triglyceride, Niacinamide, Allantoin, Xanthan gum, Hyaluronic acid<\/p>\n","protected":false},"excerpt":{"rendered":"<p>Kremas susideda i\u0161 nat\u016brali\u0173 ir eterini\u0173 aliej\u0173. Veiksmingai ma\u017eina skausm\u0105 ir u\u017edegim\u0105 s\u0105nariuose bei raumenyse.<\/p>\n","protected":false},"featured_media":5252,"comment_status":"open","ping_status":"closed","template":"","meta":{"_monsterinsights_skip_tracking":false,"_monsterinsights_sitenote_active":false,"_monsterinsights_sitenote_note":"","_monsterinsights_sitenote_category":0,"_uf_show_specific_survey":0,"_uf_disable_surveys":false},"product_cat":[243],"product_tag":[428,189,324,301,410,422,323,572,568,416,424,325,414,423,429,411,567,569,570,304,326,413,419,415,417,369,412,427],"class_list":{"0":"post-4538","1":"product","2":"type-product","3":"status-publish","4":"has-post-thumbnail","6":"product_cat-skausmo-mazinimui","7":"product_tag-allantoin-lt","8":"product_tag-aqua-lt","9":"product_tag-argania-spinosa-kernel-argan-oil-lt","10":"product_tag-bht-lt","11":"product_tag-butyrospermum-parkii-shea-butter-lt","12":"product_tag-calendula-officinalis-flower-extract-lt","13":"product_tag-cetearyl-alcohol-lt","14":"product_tag-chamomilla-recutita-ekstraktas","15":"product_tag-citrullus-colocynthis-aliejus","16":"product_tag-cocos-nucifera-coconut-oil-lt","17":"product_tag-dimethicone-lt","18":"product_tag-glycerin-lt","19":"product_tag-glyceryl-stearate-lt","20":"product_tag-glycyrrhiza-glabra-root-extract-lt","21":"product_tag-hyaluronic-acid-lt","22":"product_tag-isopropyl-myristate-lt","23":"product_tag-kaprilu-kaprino-trigliceridas","24":"product_tag-niacinamidas","25":"product_tag-nigella-sativa-seklu-aliejus","26":"product_tag-olea-europaea-fruit-olive-oil-lt","27":"product_tag-panthenol-lt","28":"product_tag-peg-100-stearate-lt","29":"product_tag-phenoxyethanol-lt","30":"product_tag-propylene-glycol-lt","31":"product_tag-prunus-amygdalus-dulcis-sweet-almond-oil-lt","32":"product_tag-simmondsia-chinensis-jojoba-seed-oil","33":"product_tag-tocopherol-vitamin-e-lt","34":"product_tag-xanthan-gum-lt","35":"pa_brands-nefertiti-lt","37":"first","38":"instock","39":"shipping-taxable","40":"purchasable","41":"product-type-simple"},"aioseo_notices":[],"jetpack_sharing_enabled":true,"_links":{"self":[{"href":"https:\/\/shopnillu.com\/lt\/wp-json\/wp\/v2\/product\/4538","targetHints":{"allow":["GET"]}}],"collection":[{"href":"https:\/\/shopnillu.com\/lt\/wp-json\/wp\/v2\/product"}],"about":[{"href":"https:\/\/shopnillu.com\/lt\/wp-json\/wp\/v2\/types\/product"}],"replies":[{"embeddable":true,"href":"https:\/\/shopnillu.com\/lt\/wp-json\/wp\/v2\/comments?post=4538"}],"version-history":[{"count":5,"href":"https:\/\/shopnillu.com\/lt\/wp-json\/wp\/v2\/product\/4538\/revisions"}],"predecessor-version":[{"id":5288,"href":"https:\/\/shopnillu.com\/lt\/wp-json\/wp\/v2\/product\/4538\/revisions\/5288"}],"wp:featuredmedia":[{"embeddable":true,"href":"https:\/\/shopnillu.com\/lt\/wp-json\/wp\/v2\/media\/5252"}],"wp:attachment":[{"href":"https:\/\/shopnillu.com\/lt\/wp-json\/wp\/v2\/media?parent=4538"}],"wp:term":[{"taxonomy":"product_cat","embeddable":true,"href":"https:\/\/shopnillu.com\/lt\/wp-json\/wp\/v2\/product_cat?post=4538"},{"taxonomy":"product_tag","embeddable":true,"href":"https:\/\/shopnillu.com\/lt\/wp-json\/wp\/v2\/product_tag?post=4538"}],"curies":[{"name":"wp","href":"https:\/\/api.w.org\/{rel}","templated":true}]}}