{"id":4796,"date":"2024-09-06T17:26:52","date_gmt":"2024-09-06T14:26:52","guid":{"rendered":"https:\/\/shopnillu.com\/?post_type=product&#038;p=4796"},"modified":"2025-11-29T00:00:12","modified_gmt":"2025-11-28T22:00:12","slug":"areej-calm-duso-zele","status":"publish","type":"product","link":"https:\/\/shopnillu.com\/lt\/produktas\/areej-calm-duso-zele\/","title":{"rendered":"Areej Calm du\u0161o \u017eel\u0117"},"content":{"rendered":"<p>\u0160i \u0161velni formul\u0117 valo ir maitina od\u0105, palikdama j\u0105 mink\u0161t\u0105, \u0161velni\u0105 ir lengvai kvepian\u010di\u0105 \u0161iltu, jaukiu aromatu. Puikiai tinka atpalaiduojan\u010diai du\u0161o rutinai.<br \/>\nTinka visiems odos tipams.<\/p>\n<p><strong>Ingredientai<\/strong>: Aqua, Sodium Laureth Sulphate, Cocamidopropyl Betaine, Cocamide DEA, Glycerin, Phenoxy Ethanol, Vanilla Planifolia Fruit Extract<\/p>\n","protected":false},"excerpt":{"rendered":"<p>Patirkite ramyb\u0119 su du\u0161o \u017eele, praturtinta raminan\u010diu vanil\u0117s ekstraktu.<\/p>\n","protected":false},"featured_media":4801,"comment_status":"open","ping_status":"closed","template":"","meta":{"_monsterinsights_skip_tracking":false,"_monsterinsights_sitenote_active":false,"_monsterinsights_sitenote_note":"","_monsterinsights_sitenote_category":0,"_uf_show_specific_survey":0,"_uf_disable_surveys":false},"product_cat":[454,213],"product_tag":[189,446,445,325,447,444,448],"class_list":{"0":"post-4796","1":"product","2":"type-product","3":"status-publish","4":"has-post-thumbnail","6":"product_cat-duso-zele","7":"product_cat-kuno-prieziura","8":"product_tag-aqua-lt","9":"product_tag-cocamide-dea-lt","10":"product_tag-cocamidopropyl-betaine-lt","11":"product_tag-glycerin-lt","12":"product_tag-phenoxy-ethanol-lt","13":"product_tag-sodium-laureth-sulphate-lt","14":"product_tag-vanilla-planifolia-fruit-extract-lt","15":"pa_brands-areej-aromatherapy-lt","17":"first","18":"instock","19":"shipping-taxable","20":"purchasable","21":"product-type-simple"},"aioseo_notices":[],"jetpack_sharing_enabled":true,"_links":{"self":[{"href":"https:\/\/shopnillu.com\/lt\/wp-json\/wp\/v2\/product\/4796","targetHints":{"allow":["GET"]}}],"collection":[{"href":"https:\/\/shopnillu.com\/lt\/wp-json\/wp\/v2\/product"}],"about":[{"href":"https:\/\/shopnillu.com\/lt\/wp-json\/wp\/v2\/types\/product"}],"replies":[{"embeddable":true,"href":"https:\/\/shopnillu.com\/lt\/wp-json\/wp\/v2\/comments?post=4796"}],"version-history":[{"count":3,"href":"https:\/\/shopnillu.com\/lt\/wp-json\/wp\/v2\/product\/4796\/revisions"}],"predecessor-version":[{"id":5268,"href":"https:\/\/shopnillu.com\/lt\/wp-json\/wp\/v2\/product\/4796\/revisions\/5268"}],"wp:featuredmedia":[{"embeddable":true,"href":"https:\/\/shopnillu.com\/lt\/wp-json\/wp\/v2\/media\/4801"}],"wp:attachment":[{"href":"https:\/\/shopnillu.com\/lt\/wp-json\/wp\/v2\/media?parent=4796"}],"wp:term":[{"taxonomy":"product_cat","embeddable":true,"href":"https:\/\/shopnillu.com\/lt\/wp-json\/wp\/v2\/product_cat?post=4796"},{"taxonomy":"product_tag","embeddable":true,"href":"https:\/\/shopnillu.com\/lt\/wp-json\/wp\/v2\/product_tag?post=4796"}],"curies":[{"name":"wp","href":"https:\/\/api.w.org\/{rel}","templated":true}]}}