{"id":4806,"date":"2024-09-06T17:36:22","date_gmt":"2024-09-06T14:36:22","guid":{"rendered":"https:\/\/shopnillu.com\/?post_type=product&#038;p=4806"},"modified":"2025-11-29T00:00:12","modified_gmt":"2025-11-28T22:00:12","slug":"areej-relax-duso-zele","status":"publish","type":"product","link":"https:\/\/shopnillu.com\/lt\/produktas\/areej-relax-duso-zele\/","title":{"rendered":"Areej Relax du\u0161o \u017eel\u0117"},"content":{"rendered":"<p>\u0160i \u0161velni formul\u0117 \u0161velniai valo od\u0105, pad\u0117dama suma\u017einti \u012ftamp\u0105, palikdama od\u0105 mink\u0161t\u0105, o poj\u016b\u010dius atgaivintus levand\u0173 ramyb\u0117s kvapu. Puikiai tinka atpalaiduojan\u010diai du\u0161o patir\u010diai ryte ir vakare.<br \/>\nTinka visiems odos tipams<\/p>\n<p><strong>Ingredientai<\/strong>: Aqua, Sodium Laureth Sulphate, Cocamidopropyl Betaine, Cocamide DEA, Glycerin, Lavender Essential Oil, Sodium Chloride, Phenoxy Ethanol<\/p>\n","protected":false},"excerpt":{"rendered":"<p>Atsipalaiduokite su du\u0161o \u017eele \u201eRelax\u201c, praturtinta raminamuoju levand\u0173 eteriniu aliejumi.<\/p>\n","protected":false},"featured_media":4813,"comment_status":"open","ping_status":"closed","template":"","meta":{"_monsterinsights_skip_tracking":false,"_monsterinsights_sitenote_active":false,"_monsterinsights_sitenote_note":"","_monsterinsights_sitenote_category":0,"_uf_show_specific_survey":0,"_uf_disable_surveys":false},"product_cat":[454,213],"product_tag":[189,446,445,325,450,447,451,444],"class_list":{"0":"post-4806","1":"product","2":"type-product","3":"status-publish","4":"has-post-thumbnail","6":"product_cat-duso-zele","7":"product_cat-kuno-prieziura","8":"product_tag-aqua-lt","9":"product_tag-cocamide-dea-lt","10":"product_tag-cocamidopropyl-betaine-lt","11":"product_tag-glycerin-lt","12":"product_tag-lavender-essential-oil-lt","13":"product_tag-phenoxy-ethanol-lt","14":"product_tag-sodium-chloride-lt","15":"product_tag-sodium-laureth-sulphate-lt","16":"pa_brands-areej-aromatherapy-lt","18":"first","19":"instock","20":"shipping-taxable","21":"purchasable","22":"product-type-simple"},"aioseo_notices":[],"jetpack_sharing_enabled":true,"_links":{"self":[{"href":"https:\/\/shopnillu.com\/lt\/wp-json\/wp\/v2\/product\/4806","targetHints":{"allow":["GET"]}}],"collection":[{"href":"https:\/\/shopnillu.com\/lt\/wp-json\/wp\/v2\/product"}],"about":[{"href":"https:\/\/shopnillu.com\/lt\/wp-json\/wp\/v2\/types\/product"}],"replies":[{"embeddable":true,"href":"https:\/\/shopnillu.com\/lt\/wp-json\/wp\/v2\/comments?post=4806"}],"version-history":[{"count":3,"href":"https:\/\/shopnillu.com\/lt\/wp-json\/wp\/v2\/product\/4806\/revisions"}],"predecessor-version":[{"id":5282,"href":"https:\/\/shopnillu.com\/lt\/wp-json\/wp\/v2\/product\/4806\/revisions\/5282"}],"wp:featuredmedia":[{"embeddable":true,"href":"https:\/\/shopnillu.com\/lt\/wp-json\/wp\/v2\/media\/4813"}],"wp:attachment":[{"href":"https:\/\/shopnillu.com\/lt\/wp-json\/wp\/v2\/media?parent=4806"}],"wp:term":[{"taxonomy":"product_cat","embeddable":true,"href":"https:\/\/shopnillu.com\/lt\/wp-json\/wp\/v2\/product_cat?post=4806"},{"taxonomy":"product_tag","embeddable":true,"href":"https:\/\/shopnillu.com\/lt\/wp-json\/wp\/v2\/product_tag?post=4806"}],"curies":[{"name":"wp","href":"https:\/\/api.w.org\/{rel}","templated":true}]}}