{"id":4818,"date":"2024-09-06T17:43:41","date_gmt":"2024-09-06T14:43:41","guid":{"rendered":"https:\/\/shopnillu.com\/?post_type=product&#038;p=4818"},"modified":"2025-11-29T00:00:12","modified_gmt":"2025-11-28T22:00:12","slug":"areej-detox-duso-zele","status":"publish","type":"product","link":"https:\/\/shopnillu.com\/lt\/produktas\/areej-detox-duso-zele\/","title":{"rendered":"Areej Detox du\u0161o \u017eel\u0117"},"content":{"rendered":"<p>Atgaivinkite savo od\u0105 su \u201eDetox\u201c du\u0161o \u017eele, praturtinta gaivinan\u010diu pipirm\u0117\u010di\u0173 aliejumi. \u0160i \u017eadinanti formul\u0117 giliai valo, pa\u0161alindama ne\u0161varumus, ir palieka od\u0105 v\u0117si\u0105, gaivi\u0105, o jus energingai nusiteikusius. M\u0117tinio kvapo aromatas atgaivina poj\u016b\u010dius, tod\u0117l tai puikus pasirinkimas j\u016bs\u0173 energizuojan\u010diai du\u0161o rutinai.<br \/>\nTinka visiems odos tipams<\/p>\n<p><strong>Ingredientai<\/strong>: Aqua, Sodium Laureth Sulphate, Cocamidopropyl Betaine, Cocamide DEA, Glycerin, Phenoxy Ethanol, Mentha Piperita (Peppermint) Oil<\/p>\n","protected":false},"excerpt":{"rendered":"<p>Atgaivinkite savo od\u0105 su \u201eDetox\u201c du\u0161o \u017eele, praturtinta gaivinan\u010diu pipirm\u0117\u010di\u0173 aliejumi. \u0160i \u017eadinanti formul\u0117 giliai valo, pa\u0161alindama ne\u0161varumus, ir palieka od\u0105 v\u0117si\u0105, gaivi\u0105, o jus energingai nusiteikusius. M\u0117tinio kvapo aromatas atgaivina poj\u016b\u010dius, tod\u0117l tai puikus pasirinkimas j\u016bs\u0173 energizuojan\u010diai du\u0161o rutinai.<\/p>\n","protected":false},"featured_media":4820,"comment_status":"open","ping_status":"closed","template":"","meta":{"_monsterinsights_skip_tracking":false,"_monsterinsights_sitenote_active":false,"_monsterinsights_sitenote_note":"","_monsterinsights_sitenote_category":0,"_uf_show_specific_survey":0,"_uf_disable_surveys":false},"product_cat":[454,213],"product_tag":[189,446,445,325,452,447,444],"class_list":{"0":"post-4818","1":"product","2":"type-product","3":"status-publish","4":"has-post-thumbnail","6":"product_cat-duso-zele","7":"product_cat-kuno-prieziura","8":"product_tag-aqua-lt","9":"product_tag-cocamide-dea-lt","10":"product_tag-cocamidopropyl-betaine-lt","11":"product_tag-glycerin-lt","12":"product_tag-mentha-piperita-peppermint-oil-lt","13":"product_tag-phenoxy-ethanol-lt","14":"product_tag-sodium-laureth-sulphate-lt","15":"pa_brands-areej-aromatherapy-lt","17":"first","18":"instock","19":"shipping-taxable","20":"purchasable","21":"product-type-simple"},"aioseo_notices":[],"jetpack_sharing_enabled":true,"_links":{"self":[{"href":"https:\/\/shopnillu.com\/lt\/wp-json\/wp\/v2\/product\/4818","targetHints":{"allow":["GET"]}}],"collection":[{"href":"https:\/\/shopnillu.com\/lt\/wp-json\/wp\/v2\/product"}],"about":[{"href":"https:\/\/shopnillu.com\/lt\/wp-json\/wp\/v2\/types\/product"}],"replies":[{"embeddable":true,"href":"https:\/\/shopnillu.com\/lt\/wp-json\/wp\/v2\/comments?post=4818"}],"version-history":[{"count":4,"href":"https:\/\/shopnillu.com\/lt\/wp-json\/wp\/v2\/product\/4818\/revisions"}],"predecessor-version":[{"id":5214,"href":"https:\/\/shopnillu.com\/lt\/wp-json\/wp\/v2\/product\/4818\/revisions\/5214"}],"wp:featuredmedia":[{"embeddable":true,"href":"https:\/\/shopnillu.com\/lt\/wp-json\/wp\/v2\/media\/4820"}],"wp:attachment":[{"href":"https:\/\/shopnillu.com\/lt\/wp-json\/wp\/v2\/media?parent=4818"}],"wp:term":[{"taxonomy":"product_cat","embeddable":true,"href":"https:\/\/shopnillu.com\/lt\/wp-json\/wp\/v2\/product_cat?post=4818"},{"taxonomy":"product_tag","embeddable":true,"href":"https:\/\/shopnillu.com\/lt\/wp-json\/wp\/v2\/product_tag?post=4818"}],"curies":[{"name":"wp","href":"https:\/\/api.w.org\/{rel}","templated":true}]}}