{"id":4828,"date":"2024-09-06T17:52:39","date_gmt":"2024-09-06T14:52:39","guid":{"rendered":"https:\/\/shopnillu.com\/?post_type=product&#038;p=4828"},"modified":"2025-12-30T01:19:20","modified_gmt":"2025-12-29T23:19:20","slug":"areej-soothe-rose-kuno-kremas","status":"publish","type":"product","link":"https:\/\/shopnillu.com\/lt\/produktas\/areej-soothe-rose-kuno-kremas\/","title":{"rendered":"Areej Soothe Rose k\u016bno kremas"},"content":{"rendered":"<p>Palepinkite savo od\u0105 su \u201eSoothe Rose\u201c k\u016bno kremu, praturtintu subtilia ro\u017ei\u0173 esencija. \u0160is prabangus kremas giliai dr\u0117kina ir maitina od\u0105, palikdamas j\u0105 mink\u0161t\u0105, glotni\u0105 ir \u0161velniai kvepian\u010di\u0105 subtiliai prabangiu g\u0117li\u0173 aromatu. Puikiai tinka nuraminti saus\u0105 arba jautri\u0105 od\u0105.<\/p>\n<p><strong>Ingredientai<\/strong>: Aqua, Glyceryl Stearate, PEG- 100 Stearate, Simmondsia Chinensis (Jojoba) Seed Oil, Acrylate Crosspolymer, Glycerin, Rosa Centifolia Flower Extract, Phenoxy Ethanol<\/p>\n","protected":false},"excerpt":{"rendered":"<p>Palepinkite savo od\u0105 su \u201eSoothe Rose\u201c k\u016bno kremu, praturtintu subtilia ro\u017ei\u0173 esencija. \u0160is prabangus kremas giliai dr\u0117kina ir maitina od\u0105, palikdamas j\u0105 mink\u0161t\u0105, glotni\u0105 ir \u0161velniai kvepian\u010di\u0105 subtiliai prabangiu g\u0117li\u0173 aromatu. Puikiai tinka nuraminti saus\u0105 arba jautri\u0105 od\u0105.<\/p>\n","protected":false},"featured_media":4833,"comment_status":"open","ping_status":"closed","template":"","meta":{"_monsterinsights_skip_tracking":false,"_monsterinsights_sitenote_active":false,"_monsterinsights_sitenote_note":"","_monsterinsights_sitenote_category":0,"_uf_show_specific_survey":0,"_uf_disable_surveys":false},"product_cat":[214,213],"product_tag":[457,189,325,414,413,447,458,369],"class_list":{"0":"post-4828","1":"product","2":"type-product","3":"status-publish","4":"has-post-thumbnail","6":"product_cat-kuno-kremai-ir-tonikai","7":"product_cat-kuno-prieziura","8":"product_tag-acrylate-crosspolymer-lt","9":"product_tag-aqua-lt","10":"product_tag-glycerin-lt","11":"product_tag-glyceryl-stearate-lt","12":"product_tag-peg-100-stearate-lt","13":"product_tag-phenoxy-ethanol-lt","14":"product_tag-rosa-centifolia-flower-extract-lt","15":"product_tag-simmondsia-chinensis-jojoba-seed-oil","16":"pa_brands-areej-aromatherapy-lt","18":"first","19":"instock","20":"shipping-taxable","21":"purchasable","22":"product-type-simple"},"aioseo_notices":[],"jetpack_sharing_enabled":true,"_links":{"self":[{"href":"https:\/\/shopnillu.com\/lt\/wp-json\/wp\/v2\/product\/4828","targetHints":{"allow":["GET"]}}],"collection":[{"href":"https:\/\/shopnillu.com\/lt\/wp-json\/wp\/v2\/product"}],"about":[{"href":"https:\/\/shopnillu.com\/lt\/wp-json\/wp\/v2\/types\/product"}],"replies":[{"embeddable":true,"href":"https:\/\/shopnillu.com\/lt\/wp-json\/wp\/v2\/comments?post=4828"}],"version-history":[{"count":2,"href":"https:\/\/shopnillu.com\/lt\/wp-json\/wp\/v2\/product\/4828\/revisions"}],"predecessor-version":[{"id":4836,"href":"https:\/\/shopnillu.com\/lt\/wp-json\/wp\/v2\/product\/4828\/revisions\/4836"}],"wp:featuredmedia":[{"embeddable":true,"href":"https:\/\/shopnillu.com\/lt\/wp-json\/wp\/v2\/media\/4833"}],"wp:attachment":[{"href":"https:\/\/shopnillu.com\/lt\/wp-json\/wp\/v2\/media?parent=4828"}],"wp:term":[{"taxonomy":"product_cat","embeddable":true,"href":"https:\/\/shopnillu.com\/lt\/wp-json\/wp\/v2\/product_cat?post=4828"},{"taxonomy":"product_tag","embeddable":true,"href":"https:\/\/shopnillu.com\/lt\/wp-json\/wp\/v2\/product_tag?post=4828"}],"curies":[{"name":"wp","href":"https:\/\/api.w.org\/{rel}","templated":true}]}}