{"id":4838,"date":"2024-09-06T18:00:30","date_gmt":"2024-09-06T15:00:30","guid":{"rendered":"https:\/\/shopnillu.com\/?post_type=product&#038;p=4838"},"modified":"2025-12-30T01:19:20","modified_gmt":"2025-12-29T23:19:20","slug":"areej-calm-vanilla-kuno-kremas","status":"publish","type":"product","link":"https:\/\/shopnillu.com\/lt\/produktas\/areej-calm-vanilla-kuno-kremas\/","title":{"rendered":"Areej Calm Vanilla k\u016bno kremas"},"content":{"rendered":"<p>Palepinkite savo od\u0105 su \u201eCalm Vanilla\u201c k\u016bno kremu, praturtintu raminan\u010dia vanile. \u0160i turtinga, kremin\u0117 formul\u0117 giliai dr\u0117kina ir maitina, palikdama od\u0105 \u0161velniai mink\u0161t\u0105 ir lengvai kvepian\u010di\u0105 \u0161iltu, jaukiu vanil\u0117s aromatu. Idealiai tinka raminti ir lepinti od\u0105, ypa\u010d po ilgos dienos.<\/p>\n<p><strong>Ingredientai<\/strong>: Aqua, Glyceryl Stearate, PEG- 100 Stearate, Simmondsia Chinensis (Jojoba) Seed Oil, Acrylate Crosspolymer, Glycerin, Vanilla Planifolia Fruit Extract, Phenoxy Ethanol<\/p>\n","protected":false},"excerpt":{"rendered":"<p>Palepinkite savo od\u0105 su \u201eCalm Vanilla\u201c k\u016bno kremu, praturtintu raminan\u010dia vanile. \u0160i turtinga, kremin\u0117 formul\u0117 giliai dr\u0117kina ir maitina, palikdama od\u0105 \u0161velniai mink\u0161t\u0105 ir lengvai kvepian\u010di\u0105 \u0161iltu, jaukiu vanil\u0117s aromatu.<\/p>\n","protected":false},"featured_media":4842,"comment_status":"open","ping_status":"closed","template":"","meta":{"_monsterinsights_skip_tracking":false,"_monsterinsights_sitenote_active":false,"_monsterinsights_sitenote_note":"","_monsterinsights_sitenote_category":0,"_uf_show_specific_survey":0,"_uf_disable_surveys":false},"product_cat":[214,213],"product_tag":[457,189,325,414,413,447,369,448],"class_list":{"0":"post-4838","1":"product","2":"type-product","3":"status-publish","4":"has-post-thumbnail","6":"product_cat-kuno-kremai-ir-tonikai","7":"product_cat-kuno-prieziura","8":"product_tag-acrylate-crosspolymer-lt","9":"product_tag-aqua-lt","10":"product_tag-glycerin-lt","11":"product_tag-glyceryl-stearate-lt","12":"product_tag-peg-100-stearate-lt","13":"product_tag-phenoxy-ethanol-lt","14":"product_tag-simmondsia-chinensis-jojoba-seed-oil","15":"product_tag-vanilla-planifolia-fruit-extract-lt","16":"pa_brands-areej-aromatherapy-lt","18":"first","19":"instock","20":"shipping-taxable","21":"purchasable","22":"product-type-simple"},"aioseo_notices":[],"jetpack_sharing_enabled":true,"_links":{"self":[{"href":"https:\/\/shopnillu.com\/lt\/wp-json\/wp\/v2\/product\/4838","targetHints":{"allow":["GET"]}}],"collection":[{"href":"https:\/\/shopnillu.com\/lt\/wp-json\/wp\/v2\/product"}],"about":[{"href":"https:\/\/shopnillu.com\/lt\/wp-json\/wp\/v2\/types\/product"}],"replies":[{"embeddable":true,"href":"https:\/\/shopnillu.com\/lt\/wp-json\/wp\/v2\/comments?post=4838"}],"version-history":[{"count":2,"href":"https:\/\/shopnillu.com\/lt\/wp-json\/wp\/v2\/product\/4838\/revisions"}],"predecessor-version":[{"id":4847,"href":"https:\/\/shopnillu.com\/lt\/wp-json\/wp\/v2\/product\/4838\/revisions\/4847"}],"wp:featuredmedia":[{"embeddable":true,"href":"https:\/\/shopnillu.com\/lt\/wp-json\/wp\/v2\/media\/4842"}],"wp:attachment":[{"href":"https:\/\/shopnillu.com\/lt\/wp-json\/wp\/v2\/media?parent=4838"}],"wp:term":[{"taxonomy":"product_cat","embeddable":true,"href":"https:\/\/shopnillu.com\/lt\/wp-json\/wp\/v2\/product_cat?post=4838"},{"taxonomy":"product_tag","embeddable":true,"href":"https:\/\/shopnillu.com\/lt\/wp-json\/wp\/v2\/product_tag?post=4838"}],"curies":[{"name":"wp","href":"https:\/\/api.w.org\/{rel}","templated":true}]}}