{"id":4849,"date":"2024-09-06T18:07:59","date_gmt":"2024-09-06T15:07:59","guid":{"rendered":"https:\/\/shopnillu.com\/?post_type=product&#038;p=4849"},"modified":"2026-04-27T16:21:32","modified_gmt":"2026-04-27T13:21:32","slug":"areej-relax-lavender-kuno-kremas","status":"publish","type":"product","link":"https:\/\/shopnillu.com\/lt\/produktas\/areej-relax-lavender-kuno-kremas\/","title":{"rendered":"Areej Relax Lavender k\u016bno kremas"},"content":{"rendered":"<p>Atsipalaiduokite su \u201eRelax Lavender\u201c k\u016bno kremu, praturtintu raminan\u010diu levand\u0173 eteriniu aliejumi. \u0160is prabangus kremas suteikia gili\u0105 dr\u0117gm\u0119 ir maitinim\u0105, palikdamas od\u0105 \u0161velni\u0105 ir glotni\u0105. Raminantis levand\u0173 kvapas padeda atsipalaiduoti ir nuraminti k\u016bn\u0105 bei prot\u0105, tod\u0117l tai puikus pasirinkimas j\u016bs\u0173 vakaro rutinai, siekiant ramyb\u0117s ir poilsio.<\/p>\n<p><strong>Ingredientai<\/strong>: Aqua, Glyceryl Stearate, PEG- 100 Stearate, Simmondsia Chinensis (Jojoba) Seed Oil, Acrylate Crosspolymer, Glycerin, Lavender Essential Oil, Phenoxy Ethanol<\/p>\n","protected":false},"excerpt":{"rendered":"<p>Atsipalaiduokite su \u201eRelax Lavender\u201c k\u016bno kremu, praturtintu raminan\u010diu levand\u0173 eteriniu aliejumi. \u0160is prabangus kremas suteikia gili\u0105 dr\u0117gm\u0119 ir maitinim\u0105, palikdamas od\u0105 \u0161velni\u0105 ir glotni\u0105.<\/p>\n","protected":false},"featured_media":4851,"comment_status":"open","ping_status":"closed","template":"","meta":{"_monsterinsights_skip_tracking":false,"_monsterinsights_sitenote_active":false,"_monsterinsights_sitenote_note":"","_monsterinsights_sitenote_category":0,"_uf_show_specific_survey":0,"_uf_disable_surveys":false},"product_cat":[214,213],"product_tag":[457,189,325,414,450,413,447,369],"class_list":{"0":"post-4849","1":"product","2":"type-product","3":"status-publish","4":"has-post-thumbnail","6":"product_cat-kuno-kremai-ir-tonikai","7":"product_cat-kuno-prieziura","8":"product_tag-acrylate-crosspolymer-lt","9":"product_tag-aqua-lt","10":"product_tag-glycerin-lt","11":"product_tag-glyceryl-stearate-lt","12":"product_tag-lavender-essential-oil-lt","13":"product_tag-peg-100-stearate-lt","14":"product_tag-phenoxy-ethanol-lt","15":"product_tag-simmondsia-chinensis-jojoba-seed-oil","16":"pa_brands-areej-aromatherapy-lt","18":"first","19":"instock","20":"shipping-taxable","21":"purchasable","22":"product-type-simple"},"aioseo_notices":[],"jetpack_sharing_enabled":true,"_links":{"self":[{"href":"https:\/\/shopnillu.com\/lt\/wp-json\/wp\/v2\/product\/4849","targetHints":{"allow":["GET"]}}],"collection":[{"href":"https:\/\/shopnillu.com\/lt\/wp-json\/wp\/v2\/product"}],"about":[{"href":"https:\/\/shopnillu.com\/lt\/wp-json\/wp\/v2\/types\/product"}],"replies":[{"embeddable":true,"href":"https:\/\/shopnillu.com\/lt\/wp-json\/wp\/v2\/comments?post=4849"}],"version-history":[{"count":2,"href":"https:\/\/shopnillu.com\/lt\/wp-json\/wp\/v2\/product\/4849\/revisions"}],"predecessor-version":[{"id":4857,"href":"https:\/\/shopnillu.com\/lt\/wp-json\/wp\/v2\/product\/4849\/revisions\/4857"}],"wp:featuredmedia":[{"embeddable":true,"href":"https:\/\/shopnillu.com\/lt\/wp-json\/wp\/v2\/media\/4851"}],"wp:attachment":[{"href":"https:\/\/shopnillu.com\/lt\/wp-json\/wp\/v2\/media?parent=4849"}],"wp:term":[{"taxonomy":"product_cat","embeddable":true,"href":"https:\/\/shopnillu.com\/lt\/wp-json\/wp\/v2\/product_cat?post=4849"},{"taxonomy":"product_tag","embeddable":true,"href":"https:\/\/shopnillu.com\/lt\/wp-json\/wp\/v2\/product_tag?post=4849"}],"curies":[{"name":"wp","href":"https:\/\/api.w.org\/{rel}","templated":true}]}}