{"id":4859,"date":"2024-09-06T18:14:26","date_gmt":"2024-09-06T15:14:26","guid":{"rendered":"https:\/\/shopnillu.com\/?post_type=product&#038;p=4859"},"modified":"2025-12-30T01:19:20","modified_gmt":"2025-12-29T23:19:20","slug":"areej-heal-jasmine-kuno-kremas","status":"publish","type":"product","link":"https:\/\/shopnillu.com\/lt\/produktas\/areej-heal-jasmine-kuno-kremas\/","title":{"rendered":"Areej Heal Jasmine k\u016bno kremas"},"content":{"rendered":"<p>Atgaivinkite savo od\u0105 su \u201eHeal Jasmine\u201c k\u016bno kremu, praturtintu atgaivinan\u010diu jazmin\u0173 eteriniu aliejumi. \u0160is turtingas, maitinantis kremas giliai dr\u0117kina, pad\u0117damas atkurti pavargusi\u0105 od\u0105. I\u0161skirtinis jazmin\u0173 kvapas suteikia raminant\u012f pojut\u012f ir skatina jaustis geriau, tod\u0117l tai puikus pasirinkimas kasdieniam odos lepinimui ir prie\u017ei\u016brai.<\/p>\n<p><strong>Ingredientai<\/strong>: Aqua, Glyceryl Stearate, PEG- 100 Stearate, Simmondsia Chinensis (Jojoba) Seed Oil, Acrylate Crosspolymer, Glycerin, Jasminum Officinale Flower Extract, Phenoxy Ethanol<\/p>\n","protected":false},"excerpt":{"rendered":"<p>Atgaivinkite savo od\u0105 su \u201eHeal Jasmine\u201c k\u016bno kremu, praturtintu atgaivinan\u010diu jazmin\u0173 eteriniu aliejumi. \u0160is turtingas, maitinantis kremas giliai dr\u0117kina, pad\u0117damas atkurti pavargusi\u0105 od\u0105.<\/p>\n","protected":false},"featured_media":4861,"comment_status":"open","ping_status":"closed","template":"","meta":{"_monsterinsights_skip_tracking":false,"_monsterinsights_sitenote_active":false,"_monsterinsights_sitenote_note":"","_monsterinsights_sitenote_category":0,"_uf_show_specific_survey":0,"_uf_disable_surveys":false},"product_cat":[214,213],"product_tag":[457,189,325,414,460,413,447,369],"class_list":{"0":"post-4859","1":"product","2":"type-product","3":"status-publish","4":"has-post-thumbnail","6":"product_cat-kuno-kremai-ir-tonikai","7":"product_cat-kuno-prieziura","8":"product_tag-acrylate-crosspolymer-lt","9":"product_tag-aqua-lt","10":"product_tag-glycerin-lt","11":"product_tag-glyceryl-stearate-lt","12":"product_tag-jasminum-officinale-flower-extract-lt","13":"product_tag-peg-100-stearate-lt","14":"product_tag-phenoxy-ethanol-lt","15":"product_tag-simmondsia-chinensis-jojoba-seed-oil","16":"pa_brands-areej-aromatherapy-lt","18":"first","19":"instock","20":"shipping-taxable","21":"purchasable","22":"product-type-simple"},"aioseo_notices":[],"jetpack_sharing_enabled":true,"_links":{"self":[{"href":"https:\/\/shopnillu.com\/lt\/wp-json\/wp\/v2\/product\/4859","targetHints":{"allow":["GET"]}}],"collection":[{"href":"https:\/\/shopnillu.com\/lt\/wp-json\/wp\/v2\/product"}],"about":[{"href":"https:\/\/shopnillu.com\/lt\/wp-json\/wp\/v2\/types\/product"}],"replies":[{"embeddable":true,"href":"https:\/\/shopnillu.com\/lt\/wp-json\/wp\/v2\/comments?post=4859"}],"version-history":[{"count":2,"href":"https:\/\/shopnillu.com\/lt\/wp-json\/wp\/v2\/product\/4859\/revisions"}],"predecessor-version":[{"id":4867,"href":"https:\/\/shopnillu.com\/lt\/wp-json\/wp\/v2\/product\/4859\/revisions\/4867"}],"wp:featuredmedia":[{"embeddable":true,"href":"https:\/\/shopnillu.com\/lt\/wp-json\/wp\/v2\/media\/4861"}],"wp:attachment":[{"href":"https:\/\/shopnillu.com\/lt\/wp-json\/wp\/v2\/media?parent=4859"}],"wp:term":[{"taxonomy":"product_cat","embeddable":true,"href":"https:\/\/shopnillu.com\/lt\/wp-json\/wp\/v2\/product_cat?post=4859"},{"taxonomy":"product_tag","embeddable":true,"href":"https:\/\/shopnillu.com\/lt\/wp-json\/wp\/v2\/product_tag?post=4859"}],"curies":[{"name":"wp","href":"https:\/\/api.w.org\/{rel}","templated":true}]}}