{"id":4872,"date":"2024-09-06T20:02:54","date_gmt":"2024-09-06T17:02:54","guid":{"rendered":"https:\/\/shopnillu.com\/?post_type=product&#038;p=4872"},"modified":"2025-12-30T01:19:20","modified_gmt":"2025-12-29T23:19:20","slug":"areej-pelargoniju-kuno-sveitikis-glow","status":"publish","type":"product","link":"https:\/\/shopnillu.com\/lt\/produktas\/areej-pelargoniju-kuno-sveitikis-glow\/","title":{"rendered":"Areej Pelargonij\u0173 k\u016bno \u0161veitikis: Glow"},"content":{"rendered":"<p>Atraskite spindin\u010di\u0105 od\u0105 su Pelargonij\u0173 k\u016bno \u0161veitikliu: \u201eGlow\u201c. Praturtintas gaivinan\u010dia pelargonij\u0173 esencija, \u0161is gaivinantis \u0161veitiklis \u0161velniai \u0161vei\u010dia, pa\u0161alindamas negyvas odos l\u0105steles ir ne\u0161varumus. Rezultatas \u2013 lygi oda su nepriekai\u0161tingai spindin\u010diu \u0161vyt\u0117jimu. Praturtintas nat\u016braliais aliejais, \u0161veitiklis taip pat padeda maitinti ir dr\u0117kinti od\u0105, palikdamas j\u0105 atjaun\u0117jusi\u0105 ir gaivi\u0105. Puikiai tinka norint pasiekti spindin\u010di\u0105, sveik\u0105 i\u0161vaizd\u0105.<\/p>\n<p><strong>Ingredientai<\/strong>: Simmondsia Chinensis (Jojoba) Seed Oil, Pelargonium Graveolens (Geranium) Essential Oil, Prunus Amygdalus Dulcis (Sweet Almond) Oil, Cera Alba (Beeswax), Butyrospermum Parkii (Shea) Butter, Olea Europaea (Olive) Fruit Oil, Cocos Nucifera (Coconut) Oil, Rosmarinus Officinalis (Rosemary) Leaf Oil, Tocopherol (Vitamin E), Sodium Chloride (Sea salt)<\/p>\n","protected":false},"excerpt":{"rendered":"<p>Atraskite spindin\u010di\u0105 od\u0105 su Pelargonij\u0173 k\u016bno \u0161veitikliu: \u201eGlow\u201c. Praturtintas gaivinan\u010dia pelargonij\u0173 esencija, \u0161is gaivinantis \u0161veitiklis \u0161velniai \u0161vei\u010dia, pa\u0161alindamas negyvas odos l\u0105steles ir ne\u0161varumus.<\/p>\n","protected":false},"featured_media":4874,"comment_status":"open","ping_status":"closed","template":"","meta":{"_monsterinsights_skip_tracking":false,"_monsterinsights_sitenote_active":false,"_monsterinsights_sitenote_note":"","_monsterinsights_sitenote_category":0,"_uf_show_specific_survey":0,"_uf_disable_surveys":false},"product_cat":[213,462],"product_tag":[410,467,416,468,466,417,469,369,470,412],"class_list":{"0":"post-4872","1":"product","2":"type-product","3":"status-publish","4":"has-post-thumbnail","6":"product_cat-kuno-prieziura","7":"product_cat-kuno-sveitikliai","8":"product_tag-butyrospermum-parkii-shea-butter-lt","9":"product_tag-cera-alba-beeswax-lt","10":"product_tag-cocos-nucifera-coconut-oil-lt","11":"product_tag-olea-europaea-olive-fruit-oil-lt","12":"product_tag-pelargonium-graveolens-geranium-essential-oil-lt","13":"product_tag-prunus-amygdalus-dulcis-sweet-almond-oil-lt","14":"product_tag-rosmarinus-officinalis-rosemary-leaf-oil-lt","15":"product_tag-simmondsia-chinensis-jojoba-seed-oil","16":"product_tag-sodium-chloride-sea-salt-lt","17":"product_tag-tocopherol-vitamin-e-lt","18":"pa_brands-areej-aromatherapy-lt","20":"first","21":"instock","22":"shipping-taxable","23":"purchasable","24":"product-type-simple"},"aioseo_notices":[],"jetpack_sharing_enabled":true,"_links":{"self":[{"href":"https:\/\/shopnillu.com\/lt\/wp-json\/wp\/v2\/product\/4872","targetHints":{"allow":["GET"]}}],"collection":[{"href":"https:\/\/shopnillu.com\/lt\/wp-json\/wp\/v2\/product"}],"about":[{"href":"https:\/\/shopnillu.com\/lt\/wp-json\/wp\/v2\/types\/product"}],"replies":[{"embeddable":true,"href":"https:\/\/shopnillu.com\/lt\/wp-json\/wp\/v2\/comments?post=4872"}],"version-history":[{"count":2,"href":"https:\/\/shopnillu.com\/lt\/wp-json\/wp\/v2\/product\/4872\/revisions"}],"predecessor-version":[{"id":4880,"href":"https:\/\/shopnillu.com\/lt\/wp-json\/wp\/v2\/product\/4872\/revisions\/4880"}],"wp:featuredmedia":[{"embeddable":true,"href":"https:\/\/shopnillu.com\/lt\/wp-json\/wp\/v2\/media\/4874"}],"wp:attachment":[{"href":"https:\/\/shopnillu.com\/lt\/wp-json\/wp\/v2\/media?parent=4872"}],"wp:term":[{"taxonomy":"product_cat","embeddable":true,"href":"https:\/\/shopnillu.com\/lt\/wp-json\/wp\/v2\/product_cat?post=4872"},{"taxonomy":"product_tag","embeddable":true,"href":"https:\/\/shopnillu.com\/lt\/wp-json\/wp\/v2\/product_tag?post=4872"}],"curies":[{"name":"wp","href":"https:\/\/api.w.org\/{rel}","templated":true}]}}