{"id":4882,"date":"2024-09-06T20:11:53","date_gmt":"2024-09-06T17:11:53","guid":{"rendered":"https:\/\/shopnillu.com\/?post_type=product&#038;p=4882"},"modified":"2025-12-30T01:19:19","modified_gmt":"2025-12-29T23:19:19","slug":"areej-levandu-kuno-sveitikis-shine","status":"publish","type":"product","link":"https:\/\/shopnillu.com\/lt\/produktas\/areej-levandu-kuno-sveitikis-shine\/","title":{"rendered":"Areej Levand\u0173 k\u016bno \u0161veitiklis: Shine"},"content":{"rendered":"<p>\u0160vyt\u0117kite su Levand\u0173 k\u016bno \u0161veitikliu: \u201eShine\u201c, praturtintu raminan\u010diu levand\u0173 eteriniu aliejumi ir nat\u016bralia j\u016bros druska. \u0160is prabangus \u0161veitiklis \u0161velniai \u0161vei\u010dia, pa\u0161alindamas negyvas odos l\u0105steles ir ne\u0161varumus, o raminantis levand\u0173 kvapas atpalaiduoja. J\u016bros druska padeda atjauninti ir gaivinti od\u0105, palikdama j\u0105 lygi\u0105 ir \u0161vytin\u010di\u0105. Puikiai tinka atgaivinan\u010dioms proced\u016broms, kuris pabr\u0117\u0161 j\u016bs\u0173 nat\u016bral\u0173 \u0161vyt\u0117jim\u0105.<\/p>\n<p><strong>Ingredientai<\/strong>: Simmondsia Chinensis (Jojoba) Seed Oil, Lavandula Angustifolia Oil (Lavender Essential Oil), Prunus Amygdalus Dulcis (Sweet Almond) Oil, Butyrospermum Parkii (Shea) Butter, Olea Europaea (Olive) Fruit Oil, Cocos Nucifera (Coconut) Oil, Rosmarinus Officinalis (Rosemary) Leaf Oil, Tocopherol (Vitamin E), Sodium Chloride (Sea salt)<\/p>\n","protected":false},"excerpt":{"rendered":"<p>\u0160vyt\u0117kite su Levand\u0173 k\u016bno \u0161veitikliu: \u201eShine\u201c, praturtintu raminan\u010diu levand\u0173 eteriniu aliejumi ir nat\u016bralia j\u016bros druska. \u0160is prabangus \u0161veitiklis \u0161velniai \u0161vei\u010dia, pa\u0161alindamas negyvas odos l\u0105steles ir ne\u0161varumus, o raminantis levand\u0173 kvapas atpalaiduoja.<\/p>\n","protected":false},"featured_media":4888,"comment_status":"open","ping_status":"closed","template":"","meta":{"_monsterinsights_skip_tracking":false,"_monsterinsights_sitenote_active":false,"_monsterinsights_sitenote_note":"","_monsterinsights_sitenote_category":0,"_uf_show_specific_survey":0,"_uf_disable_surveys":false},"product_cat":[213,462],"product_tag":[410,416,472,468,417,469,369,470,412],"class_list":{"0":"post-4882","1":"product","2":"type-product","3":"status-publish","4":"has-post-thumbnail","6":"product_cat-kuno-prieziura","7":"product_cat-kuno-sveitikliai","8":"product_tag-butyrospermum-parkii-shea-butter-lt","9":"product_tag-cocos-nucifera-coconut-oil-lt","10":"product_tag-lavandula-angustifolia-oil-lavender-essential-oil-lt","11":"product_tag-olea-europaea-olive-fruit-oil-lt","12":"product_tag-prunus-amygdalus-dulcis-sweet-almond-oil-lt","13":"product_tag-rosmarinus-officinalis-rosemary-leaf-oil-lt","14":"product_tag-simmondsia-chinensis-jojoba-seed-oil","15":"product_tag-sodium-chloride-sea-salt-lt","16":"product_tag-tocopherol-vitamin-e-lt","17":"pa_brands-areej-aromatherapy-lt","19":"first","20":"instock","21":"shipping-taxable","22":"purchasable","23":"product-type-simple"},"aioseo_notices":[],"jetpack_sharing_enabled":true,"_links":{"self":[{"href":"https:\/\/shopnillu.com\/lt\/wp-json\/wp\/v2\/product\/4882","targetHints":{"allow":["GET"]}}],"collection":[{"href":"https:\/\/shopnillu.com\/lt\/wp-json\/wp\/v2\/product"}],"about":[{"href":"https:\/\/shopnillu.com\/lt\/wp-json\/wp\/v2\/types\/product"}],"replies":[{"embeddable":true,"href":"https:\/\/shopnillu.com\/lt\/wp-json\/wp\/v2\/comments?post=4882"}],"version-history":[{"count":2,"href":"https:\/\/shopnillu.com\/lt\/wp-json\/wp\/v2\/product\/4882\/revisions"}],"predecessor-version":[{"id":4891,"href":"https:\/\/shopnillu.com\/lt\/wp-json\/wp\/v2\/product\/4882\/revisions\/4891"}],"wp:featuredmedia":[{"embeddable":true,"href":"https:\/\/shopnillu.com\/lt\/wp-json\/wp\/v2\/media\/4888"}],"wp:attachment":[{"href":"https:\/\/shopnillu.com\/lt\/wp-json\/wp\/v2\/media?parent=4882"}],"wp:term":[{"taxonomy":"product_cat","embeddable":true,"href":"https:\/\/shopnillu.com\/lt\/wp-json\/wp\/v2\/product_cat?post=4882"},{"taxonomy":"product_tag","embeddable":true,"href":"https:\/\/shopnillu.com\/lt\/wp-json\/wp\/v2\/product_tag?post=4882"}],"curies":[{"name":"wp","href":"https:\/\/api.w.org\/{rel}","templated":true}]}}