{"id":4895,"date":"2024-09-06T20:17:25","date_gmt":"2024-09-06T17:17:25","guid":{"rendered":"https:\/\/shopnillu.com\/?post_type=product&#038;p=4895"},"modified":"2025-12-30T01:19:19","modified_gmt":"2025-12-29T23:19:19","slug":"areej-pipirmeciu-kuno-sveitiklis-refresh","status":"publish","type":"product","link":"https:\/\/shopnillu.com\/lt\/produktas\/areej-pipirmeciu-kuno-sveitiklis-refresh\/","title":{"rendered":"Areej Pipirm\u0117\u010di\u0173 k\u016bno \u0161veitiklis: Refresh"},"content":{"rendered":"<p>Atgaivinkite savo poj\u016b\u010dius su Pipirm\u0117\u010di\u0173 k\u016bno \u0161veitikliu: Refresh, praturtintu gaivinan\u010diu pipirm\u0117\u010di\u0173 eteriniu aliejumi ir nat\u016braliomis j\u016bros druskomis. \u0160is gaivus \u0161veitiklis \u0161vei\u010dia od\u0105, pa\u0161alindamas negyvas l\u0105steles ir ne\u0161varumus, o \u0161altas m\u0117t\u0173 aromatas atgaivina poj\u016b\u010dius. J\u016bros druska sustiprina \u0161veitiklio veikim\u0105, palikdama od\u0105 lygi\u0105, atgaivint\u0105 ir energing\u0105. Puikiai tinka atgaivinan\u010diam impulsui, padedan\u010diam jaustis gaiviai ir \u017evaliai.<\/p>\n<p><strong>Ingredientai<\/strong>: Simmondsia Chinensis (Jojoba) Seed Oil, Mentha Piperita Oil (Peppermint oil), Prunus Amygdalus Dulcis (Sweet Almond) Oil, Cera Alba (Beeswax), Butyrospermum Parkii (Shea) Butter, Olea Europaea (Olive) Fruit Oil, Cocos Nucifera (Coconut) Oil, Rosmarinus Officinalis (Rosemary) Leaf Oil, Tocopherol (Vitamin E), Sodium Chloride (Sea salt)<\/p>\n","protected":false},"excerpt":{"rendered":"<p>Atgaivinkite savo poj\u016b\u010dius su Pipirm\u0117\u010di\u0173 k\u016bno \u0161veitikliu: Refresh, praturtintu gaivinan\u010diu pipirm\u0117\u010di\u0173 eteriniu aliejumi ir nat\u016braliomis j\u016bros druskomis. \u0160is gaivus \u0161veitiklis \u0161vei\u010dia od\u0105, pa\u0161alindamas negyvas l\u0105steles ir ne\u0161varumus, o \u0161altas m\u0117t\u0173 aromatas atgaivina poj\u016b\u010dius.<\/p>\n","protected":false},"featured_media":4899,"comment_status":"open","ping_status":"closed","template":"","meta":{"_monsterinsights_skip_tracking":false,"_monsterinsights_sitenote_active":false,"_monsterinsights_sitenote_note":"","_monsterinsights_sitenote_category":0,"_uf_show_specific_survey":0,"_uf_disable_surveys":false},"product_cat":[213,462],"product_tag":[410,467,416,474,468,417,469,369,470,412],"class_list":{"0":"post-4895","1":"product","2":"type-product","3":"status-publish","4":"has-post-thumbnail","6":"product_cat-kuno-prieziura","7":"product_cat-kuno-sveitikliai","8":"product_tag-butyrospermum-parkii-shea-butter-lt","9":"product_tag-cera-alba-beeswax-lt","10":"product_tag-cocos-nucifera-coconut-oil-lt","11":"product_tag-mentha-piperita-oil-peppermint-oil-lt","12":"product_tag-olea-europaea-olive-fruit-oil-lt","13":"product_tag-prunus-amygdalus-dulcis-sweet-almond-oil-lt","14":"product_tag-rosmarinus-officinalis-rosemary-leaf-oil-lt","15":"product_tag-simmondsia-chinensis-jojoba-seed-oil","16":"product_tag-sodium-chloride-sea-salt-lt","17":"product_tag-tocopherol-vitamin-e-lt","18":"pa_brands-areej-aromatherapy-lt","20":"first","21":"instock","22":"shipping-taxable","23":"purchasable","24":"product-type-simple"},"aioseo_notices":[],"jetpack_sharing_enabled":true,"_links":{"self":[{"href":"https:\/\/shopnillu.com\/lt\/wp-json\/wp\/v2\/product\/4895","targetHints":{"allow":["GET"]}}],"collection":[{"href":"https:\/\/shopnillu.com\/lt\/wp-json\/wp\/v2\/product"}],"about":[{"href":"https:\/\/shopnillu.com\/lt\/wp-json\/wp\/v2\/types\/product"}],"replies":[{"embeddable":true,"href":"https:\/\/shopnillu.com\/lt\/wp-json\/wp\/v2\/comments?post=4895"}],"version-history":[{"count":3,"href":"https:\/\/shopnillu.com\/lt\/wp-json\/wp\/v2\/product\/4895\/revisions"}],"predecessor-version":[{"id":4905,"href":"https:\/\/shopnillu.com\/lt\/wp-json\/wp\/v2\/product\/4895\/revisions\/4905"}],"wp:featuredmedia":[{"embeddable":true,"href":"https:\/\/shopnillu.com\/lt\/wp-json\/wp\/v2\/media\/4899"}],"wp:attachment":[{"href":"https:\/\/shopnillu.com\/lt\/wp-json\/wp\/v2\/media?parent=4895"}],"wp:term":[{"taxonomy":"product_cat","embeddable":true,"href":"https:\/\/shopnillu.com\/lt\/wp-json\/wp\/v2\/product_cat?post=4895"},{"taxonomy":"product_tag","embeddable":true,"href":"https:\/\/shopnillu.com\/lt\/wp-json\/wp\/v2\/product_tag?post=4895"}],"curies":[{"name":"wp","href":"https:\/\/api.w.org\/{rel}","templated":true}]}}