{"id":4907,"date":"2024-09-06T20:26:48","date_gmt":"2024-09-06T17:26:48","guid":{"rendered":"https:\/\/shopnillu.com\/?post_type=product&#038;p=4907"},"modified":"2025-12-30T01:19:19","modified_gmt":"2025-12-29T23:19:19","slug":"areej-kavos-kuno-sveitiklis-energize","status":"publish","type":"product","link":"https:\/\/shopnillu.com\/lt\/produktas\/areej-kavos-kuno-sveitiklis-energize\/","title":{"rendered":"Areej kavos k\u016bno \u0161veitiklis: Energize"},"content":{"rendered":"<p>Suteikite odai energijos su kavos k\u016bno \u0161veitikliu Energize, papildyto tikra kava. \u0160is gaivinantis \u0161veitiklis \u0161vei\u010dia ir atgaivina, pa\u0161alina negyvas odos l\u0105steles ir ne\u0161varumus, o sodrus kavos aromatas stimuliuoja j\u016bs\u0173 poj\u016b\u010dius. Stamb\u016bs kavos tir\u0161\u010diai padeda pagerinti kraujotak\u0105, o oda tampa lygi, gaivi ir energinga. Idealiai tinka atgaivinan\u010diai dienos prad\u017eiai arba popietin\u0117ms du\u0161o proced\u016broms.<\/p>\n<p><strong>Ingredientai<\/strong>: Simmondsia Chinensis (Jojoba) Seed Oil, Coffee Arabica Fruit powder, Prunus Amygdalus Dulcis (Sweet Almond) Oil, Butyrospermum Parkii (Shea) Butter, Olea Europaea (Olive) Fruit Oil, Cocos Nucifera (Coconut) Oil, Rosmarinus Officinalis (Rosemary) Leaf Oil, Tocopherol (Vitamin E), Sodium Chloride (Sea salt)<\/p>\n","protected":false},"excerpt":{"rendered":"<p>Suteikite odai energijos su kavos k\u016bno \u0161veitikliu Energize, papildyto tikra kava. \u0160is gaivinantis \u0161veitiklis \u0161vei\u010dia ir atgaivina, pa\u0161alina negyvas odos l\u0105steles ir ne\u0161varumus, o sodrus kavos aromatas stimuliuoja j\u016bs\u0173 poj\u016b\u010dius.<\/p>\n","protected":false},"featured_media":4912,"comment_status":"open","ping_status":"closed","template":"","meta":{"_monsterinsights_skip_tracking":false,"_monsterinsights_sitenote_active":false,"_monsterinsights_sitenote_note":"","_monsterinsights_sitenote_category":0,"_uf_show_specific_survey":0,"_uf_disable_surveys":false},"product_cat":[213,462],"product_tag":[410,416,476,468,417,469,369,470,412],"class_list":{"0":"post-4907","1":"product","2":"type-product","3":"status-publish","4":"has-post-thumbnail","6":"product_cat-kuno-prieziura","7":"product_cat-kuno-sveitikliai","8":"product_tag-butyrospermum-parkii-shea-butter-lt","9":"product_tag-cocos-nucifera-coconut-oil-lt","10":"product_tag-coffee-arabica-fruit-powder-lt","11":"product_tag-olea-europaea-olive-fruit-oil-lt","12":"product_tag-prunus-amygdalus-dulcis-sweet-almond-oil-lt","13":"product_tag-rosmarinus-officinalis-rosemary-leaf-oil-lt","14":"product_tag-simmondsia-chinensis-jojoba-seed-oil","15":"product_tag-sodium-chloride-sea-salt-lt","16":"product_tag-tocopherol-vitamin-e-lt","17":"pa_brands-areej-aromatherapy-lt","19":"first","20":"instock","21":"shipping-taxable","22":"purchasable","23":"product-type-simple"},"aioseo_notices":[],"jetpack_sharing_enabled":true,"_links":{"self":[{"href":"https:\/\/shopnillu.com\/lt\/wp-json\/wp\/v2\/product\/4907","targetHints":{"allow":["GET"]}}],"collection":[{"href":"https:\/\/shopnillu.com\/lt\/wp-json\/wp\/v2\/product"}],"about":[{"href":"https:\/\/shopnillu.com\/lt\/wp-json\/wp\/v2\/types\/product"}],"replies":[{"embeddable":true,"href":"https:\/\/shopnillu.com\/lt\/wp-json\/wp\/v2\/comments?post=4907"}],"version-history":[{"count":2,"href":"https:\/\/shopnillu.com\/lt\/wp-json\/wp\/v2\/product\/4907\/revisions"}],"predecessor-version":[{"id":4916,"href":"https:\/\/shopnillu.com\/lt\/wp-json\/wp\/v2\/product\/4907\/revisions\/4916"}],"wp:featuredmedia":[{"embeddable":true,"href":"https:\/\/shopnillu.com\/lt\/wp-json\/wp\/v2\/media\/4912"}],"wp:attachment":[{"href":"https:\/\/shopnillu.com\/lt\/wp-json\/wp\/v2\/media?parent=4907"}],"wp:term":[{"taxonomy":"product_cat","embeddable":true,"href":"https:\/\/shopnillu.com\/lt\/wp-json\/wp\/v2\/product_cat?post=4907"},{"taxonomy":"product_tag","embeddable":true,"href":"https:\/\/shopnillu.com\/lt\/wp-json\/wp\/v2\/product_tag?post=4907"}],"curies":[{"name":"wp","href":"https:\/\/api.w.org\/{rel}","templated":true}]}}