{"id":4918,"date":"2024-09-06T20:35:05","date_gmt":"2024-09-06T17:35:05","guid":{"rendered":"https:\/\/shopnillu.com\/?post_type=product&#038;p=4918"},"modified":"2025-11-29T00:00:10","modified_gmt":"2025-11-28T22:00:10","slug":"areej-aliejus-nagu-odelems","status":"publish","type":"product","link":"https:\/\/shopnillu.com\/lt\/produktas\/areej-aliejus-nagu-odelems\/","title":{"rendered":"Areej Aliejus nag\u0173 odel\u0117ms"},"content":{"rendered":"<p>Praturtintas jojobos aliejumi, \u0161is aliejus giliai dr\u0117kina ir kondicionuoja odeli\u0173 srit\u012f. Bosvelijos ir m\u0117lyn\u0173j\u0173 ramun\u0117li\u0173 aliejai veikdami kartu nuramina ir ma\u017eina u\u017edegimus palaikydami sveikus nagus. Vitaminas E suteikia galing\u0105 antioksidacin\u012f poveik\u012f, apsaugodamas ir atgaivindamas od\u0105 aplink nagus. Puikiai tinka kasdieniam naudojimui, \u0161is odeli\u0173 aliejus palieka j\u016bs\u0173 nagus stiprius, sveikus ir gra\u017eiai pri\u017ei\u016br\u0117tus.<\/p>\n<p><strong>Ingredientai<\/strong>: Simmondsia Chinensis (Jojoba) Seed Oil, Boswellia Carterii (Frankincense) Oil, Chamomilla Recutita Oil (Blue Chamomile Oil), Tocopherol (Vitamin E)<\/p>\n","protected":false},"excerpt":{"rendered":"<p>Maitinkite ir puosel\u0117kite savo nagus su nag\u0173 odeli\u0173 aliejaus prabangiu mi\u0161iniu, sukurtu mink\u0161tinti odeles ir skatinti sveik\u0105 nag\u0173 augim\u0105.<\/p>\n","protected":false},"featured_media":4920,"comment_status":"open","ping_status":"closed","template":"","meta":{"_monsterinsights_skip_tracking":false,"_monsterinsights_sitenote_active":false,"_monsterinsights_sitenote_note":"","_monsterinsights_sitenote_category":0,"_uf_show_specific_survey":0,"_uf_disable_surveys":false},"product_cat":[213,477],"product_tag":[482,483,369,412],"class_list":{"0":"post-4918","1":"product","2":"type-product","3":"status-publish","4":"has-post-thumbnail","6":"product_cat-kuno-prieziura","7":"product_cat-nagu-prieziura","8":"product_tag-boswellia-carterii-frankincense-oil-lt","9":"product_tag-chamomilla-recutita-oil-blue-chamomile-oil-lt","10":"product_tag-simmondsia-chinensis-jojoba-seed-oil","11":"product_tag-tocopherol-vitamin-e-lt","12":"pa_brands-areej-aromatherapy-lt","14":"first","15":"instock","16":"shipping-taxable","17":"purchasable","18":"product-type-simple"},"aioseo_notices":[],"jetpack_sharing_enabled":true,"_links":{"self":[{"href":"https:\/\/shopnillu.com\/lt\/wp-json\/wp\/v2\/product\/4918","targetHints":{"allow":["GET"]}}],"collection":[{"href":"https:\/\/shopnillu.com\/lt\/wp-json\/wp\/v2\/product"}],"about":[{"href":"https:\/\/shopnillu.com\/lt\/wp-json\/wp\/v2\/types\/product"}],"replies":[{"embeddable":true,"href":"https:\/\/shopnillu.com\/lt\/wp-json\/wp\/v2\/comments?post=4918"}],"version-history":[{"count":4,"href":"https:\/\/shopnillu.com\/lt\/wp-json\/wp\/v2\/product\/4918\/revisions"}],"predecessor-version":[{"id":5265,"href":"https:\/\/shopnillu.com\/lt\/wp-json\/wp\/v2\/product\/4918\/revisions\/5265"}],"wp:featuredmedia":[{"embeddable":true,"href":"https:\/\/shopnillu.com\/lt\/wp-json\/wp\/v2\/media\/4920"}],"wp:attachment":[{"href":"https:\/\/shopnillu.com\/lt\/wp-json\/wp\/v2\/media?parent=4918"}],"wp:term":[{"taxonomy":"product_cat","embeddable":true,"href":"https:\/\/shopnillu.com\/lt\/wp-json\/wp\/v2\/product_cat?post=4918"},{"taxonomy":"product_tag","embeddable":true,"href":"https:\/\/shopnillu.com\/lt\/wp-json\/wp\/v2\/product_tag?post=4918"}],"curies":[{"name":"wp","href":"https:\/\/api.w.org\/{rel}","templated":true}]}}