{"id":4960,"date":"2024-09-06T20:51:21","date_gmt":"2024-09-06T17:51:21","guid":{"rendered":"https:\/\/shopnillu.com\/?post_type=product&#038;p=4960"},"modified":"2025-11-29T00:00:09","modified_gmt":"2025-11-28T22:00:09","slug":"areej-blakstienu-aliejus","status":"publish","type":"product","link":"https:\/\/shopnillu.com\/lt\/produktas\/areej-blakstienu-aliejus\/","title":{"rendered":"Areej Blakstien\u0173 aliejus"},"content":{"rendered":"<p>Suteikite savo blakstienoms gro\u017e\u012f su maitinamuoju blakstien\u0173 aliejumi, pagamintu i\u0161 auk\u0161\u010diausios kokyb\u0117s ingredient\u0173 mi\u0161inio. Praturtintas jojobos aliejumi, \u0161is aliejus giliai kondicionuoja ir dr\u0117kina, skatindamas sveikesnes ir atsparesnes blakstienas. Alyvuogi\u0173 aliejus ir ricinos aliejus veikdami kartu stiprina ir skatina augim\u0105, o vitaminas E suteikia b\u016btin\u0105 antioksidacin\u012f poveik\u012f, apsaugodamas ir atgaivindamas j\u016bs\u0173 blakstienas. Puikiai tinka naudoti nakt\u012f, \u0161i prabangi formul\u0117 padeda i\u0161laikyti blakstienas tankesnes, ilgesnes ir gra\u017eiai pamaitintas.<\/p>\n<p><strong>Ingredientai<\/strong>: Simmondsia Chinensis (Jojoba) Seed Oil, Olea Europaea (Olive) Fruit Oil, Ricinus Communis (Castor) Seed Oil, Tocopherol (Vitamin E)<\/p>\n","protected":false},"excerpt":{"rendered":"<p>Suteikite savo blakstienoms gro\u017e\u012f su maitinamuoju blakstien\u0173 aliejumi, pagamintu i\u0161 auk\u0161\u010diausios kokyb\u0117s ingredient\u0173 mi\u0161inio. Praturtintas jojobos aliejumi, \u0161is aliejus giliai kondicionuoja ir dr\u0117kina, skatindamas sveikesnes ir atsparesnes blakstienas.<\/p>\n","protected":false},"featured_media":4962,"comment_status":"open","ping_status":"closed","template":"","meta":{"_monsterinsights_skip_tracking":false,"_monsterinsights_sitenote_active":false,"_monsterinsights_sitenote_note":"","_monsterinsights_sitenote_category":0,"_uf_show_specific_survey":0,"_uf_disable_surveys":false},"product_cat":[485,184],"product_tag":[468,487,369,412],"class_list":{"0":"post-4960","1":"product","2":"type-product","3":"status-publish","4":"has-post-thumbnail","6":"product_cat-akiu-prieziura","7":"product_cat-veido-prieziura","8":"product_tag-olea-europaea-olive-fruit-oil-lt","9":"product_tag-ricinus-communis-castor-seed-oil-lt","10":"product_tag-simmondsia-chinensis-jojoba-seed-oil","11":"product_tag-tocopherol-vitamin-e-lt","12":"pa_brands-areej-aromatherapy-lt","14":"first","15":"instock","16":"shipping-taxable","17":"purchasable","18":"product-type-simple"},"aioseo_notices":[],"jetpack_sharing_enabled":true,"_links":{"self":[{"href":"https:\/\/shopnillu.com\/lt\/wp-json\/wp\/v2\/product\/4960","targetHints":{"allow":["GET"]}}],"collection":[{"href":"https:\/\/shopnillu.com\/lt\/wp-json\/wp\/v2\/product"}],"about":[{"href":"https:\/\/shopnillu.com\/lt\/wp-json\/wp\/v2\/types\/product"}],"replies":[{"embeddable":true,"href":"https:\/\/shopnillu.com\/lt\/wp-json\/wp\/v2\/comments?post=4960"}],"version-history":[{"count":2,"href":"https:\/\/shopnillu.com\/lt\/wp-json\/wp\/v2\/product\/4960\/revisions"}],"predecessor-version":[{"id":4968,"href":"https:\/\/shopnillu.com\/lt\/wp-json\/wp\/v2\/product\/4960\/revisions\/4968"}],"wp:featuredmedia":[{"embeddable":true,"href":"https:\/\/shopnillu.com\/lt\/wp-json\/wp\/v2\/media\/4962"}],"wp:attachment":[{"href":"https:\/\/shopnillu.com\/lt\/wp-json\/wp\/v2\/media?parent=4960"}],"wp:term":[{"taxonomy":"product_cat","embeddable":true,"href":"https:\/\/shopnillu.com\/lt\/wp-json\/wp\/v2\/product_cat?post=4960"},{"taxonomy":"product_tag","embeddable":true,"href":"https:\/\/shopnillu.com\/lt\/wp-json\/wp\/v2\/product_tag?post=4960"}],"curies":[{"name":"wp","href":"https:\/\/api.w.org\/{rel}","templated":true}]}}