{"id":4970,"date":"2024-09-06T20:58:37","date_gmt":"2024-09-06T17:58:37","guid":{"rendered":"https:\/\/shopnillu.com\/?post_type=product&#038;p=4970"},"modified":"2025-11-29T00:00:09","modified_gmt":"2025-11-28T22:00:09","slug":"areej-antakiu-aliejus","status":"publish","type":"product","link":"https:\/\/shopnillu.com\/lt\/produktas\/areej-antakiu-aliejus\/","title":{"rendered":"Areej Antaki\u0173 aliejus"},"content":{"rendered":"<p>Atgaivinkite savo antakius su maitinamuoju antaki\u0173 aliejumi, sukurtu i\u0161 auk\u0161\u010diausios kokyb\u0117s ingredient\u0173 mi\u0161inio. Praturtintas jojobos aliejumi, \u0161is aliejus giliai kondicionuoja ir dr\u0117kina, skatindamas sveikesnius ir atsparesnius antakius. Alyvuogi\u0173 aliejus ir ricinos aliejus veikia kartu, kad sustiprint\u0173 ir skatint\u0173 antaki\u0173 augim\u0105. Levand\u0173 eterinis aliejus ir rozmarin\u0173 aliejus padeda nuraminti ir atgaivinti antaki\u0173 srit\u012f, pagerindami bendr\u0105 i\u0161vaizd\u0105. Vitaminas E suteikia b\u016btin\u0105 antioksidacin\u012f poveik\u012f, apsaugodamas ir atgaivindamas antaki\u0173 plaukeliu. Puikiai tinka naudoti nakt\u012f, \u0161i prabangi formul\u0117 padeda i\u0161laikyti antakius tankesnius, storesnius ir gra\u017eiai primaitintus.<\/p>\n<p><strong>Ingredientai<\/strong>: Simmondsia Chinensis (Jojoba) Seed Oil, Olea Europaea (Olive) Fruit Oil, Ricinus Communis (Castor) Seed Oil, Lavandula Angustifolia Oil (Lavender Essential Oil), Rosmarinus Officinalis (Rosemary) Leaf Oil, Tocopherol (Vitamin E)<\/p>\n","protected":false},"excerpt":{"rendered":"<p>Atgaivinkite savo antakius su maitinamuoju antaki\u0173 aliejumi, sukurtu i\u0161 auk\u0161\u010diausios kokyb\u0117s ingredient\u0173 mi\u0161inio. Praturtintas jojobos aliejumi, \u0161is aliejus giliai kondicionuoja ir dr\u0117kina, skatindamas sveikesnius ir atsparesnius antakius.<\/p>\n","protected":false},"featured_media":4972,"comment_status":"open","ping_status":"closed","template":"","meta":{"_monsterinsights_skip_tracking":false,"_monsterinsights_sitenote_active":false,"_monsterinsights_sitenote_note":"","_monsterinsights_sitenote_category":0,"_uf_show_specific_survey":0,"_uf_disable_surveys":false},"product_cat":[485,184],"product_tag":[472,468,487,469,369,412],"class_list":{"0":"post-4970","1":"product","2":"type-product","3":"status-publish","4":"has-post-thumbnail","6":"product_cat-akiu-prieziura","7":"product_cat-veido-prieziura","8":"product_tag-lavandula-angustifolia-oil-lavender-essential-oil-lt","9":"product_tag-olea-europaea-olive-fruit-oil-lt","10":"product_tag-ricinus-communis-castor-seed-oil-lt","11":"product_tag-rosmarinus-officinalis-rosemary-leaf-oil-lt","12":"product_tag-simmondsia-chinensis-jojoba-seed-oil","13":"product_tag-tocopherol-vitamin-e-lt","14":"pa_brands-areej-aromatherapy-lt","16":"first","17":"instock","18":"shipping-taxable","19":"purchasable","20":"product-type-simple"},"aioseo_notices":[],"jetpack_sharing_enabled":true,"_links":{"self":[{"href":"https:\/\/shopnillu.com\/lt\/wp-json\/wp\/v2\/product\/4970","targetHints":{"allow":["GET"]}}],"collection":[{"href":"https:\/\/shopnillu.com\/lt\/wp-json\/wp\/v2\/product"}],"about":[{"href":"https:\/\/shopnillu.com\/lt\/wp-json\/wp\/v2\/types\/product"}],"replies":[{"embeddable":true,"href":"https:\/\/shopnillu.com\/lt\/wp-json\/wp\/v2\/comments?post=4970"}],"version-history":[{"count":2,"href":"https:\/\/shopnillu.com\/lt\/wp-json\/wp\/v2\/product\/4970\/revisions"}],"predecessor-version":[{"id":4977,"href":"https:\/\/shopnillu.com\/lt\/wp-json\/wp\/v2\/product\/4970\/revisions\/4977"}],"wp:featuredmedia":[{"embeddable":true,"href":"https:\/\/shopnillu.com\/lt\/wp-json\/wp\/v2\/media\/4972"}],"wp:attachment":[{"href":"https:\/\/shopnillu.com\/lt\/wp-json\/wp\/v2\/media?parent=4970"}],"wp:term":[{"taxonomy":"product_cat","embeddable":true,"href":"https:\/\/shopnillu.com\/lt\/wp-json\/wp\/v2\/product_cat?post=4970"},{"taxonomy":"product_tag","embeddable":true,"href":"https:\/\/shopnillu.com\/lt\/wp-json\/wp\/v2\/product_tag?post=4970"}],"curies":[{"name":"wp","href":"https:\/\/api.w.org\/{rel}","templated":true}]}}