{"id":4981,"date":"2024-09-06T21:06:24","date_gmt":"2024-09-06T18:06:24","guid":{"rendered":"https:\/\/shopnillu.com\/?post_type=product&#038;p=4981"},"modified":"2025-12-30T01:19:19","modified_gmt":"2025-12-29T23:19:19","slug":"areej-purskiamas-namu-kvapas-uplift","status":"publish","type":"product","link":"https:\/\/shopnillu.com\/lt\/produktas\/areej-purskiamas-namu-kvapas-uplift\/","title":{"rendered":"Areej pur\u0161kiamas nam\u0173 kvapas Uplift"},"content":{"rendered":"<p>Pakelkite savo nuotaik\u0105 su \u201eUplift\u201c pur\u0161kiamu nam\u0173 kvapu \u2013 atgaivinan\u010diu nat\u016brali\u0173 aliej\u0173 mi\u0161iniu, sukurtu tam, kad jus atgaivint\u0173 ir suteikt\u0173 energijos. Praturtintas kar\u010diavaisi\u0173 apelsin\u0173 lap\u0173 eteriniu aliejumi, \u0161is pur\u0161kiklis suteikia citrusini\u0173 vaisi\u0173 gaivumo, kuris pa\u017eadina laim\u0117s poj\u016bt\u012f, o pelargonij\u0173 eterinis aliejus prideda g\u0117li\u0173 nat\u0173, kurios subalansuoja ir pakelia nuotaik\u0105. Puikiai tinka u\u017etikrinti energij\u0105 visai dienai ir sukurti gaivinan\u010di\u0105 nam\u0173 atmosfer\u0105.<\/p>\n<p><strong>Ingredientai<\/strong>: Aqua, Citrus Aurantium Amara Leaf\/Twig Oil, Pelargonium Graveolens (Geranium) Essential Oil, Poly Sorbate 20, Sodium Benzoate<\/p>\n","protected":false},"excerpt":{"rendered":"<p>Pakelkite savo nuotaik\u0105 su \u201eUplift\u201c pur\u0161kiamu nam\u0173 kvapu \u2013 atgaivinan\u010diu nat\u016brali\u0173 aliej\u0173 mi\u0161iniu, sukurtu tam, kad jus atgaivint\u0173 ir suteikt\u0173 energijos.<\/p>\n","protected":false},"featured_media":4986,"comment_status":"open","ping_status":"closed","template":"","meta":{"_monsterinsights_skip_tracking":false,"_monsterinsights_sitenote_active":false,"_monsterinsights_sitenote_note":"","_monsterinsights_sitenote_category":0,"_uf_show_specific_survey":0,"_uf_disable_surveys":false},"product_cat":[489],"product_tag":[189,493,466,494,495],"class_list":{"0":"post-4981","1":"product","2":"type-product","3":"status-publish","4":"has-post-thumbnail","6":"product_cat-namu-kvapai","7":"product_tag-aqua-lt","8":"product_tag-citrus-aurantium-amara-leaf-twig-oil-lt","9":"product_tag-pelargonium-graveolens-geranium-essential-oil-lt","10":"product_tag-poly-sorbate-20-lt","11":"product_tag-sodium-benzoate-lt","12":"pa_brands-areej-aromatherapy-lt","14":"first","15":"instock","16":"shipping-taxable","17":"purchasable","18":"product-type-simple"},"aioseo_notices":[],"jetpack_sharing_enabled":true,"_links":{"self":[{"href":"https:\/\/shopnillu.com\/lt\/wp-json\/wp\/v2\/product\/4981","targetHints":{"allow":["GET"]}}],"collection":[{"href":"https:\/\/shopnillu.com\/lt\/wp-json\/wp\/v2\/product"}],"about":[{"href":"https:\/\/shopnillu.com\/lt\/wp-json\/wp\/v2\/types\/product"}],"replies":[{"embeddable":true,"href":"https:\/\/shopnillu.com\/lt\/wp-json\/wp\/v2\/comments?post=4981"}],"version-history":[{"count":2,"href":"https:\/\/shopnillu.com\/lt\/wp-json\/wp\/v2\/product\/4981\/revisions"}],"predecessor-version":[{"id":4989,"href":"https:\/\/shopnillu.com\/lt\/wp-json\/wp\/v2\/product\/4981\/revisions\/4989"}],"wp:featuredmedia":[{"embeddable":true,"href":"https:\/\/shopnillu.com\/lt\/wp-json\/wp\/v2\/media\/4986"}],"wp:attachment":[{"href":"https:\/\/shopnillu.com\/lt\/wp-json\/wp\/v2\/media?parent=4981"}],"wp:term":[{"taxonomy":"product_cat","embeddable":true,"href":"https:\/\/shopnillu.com\/lt\/wp-json\/wp\/v2\/product_cat?post=4981"},{"taxonomy":"product_tag","embeddable":true,"href":"https:\/\/shopnillu.com\/lt\/wp-json\/wp\/v2\/product_tag?post=4981"}],"curies":[{"name":"wp","href":"https:\/\/api.w.org\/{rel}","templated":true}]}}