{"id":4990,"date":"2024-09-06T21:15:06","date_gmt":"2024-09-06T18:15:06","guid":{"rendered":"https:\/\/shopnillu.com\/?post_type=product&#038;p=4990"},"modified":"2025-12-30T01:19:18","modified_gmt":"2025-12-29T23:19:18","slug":"areej-purskiamas-namu-kvapas-deep-sleep","status":"publish","type":"product","link":"https:\/\/shopnillu.com\/lt\/produktas\/areej-purskiamas-namu-kvapas-deep-sleep\/","title":{"rendered":"Areej pur\u0161kiamas nam\u0173 kvapas Deep Sleep"},"content":{"rendered":"<p>Pasinerkite \u012f ram\u0173 mieg\u0105 su \u201eDeep Sleep\u201c pur\u0161kiamu nam\u0173 kvapu \u2013 raminan\u010diu mi\u0161iniu, sukurtu atsipalaidavimui ir kokybi\u0161kam poilsiui. Praturtintas levand\u0173 eteriniu aliejumi, \u0161is pur\u0161kiklis padeda nuraminti k\u016bn\u0105 ir mintis, sukuriant jauki\u0105 atmosfer\u0105, idealiai tinkan\u010di\u0105 atsipalaidavimui prie\u0161 mieg\u0105. \u0160velnus levand\u0173 aromatas skatina gil\u0173 atsipalaidavim\u0105, tod\u0117l tai puikus papildymas j\u016bs\u0173 vakaro rutinai. Tiesiog papurk\u0161kite ant pagalv\u0117s ar kambaryje ir m\u0117gaukit\u0117s ramiu, kokybi\u0161ku miegu.<\/p>\n<p><strong>Ingredientai<\/strong>: Aqua, Lavandula Angustifolia Oil (Lavender Essential Oil), Poly Sorbate 20, Sodium Benzoate<\/p>\n","protected":false},"excerpt":{"rendered":"<p>Pasinerkite \u012f ram\u0173 mieg\u0105 su \u201eDeep Sleep\u201c pur\u0161kiamu nam\u0173 kvapu \u2013 raminan\u010diu mi\u0161iniu, sukurtu atsipalaidavimui ir kokybi\u0161kam poilsiui.<\/p>\n","protected":false},"featured_media":4993,"comment_status":"open","ping_status":"closed","template":"","meta":{"_monsterinsights_skip_tracking":false,"_monsterinsights_sitenote_active":false,"_monsterinsights_sitenote_note":"","_monsterinsights_sitenote_category":0,"_uf_show_specific_survey":0,"_uf_disable_surveys":false},"product_cat":[489],"product_tag":[189,472,494,495],"class_list":{"0":"post-4990","1":"product","2":"type-product","3":"status-publish","4":"has-post-thumbnail","6":"product_cat-namu-kvapai","7":"product_tag-aqua-lt","8":"product_tag-lavandula-angustifolia-oil-lavender-essential-oil-lt","9":"product_tag-poly-sorbate-20-lt","10":"product_tag-sodium-benzoate-lt","11":"pa_brands-areej-aromatherapy-lt","13":"first","14":"instock","15":"shipping-taxable","16":"purchasable","17":"product-type-simple"},"aioseo_notices":[],"jetpack_sharing_enabled":true,"_links":{"self":[{"href":"https:\/\/shopnillu.com\/lt\/wp-json\/wp\/v2\/product\/4990","targetHints":{"allow":["GET"]}}],"collection":[{"href":"https:\/\/shopnillu.com\/lt\/wp-json\/wp\/v2\/product"}],"about":[{"href":"https:\/\/shopnillu.com\/lt\/wp-json\/wp\/v2\/types\/product"}],"replies":[{"embeddable":true,"href":"https:\/\/shopnillu.com\/lt\/wp-json\/wp\/v2\/comments?post=4990"}],"version-history":[{"count":2,"href":"https:\/\/shopnillu.com\/lt\/wp-json\/wp\/v2\/product\/4990\/revisions"}],"predecessor-version":[{"id":5000,"href":"https:\/\/shopnillu.com\/lt\/wp-json\/wp\/v2\/product\/4990\/revisions\/5000"}],"wp:featuredmedia":[{"embeddable":true,"href":"https:\/\/shopnillu.com\/lt\/wp-json\/wp\/v2\/media\/4993"}],"wp:attachment":[{"href":"https:\/\/shopnillu.com\/lt\/wp-json\/wp\/v2\/media?parent=4990"}],"wp:term":[{"taxonomy":"product_cat","embeddable":true,"href":"https:\/\/shopnillu.com\/lt\/wp-json\/wp\/v2\/product_cat?post=4990"},{"taxonomy":"product_tag","embeddable":true,"href":"https:\/\/shopnillu.com\/lt\/wp-json\/wp\/v2\/product_tag?post=4990"}],"curies":[{"name":"wp","href":"https:\/\/api.w.org\/{rel}","templated":true}]}}