{"id":5002,"date":"2024-09-06T21:23:27","date_gmt":"2024-09-06T18:23:27","guid":{"rendered":"https:\/\/shopnillu.com\/?post_type=product&#038;p=5002"},"modified":"2025-12-30T01:19:18","modified_gmt":"2025-12-29T23:19:18","slug":"areej-purskiamas-namu-kvapas-focus","status":"publish","type":"product","link":"https:\/\/shopnillu.com\/lt\/produktas\/areej-purskiamas-namu-kvapas-focus\/","title":{"rendered":"Areej pur\u0161kiamas nam\u0173 kvapas Focus"},"content":{"rendered":"<p>Sustiprinkite koncentracij\u0105 su \u201eFocus\u201c pur\u0161kiamu nam\u0173 kvapu \u2013 gaivinan\u010diu mi\u0161iniu, sukurtu pad\u0117ti sukoncentroti mintis ir gerinti protin\u012f darb\u0105. Praturtintas gaivinan\u010diu pipirm\u0117\u010di\u0173 eteriniu aliejumi, \u0161is pur\u0161kiklis skleid\u017eia gaiv\u0173 m\u0117t\u0173 aromat\u0105, kuris padeda i\u0161sklaidyti trikd\u017eius ir suteikia energijos poj\u016bt\u012f. Puikiai tinka naudoti dirbant ar mokantis, jis sukuria pakili\u0105 atmosfer\u0105, skatinan\u010di\u0105 susikaupim\u0105 ir produktyvum\u0105. Tiesiog papurk\u0161kite darbo vietoje ar aplink save, kai tik reikia protinio atsigavimo.<\/p>\n<p><strong>Ingredientai<\/strong>: Aqua, Mentha Piperita (Peppermint) Oil, Poly Sorbate 20, Sodium Benzoate<\/p>\n","protected":false},"excerpt":{"rendered":"<p>Sustiprinkite koncentracij\u0105 su \u201eFocus\u201c pur\u0161kiamu nam\u0173 kvapu \u2013 gaivinan\u010diu mi\u0161iniu, sukurtu pad\u0117ti sukoncentroti mintis ir gerinti protin\u012f darb\u0105.<\/p>\n","protected":false},"featured_media":5004,"comment_status":"open","ping_status":"closed","template":"","meta":{"_monsterinsights_skip_tracking":false,"_monsterinsights_sitenote_active":false,"_monsterinsights_sitenote_note":"","_monsterinsights_sitenote_category":0,"_uf_show_specific_survey":0,"_uf_disable_surveys":false},"product_cat":[489],"product_tag":[189,452,494,495],"class_list":{"0":"post-5002","1":"product","2":"type-product","3":"status-publish","4":"has-post-thumbnail","6":"product_cat-namu-kvapai","7":"product_tag-aqua-lt","8":"product_tag-mentha-piperita-peppermint-oil-lt","9":"product_tag-poly-sorbate-20-lt","10":"product_tag-sodium-benzoate-lt","11":"pa_brands-areej-aromatherapy-lt","13":"first","14":"instock","15":"shipping-taxable","16":"purchasable","17":"product-type-simple"},"aioseo_notices":[],"jetpack_sharing_enabled":true,"_links":{"self":[{"href":"https:\/\/shopnillu.com\/lt\/wp-json\/wp\/v2\/product\/5002","targetHints":{"allow":["GET"]}}],"collection":[{"href":"https:\/\/shopnillu.com\/lt\/wp-json\/wp\/v2\/product"}],"about":[{"href":"https:\/\/shopnillu.com\/lt\/wp-json\/wp\/v2\/types\/product"}],"replies":[{"embeddable":true,"href":"https:\/\/shopnillu.com\/lt\/wp-json\/wp\/v2\/comments?post=5002"}],"version-history":[{"count":2,"href":"https:\/\/shopnillu.com\/lt\/wp-json\/wp\/v2\/product\/5002\/revisions"}],"predecessor-version":[{"id":5010,"href":"https:\/\/shopnillu.com\/lt\/wp-json\/wp\/v2\/product\/5002\/revisions\/5010"}],"wp:featuredmedia":[{"embeddable":true,"href":"https:\/\/shopnillu.com\/lt\/wp-json\/wp\/v2\/media\/5004"}],"wp:attachment":[{"href":"https:\/\/shopnillu.com\/lt\/wp-json\/wp\/v2\/media?parent=5002"}],"wp:term":[{"taxonomy":"product_cat","embeddable":true,"href":"https:\/\/shopnillu.com\/lt\/wp-json\/wp\/v2\/product_cat?post=5002"},{"taxonomy":"product_tag","embeddable":true,"href":"https:\/\/shopnillu.com\/lt\/wp-json\/wp\/v2\/product_tag?post=5002"}],"curies":[{"name":"wp","href":"https:\/\/api.w.org\/{rel}","templated":true}]}}