{"id":5012,"date":"2024-09-06T21:30:25","date_gmt":"2024-09-06T18:30:25","guid":{"rendered":"https:\/\/shopnillu.com\/?post_type=product&#038;p=5012"},"modified":"2025-12-30T01:19:18","modified_gmt":"2025-12-29T23:19:18","slug":"areej-repelentas-no-more-bites","status":"publish","type":"product","link":"https:\/\/shopnillu.com\/lt\/produktas\/areej-repelentas-no-more-bites\/","title":{"rendered":"Areej repelentas No More Bites"},"content":{"rendered":"<p>Pipirm\u0117\u010di\u0173, pelargonij\u0173 ir citrin\u017eoli\u0173 eteriniai aliejai specialiai parinkti \u0161iam repelentui d\u0117l savo savybi\u0173, kurios padeda atbaidyti uodus ir kitus vabzd\u017eius. Nat\u016bral\u016bs eteriniai aliejai gali atbaidyti vabzd\u017eius ma\u017eiau agresyviu b\u016bdu nei tokia sudedamoji dalis kaip DEET, kuris yra galingas insekticidas, naudojamas daugumoje sintetini\u0173 vabzd\u017ei\u0173 repelent\u0173. Nat\u016bralus eterini\u0173 aliej\u0173 mi\u0161inys yra veiksmingas prie\u0161 vabzd\u017eius ir turi gaiv\u0173 aromat\u0105, tod\u0117l galite jaustis geriau pasirinkdami netoksi\u0161k\u0105 produkt\u0105 sau, draugams ir savo \u0161eimai.<\/p>\n<p><strong>Ingredientai<\/strong>: Aqua, Ethyl Alcohol, Mentha Piperita (Peppermint) Oil, Pelargonium Graveolens (Geranium) Essential Oil, Cymbopogon Citratus (Lemongrass) Leaf Oil, Poly Sorbate 20, Sodium Benzoate<\/p>\n","protected":false},"excerpt":{"rendered":"<p>Pipirm\u0117\u010di\u0173, pelargonij\u0173 ir citrin\u017eoli\u0173 eteriniai aliejai specialiai parinkti \u0161iam repelentui d\u0117l savo savybi\u0173, kurios padeda atbaidyti uodus ir kitus vabzd\u017eius.<\/p>\n","protected":false},"featured_media":5014,"comment_status":"open","ping_status":"closed","template":"","meta":{"_monsterinsights_skip_tracking":false,"_monsterinsights_sitenote_active":false,"_monsterinsights_sitenote_note":"","_monsterinsights_sitenote_category":0,"_uf_show_specific_survey":0,"_uf_disable_surveys":false},"product_cat":[497],"product_tag":[189,500,499,452,466,494,495],"class_list":{"0":"post-5012","1":"product","2":"type-product","3":"status-publish","4":"has-post-thumbnail","6":"product_cat-repelentai","7":"product_tag-aqua-lt","8":"product_tag-cymbopogon-citratus-lemongrass-leaf-oil-lt","9":"product_tag-ethyl-alcohol-lt","10":"product_tag-mentha-piperita-peppermint-oil-lt","11":"product_tag-pelargonium-graveolens-geranium-essential-oil-lt","12":"product_tag-poly-sorbate-20-lt","13":"product_tag-sodium-benzoate-lt","14":"pa_brands-areej-aromatherapy-lt","16":"first","17":"instock","18":"shipping-taxable","19":"purchasable","20":"product-type-simple"},"aioseo_notices":[],"jetpack_sharing_enabled":true,"_links":{"self":[{"href":"https:\/\/shopnillu.com\/lt\/wp-json\/wp\/v2\/product\/5012","targetHints":{"allow":["GET"]}}],"collection":[{"href":"https:\/\/shopnillu.com\/lt\/wp-json\/wp\/v2\/product"}],"about":[{"href":"https:\/\/shopnillu.com\/lt\/wp-json\/wp\/v2\/types\/product"}],"replies":[{"embeddable":true,"href":"https:\/\/shopnillu.com\/lt\/wp-json\/wp\/v2\/comments?post=5012"}],"version-history":[{"count":2,"href":"https:\/\/shopnillu.com\/lt\/wp-json\/wp\/v2\/product\/5012\/revisions"}],"predecessor-version":[{"id":5020,"href":"https:\/\/shopnillu.com\/lt\/wp-json\/wp\/v2\/product\/5012\/revisions\/5020"}],"wp:featuredmedia":[{"embeddable":true,"href":"https:\/\/shopnillu.com\/lt\/wp-json\/wp\/v2\/media\/5014"}],"wp:attachment":[{"href":"https:\/\/shopnillu.com\/lt\/wp-json\/wp\/v2\/media?parent=5012"}],"wp:term":[{"taxonomy":"product_cat","embeddable":true,"href":"https:\/\/shopnillu.com\/lt\/wp-json\/wp\/v2\/product_cat?post=5012"},{"taxonomy":"product_tag","embeddable":true,"href":"https:\/\/shopnillu.com\/lt\/wp-json\/wp\/v2\/product_tag?post=5012"}],"curies":[{"name":"wp","href":"https:\/\/api.w.org\/{rel}","templated":true}]}}