{"id":5022,"date":"2024-09-06T21:37:39","date_gmt":"2024-09-06T18:37:39","guid":{"rendered":"https:\/\/shopnillu.com\/?post_type=product&#038;p=5022"},"modified":"2025-12-30T01:19:18","modified_gmt":"2025-12-29T23:19:18","slug":"areej-repelentas-fly-away","status":"publish","type":"product","link":"https:\/\/shopnillu.com\/lt\/produktas\/areej-repelentas-fly-away\/","title":{"rendered":"Areej repelentas Fly Away"},"content":{"rendered":"<p>Pipirm\u0117\u010di\u0173 ir citrin\u017eol\u0117s eteriniai aliejai parinkti specialiai d\u0117l j\u0173 savybi\u0173 padedan\u010di\u0173 atbaidyti muses. Nat\u016bral\u016bs eteriniai aliejai gali atbaidyti muses ma\u017eiau toksi\u0161ku b\u016bdu nei toks ingredientas kaip DEET, kuris yra galingas insekticidas, naudojamas daugumoje sintetini\u0173 vabzd\u017ei\u0173 repelent\u0173. Nat\u016bralus eterini\u0173 aliej\u0173 mi\u0161inys yra veiksmingas nuo musi\u0173 ir turi gaiv\u0173 aromata. Jauskit\u0117s geriau rinkdamiesi netoksi\u0161k\u0105 produkt\u0105 sau, draugams ir \u0161eimai.<\/p>\n<p><strong>Ingredientai<\/strong>: Aqua, Ethyl Alcohol, Mentha Piperita (Peppermint) Oil, Cymbopogon Citratus (Lemongrass) Leaf Oil, Poly Sorbate 20, Sodium Benzoate<\/p>\n","protected":false},"excerpt":{"rendered":"<p>Pipirm\u0117\u010di\u0173 ir citrin\u017eol\u0117s eteriniai aliejai parinkti specialiai d\u0117l j\u0173 savybi\u0173 padedan\u010di\u0173 atbaidyti muses.<\/p>\n","protected":false},"featured_media":5024,"comment_status":"open","ping_status":"closed","template":"","meta":{"_monsterinsights_skip_tracking":false,"_monsterinsights_sitenote_active":false,"_monsterinsights_sitenote_note":"","_monsterinsights_sitenote_category":0,"_uf_show_specific_survey":0,"_uf_disable_surveys":false},"product_cat":[497],"product_tag":[189,500,499,452,494,495],"class_list":{"0":"post-5022","1":"product","2":"type-product","3":"status-publish","4":"has-post-thumbnail","6":"product_cat-repelentai","7":"product_tag-aqua-lt","8":"product_tag-cymbopogon-citratus-lemongrass-leaf-oil-lt","9":"product_tag-ethyl-alcohol-lt","10":"product_tag-mentha-piperita-peppermint-oil-lt","11":"product_tag-poly-sorbate-20-lt","12":"product_tag-sodium-benzoate-lt","13":"pa_brands-areej-aromatherapy-lt","15":"first","16":"instock","17":"shipping-taxable","18":"purchasable","19":"product-type-simple"},"aioseo_notices":[],"jetpack_sharing_enabled":true,"_links":{"self":[{"href":"https:\/\/shopnillu.com\/lt\/wp-json\/wp\/v2\/product\/5022","targetHints":{"allow":["GET"]}}],"collection":[{"href":"https:\/\/shopnillu.com\/lt\/wp-json\/wp\/v2\/product"}],"about":[{"href":"https:\/\/shopnillu.com\/lt\/wp-json\/wp\/v2\/types\/product"}],"replies":[{"embeddable":true,"href":"https:\/\/shopnillu.com\/lt\/wp-json\/wp\/v2\/comments?post=5022"}],"version-history":[{"count":2,"href":"https:\/\/shopnillu.com\/lt\/wp-json\/wp\/v2\/product\/5022\/revisions"}],"predecessor-version":[{"id":5031,"href":"https:\/\/shopnillu.com\/lt\/wp-json\/wp\/v2\/product\/5022\/revisions\/5031"}],"wp:featuredmedia":[{"embeddable":true,"href":"https:\/\/shopnillu.com\/lt\/wp-json\/wp\/v2\/media\/5024"}],"wp:attachment":[{"href":"https:\/\/shopnillu.com\/lt\/wp-json\/wp\/v2\/media?parent=5022"}],"wp:term":[{"taxonomy":"product_cat","embeddable":true,"href":"https:\/\/shopnillu.com\/lt\/wp-json\/wp\/v2\/product_cat?post=5022"},{"taxonomy":"product_tag","embeddable":true,"href":"https:\/\/shopnillu.com\/lt\/wp-json\/wp\/v2\/product_tag?post=5022"}],"curies":[{"name":"wp","href":"https:\/\/api.w.org\/{rel}","templated":true}]}}