{"id":5034,"date":"2024-09-07T09:01:59","date_gmt":"2024-09-07T06:01:59","guid":{"rendered":"https:\/\/shopnillu.com\/?post_type=product&#038;p=5034"},"modified":"2025-12-30T01:19:18","modified_gmt":"2025-12-29T23:19:18","slug":"areej-pelargoniju-vanduo","status":"publish","type":"product","link":"https:\/\/shopnillu.com\/lt\/produktas\/areej-pelargoniju-vanduo\/","title":{"rendered":"Areej Pelargonij\u0173 vanduo"},"content":{"rendered":"<p>Atgaivinkite savo od\u0105 su pelargonij\u0173 \u017eied\u0173 vandeniu. \u0160velnus, dr\u0117kinantis tonikas, sukurtas odos pusiausvyrai ir tonizavimui. Gautas i\u0161 gryn\u0173 pelargonij\u0173, \u0161is \u017eied\u0173 vanduo ramina ir atpalaiduoja od\u0105, pad\u0117damas suma\u017einti paraudim\u0105 ir dirginim\u0105. Jo nat\u016bralios savyb\u0117s sutraukia poras ir skatina sveik\u0105, \u0161vytin\u010di\u0105 odos i\u0161vaizd\u0105. Puikiai tinka visiems odos tipams, gali b\u016bti naudojamas kaip tonikas, dienos metu arba kaip pagrindas kitoms odos prie\u017ei\u016bros priemon\u0117ms. M\u0117gaukit\u0117s subtiliu \u017eied\u0173 aromatu, tuo pa\u010diu puosel\u0117jant savo od\u0105.<\/p>\n<p><strong>Ingredientai<\/strong>: Pelargonium Graveolens (Geranium) Essential Oil, Sodium Benzoate<\/p>\n","protected":false},"excerpt":{"rendered":"<p>Atgaivinkite savo od\u0105 su pelargonij\u0173 \u017eied\u0173 vandeniu. \u0160velnus, dr\u0117kinantis tonikas, sukurtas odos pusiausvyrai ir tonizavimui. Gautas i\u0161 gryn\u0173 pelargonij\u0173, \u0161is \u017eied\u0173 vanduo ramina ir atpalaiduoja od\u0105, pad\u0117damas suma\u017einti paraudim\u0105 ir dirginim\u0105.<\/p>\n","protected":false},"featured_media":5037,"comment_status":"open","ping_status":"closed","template":"","meta":{"_monsterinsights_skip_tracking":false,"_monsterinsights_sitenote_active":false,"_monsterinsights_sitenote_note":"","_monsterinsights_sitenote_category":0,"_uf_show_specific_survey":0,"_uf_disable_surveys":false},"product_cat":[187,184],"product_tag":[466,495],"class_list":{"0":"post-5034","1":"product","2":"type-product","3":"status-publish","4":"has-post-thumbnail","6":"product_cat-tonikai-dulksnos","7":"product_cat-veido-prieziura","8":"product_tag-pelargonium-graveolens-geranium-essential-oil-lt","9":"product_tag-sodium-benzoate-lt","10":"pa_brands-areej-aromatherapy-lt","12":"first","13":"instock","14":"shipping-taxable","15":"purchasable","16":"product-type-simple"},"aioseo_notices":[],"jetpack_sharing_enabled":true,"_links":{"self":[{"href":"https:\/\/shopnillu.com\/lt\/wp-json\/wp\/v2\/product\/5034","targetHints":{"allow":["GET"]}}],"collection":[{"href":"https:\/\/shopnillu.com\/lt\/wp-json\/wp\/v2\/product"}],"about":[{"href":"https:\/\/shopnillu.com\/lt\/wp-json\/wp\/v2\/types\/product"}],"replies":[{"embeddable":true,"href":"https:\/\/shopnillu.com\/lt\/wp-json\/wp\/v2\/comments?post=5034"}],"version-history":[{"count":2,"href":"https:\/\/shopnillu.com\/lt\/wp-json\/wp\/v2\/product\/5034\/revisions"}],"predecessor-version":[{"id":5042,"href":"https:\/\/shopnillu.com\/lt\/wp-json\/wp\/v2\/product\/5034\/revisions\/5042"}],"wp:featuredmedia":[{"embeddable":true,"href":"https:\/\/shopnillu.com\/lt\/wp-json\/wp\/v2\/media\/5037"}],"wp:attachment":[{"href":"https:\/\/shopnillu.com\/lt\/wp-json\/wp\/v2\/media?parent=5034"}],"wp:term":[{"taxonomy":"product_cat","embeddable":true,"href":"https:\/\/shopnillu.com\/lt\/wp-json\/wp\/v2\/product_cat?post=5034"},{"taxonomy":"product_tag","embeddable":true,"href":"https:\/\/shopnillu.com\/lt\/wp-json\/wp\/v2\/product_tag?post=5034"}],"curies":[{"name":"wp","href":"https:\/\/api.w.org\/{rel}","templated":true}]}}