{"id":5044,"date":"2024-09-07T09:10:19","date_gmt":"2024-09-07T06:10:19","guid":{"rendered":"https:\/\/shopnillu.com\/?post_type=product&#038;p=5044"},"modified":"2025-12-30T01:19:17","modified_gmt":"2025-12-29T23:19:17","slug":"areej-melynuju-ramuneliu-vanduo","status":"publish","type":"product","link":"https:\/\/shopnillu.com\/lt\/produktas\/areej-melynuju-ramuneliu-vanduo\/","title":{"rendered":"Areej m\u0117lyn\u0173j\u0173 ramun\u0117li\u0173 vanduo"},"content":{"rendered":"<p>Puikiai tinka jautriai probleminei odai nuraminti. Taip pat gali b\u016bti naudojamas blogam p\u0117d\u0173 kvapui suma\u017einti arba nusiraminti ir sutelkti mintis prie\u0161 egzaminus, pristatymus ir svarbius renginius.<br \/>\nGali b\u016bti naudojamas kaip k\u016bno dulksna.<\/p>\n<p><strong>Ingredientai<\/strong>: Chamomilla Recutita Oil (Blue Chamomile Oil), Sodium Benzoate<\/p>\n","protected":false},"excerpt":{"rendered":"<p>M\u0117lyn\u0173j\u0173 ramun\u0117li\u0173 vanduo \u017einomas d\u0117l v\u0117sinan\u010di\u0173, prie\u0161u\u017edegimini\u0173 ir emoci\u0161kai raminan\u010di\u0173 savybi\u0173.<\/p>\n","protected":false},"featured_media":5048,"comment_status":"open","ping_status":"closed","template":"","meta":{"_monsterinsights_skip_tracking":false,"_monsterinsights_sitenote_active":false,"_monsterinsights_sitenote_note":"","_monsterinsights_sitenote_category":0,"_uf_show_specific_survey":0,"_uf_disable_surveys":false},"product_cat":[187,184],"product_tag":[483,495],"class_list":{"0":"post-5044","1":"product","2":"type-product","3":"status-publish","4":"has-post-thumbnail","6":"product_cat-tonikai-dulksnos","7":"product_cat-veido-prieziura","8":"product_tag-chamomilla-recutita-oil-blue-chamomile-oil-lt","9":"product_tag-sodium-benzoate-lt","10":"pa_brands-areej-aromatherapy-lt","12":"first","13":"instock","14":"shipping-taxable","15":"purchasable","16":"product-type-simple"},"aioseo_notices":[],"jetpack_sharing_enabled":true,"_links":{"self":[{"href":"https:\/\/shopnillu.com\/lt\/wp-json\/wp\/v2\/product\/5044","targetHints":{"allow":["GET"]}}],"collection":[{"href":"https:\/\/shopnillu.com\/lt\/wp-json\/wp\/v2\/product"}],"about":[{"href":"https:\/\/shopnillu.com\/lt\/wp-json\/wp\/v2\/types\/product"}],"replies":[{"embeddable":true,"href":"https:\/\/shopnillu.com\/lt\/wp-json\/wp\/v2\/comments?post=5044"}],"version-history":[{"count":4,"href":"https:\/\/shopnillu.com\/lt\/wp-json\/wp\/v2\/product\/5044\/revisions"}],"predecessor-version":[{"id":5281,"href":"https:\/\/shopnillu.com\/lt\/wp-json\/wp\/v2\/product\/5044\/revisions\/5281"}],"wp:featuredmedia":[{"embeddable":true,"href":"https:\/\/shopnillu.com\/lt\/wp-json\/wp\/v2\/media\/5048"}],"wp:attachment":[{"href":"https:\/\/shopnillu.com\/lt\/wp-json\/wp\/v2\/media?parent=5044"}],"wp:term":[{"taxonomy":"product_cat","embeddable":true,"href":"https:\/\/shopnillu.com\/lt\/wp-json\/wp\/v2\/product_cat?post=5044"},{"taxonomy":"product_tag","embeddable":true,"href":"https:\/\/shopnillu.com\/lt\/wp-json\/wp\/v2\/product_tag?post=5044"}],"curies":[{"name":"wp","href":"https:\/\/api.w.org\/{rel}","templated":true}]}}