{"id":5055,"date":"2024-09-07T10:29:45","date_gmt":"2024-09-07T07:29:45","guid":{"rendered":"https:\/\/shopnillu.com\/?post_type=product&#038;p=5055"},"modified":"2025-12-30T01:19:17","modified_gmt":"2025-12-29T23:19:17","slug":"areej-clear-skin-vanduo","status":"publish","type":"product","link":"https:\/\/shopnillu.com\/lt\/produktas\/areej-clear-skin-vanduo\/","title":{"rendered":"Areej Clear skin vanduo"},"content":{"rendered":"<p>Sukurtas siekiant suteikti odai gaivumo ir \u0161varumo, \u0161is veido vanduo yra puikus papildymas j\u016bs\u0173 kasdien\u0117je odos prie\u017ei\u016bros rutinoje.<br \/>\nPipirm\u0117t\u0117s eterinis aliejus turi gaivinant\u012f ir tonizuojant\u012f poveik\u012f, padeda subalansuoti odos riebal\u0173 gamyb\u0105 ir suteikia malon\u0173 v\u0117sos jausm\u0105. Jis taip pat \u017einomas d\u0117l savo nuotaik\u0105 gerinan\u010di\u0173 savybi\u0173 ir pagalbos susikaupti. Gali pad\u0117ti kovoti su nie\u017euliu ir palengvinti \u012fkandimus bei \u012fg\u0117limus.<br \/>\nGali b\u016bti naudojamas kaip aromatinis k\u016bno pur\u0161kiklis.<\/p>\n<p><strong>Ingredientai<\/strong>: Mentha Piperita (Peppermint) Oil, Sodium Benzoate<\/p>\n","protected":false},"excerpt":{"rendered":"<p>Atraskite nat\u016bralaus gro\u017eio paslapt\u012f su \u201eClear Skin\u201c vandeniu, praturtintu pipirm\u0117t\u0117s eteriniu aliejumi.<\/p>\n","protected":false},"featured_media":5057,"comment_status":"open","ping_status":"closed","template":"","meta":{"_monsterinsights_skip_tracking":false,"_monsterinsights_sitenote_active":false,"_monsterinsights_sitenote_note":"","_monsterinsights_sitenote_category":0,"_uf_show_specific_survey":0,"_uf_disable_surveys":false},"product_cat":[187,184],"product_tag":[452,495],"class_list":{"0":"post-5055","1":"product","2":"type-product","3":"status-publish","4":"has-post-thumbnail","6":"product_cat-tonikai-dulksnos","7":"product_cat-veido-prieziura","8":"product_tag-mentha-piperita-peppermint-oil-lt","9":"product_tag-sodium-benzoate-lt","10":"pa_brands-areej-aromatherapy-lt","12":"first","13":"instock","14":"shipping-taxable","15":"purchasable","16":"product-type-simple"},"aioseo_notices":[],"jetpack_sharing_enabled":true,"_links":{"self":[{"href":"https:\/\/shopnillu.com\/lt\/wp-json\/wp\/v2\/product\/5055","targetHints":{"allow":["GET"]}}],"collection":[{"href":"https:\/\/shopnillu.com\/lt\/wp-json\/wp\/v2\/product"}],"about":[{"href":"https:\/\/shopnillu.com\/lt\/wp-json\/wp\/v2\/types\/product"}],"replies":[{"embeddable":true,"href":"https:\/\/shopnillu.com\/lt\/wp-json\/wp\/v2\/comments?post=5055"}],"version-history":[{"count":3,"href":"https:\/\/shopnillu.com\/lt\/wp-json\/wp\/v2\/product\/5055\/revisions"}],"predecessor-version":[{"id":5269,"href":"https:\/\/shopnillu.com\/lt\/wp-json\/wp\/v2\/product\/5055\/revisions\/5269"}],"wp:featuredmedia":[{"embeddable":true,"href":"https:\/\/shopnillu.com\/lt\/wp-json\/wp\/v2\/media\/5057"}],"wp:attachment":[{"href":"https:\/\/shopnillu.com\/lt\/wp-json\/wp\/v2\/media?parent=5055"}],"wp:term":[{"taxonomy":"product_cat","embeddable":true,"href":"https:\/\/shopnillu.com\/lt\/wp-json\/wp\/v2\/product_cat?post=5055"},{"taxonomy":"product_tag","embeddable":true,"href":"https:\/\/shopnillu.com\/lt\/wp-json\/wp\/v2\/product_tag?post=5055"}],"curies":[{"name":"wp","href":"https:\/\/api.w.org\/{rel}","templated":true}]}}