{"id":5065,"date":"2024-09-07T10:34:17","date_gmt":"2024-09-07T07:34:17","guid":{"rendered":"https:\/\/shopnillu.com\/?post_type=product&#038;p=5065"},"modified":"2025-12-30T01:19:17","modified_gmt":"2025-12-29T23:19:17","slug":"areej-clear-geliu-vanduo","status":"publish","type":"product","link":"https:\/\/shopnillu.com\/lt\/produktas\/areej-clear-geliu-vanduo\/","title":{"rendered":"Areej Neroli g\u0117li\u0173 vanduo"},"content":{"rendered":"<p>Neroli aliejus yra eterinis aliejus, gaunamas i\u0161 kar\u010di\u0173j\u0173 apelsin\u0173 med\u017eio \u017eied\u0173. Jo kvapas yra saldus, medaus ir \u0161iek tiek metalo su \u017ealiais ir a\u0161triais bruo\u017eais. \u017dinomas d\u0117l savo savybi\u0173, kurios padeda nusiraminti, nesukeliant mieguistumo. Gerai mal\u0161ina nerim\u0105 ir hiperaktyvum\u0105. D\u0117l sutraukian\u010di\u0173 savybi\u0173 jis naudingas \u0161velniai, jautriai ar riebiai odai gydyti.<br \/>\nGali b\u016bti naudojamas kaip k\u016bno dulksna.<\/p>\n<p><strong>Ingredientai<\/strong>: Citrus aurantium amara flower oil, Sodium Benzoate<\/p>\n","protected":false},"excerpt":{"rendered":"<p>Neroli aliejus yra eterinis aliejus, gaunamas i\u0161 kar\u010di\u0173j\u0173 apelsin\u0173 med\u017eio \u017eied\u0173. Jo kvapas yra saldus, medaus ir \u0161iek tiek metalo su \u017ealiais ir a\u0161triais bruo\u017eais.<\/p>\n","protected":false},"featured_media":5067,"comment_status":"open","ping_status":"closed","template":"","meta":{"_monsterinsights_skip_tracking":false,"_monsterinsights_sitenote_active":false,"_monsterinsights_sitenote_note":"","_monsterinsights_sitenote_category":0,"_uf_show_specific_survey":0,"_uf_disable_surveys":false},"product_cat":[187,184],"product_tag":[511,495],"class_list":{"0":"post-5065","1":"product","2":"type-product","3":"status-publish","4":"has-post-thumbnail","6":"product_cat-tonikai-dulksnos","7":"product_cat-veido-prieziura","8":"product_tag-citrus-aurantium-amara-flower-oil-lt","9":"product_tag-sodium-benzoate-lt","10":"pa_brands-areej-aromatherapy-lt","12":"first","13":"instock","14":"shipping-taxable","15":"purchasable","16":"product-type-simple"},"aioseo_notices":[],"jetpack_sharing_enabled":true,"_links":{"self":[{"href":"https:\/\/shopnillu.com\/lt\/wp-json\/wp\/v2\/product\/5065","targetHints":{"allow":["GET"]}}],"collection":[{"href":"https:\/\/shopnillu.com\/lt\/wp-json\/wp\/v2\/product"}],"about":[{"href":"https:\/\/shopnillu.com\/lt\/wp-json\/wp\/v2\/types\/product"}],"replies":[{"embeddable":true,"href":"https:\/\/shopnillu.com\/lt\/wp-json\/wp\/v2\/comments?post=5065"}],"version-history":[{"count":2,"href":"https:\/\/shopnillu.com\/lt\/wp-json\/wp\/v2\/product\/5065\/revisions"}],"predecessor-version":[{"id":5073,"href":"https:\/\/shopnillu.com\/lt\/wp-json\/wp\/v2\/product\/5065\/revisions\/5073"}],"wp:featuredmedia":[{"embeddable":true,"href":"https:\/\/shopnillu.com\/lt\/wp-json\/wp\/v2\/media\/5067"}],"wp:attachment":[{"href":"https:\/\/shopnillu.com\/lt\/wp-json\/wp\/v2\/media?parent=5065"}],"wp:term":[{"taxonomy":"product_cat","embeddable":true,"href":"https:\/\/shopnillu.com\/lt\/wp-json\/wp\/v2\/product_cat?post=5065"},{"taxonomy":"product_tag","embeddable":true,"href":"https:\/\/shopnillu.com\/lt\/wp-json\/wp\/v2\/product_tag?post=5065"}],"curies":[{"name":"wp","href":"https:\/\/api.w.org\/{rel}","templated":true}]}}