{"id":5075,"date":"2024-09-07T10:39:46","date_gmt":"2024-09-07T07:39:46","guid":{"rendered":"https:\/\/shopnillu.com\/?post_type=product&#038;p=5075"},"modified":"2025-12-30T01:19:17","modified_gmt":"2025-12-29T23:19:17","slug":"areej-forever-young-vanduo","status":"publish","type":"product","link":"https:\/\/shopnillu.com\/lt\/produktas\/areej-forever-young-vanduo\/","title":{"rendered":"Areej Forerver young vanduo"},"content":{"rendered":"<p>\u0160is gaivinantis tonikas padeda subalansuoti odos pH, \u0161velniai sutraukia ir i\u0161valo poras. Frankincenso aliejus yra \u017einomas d\u0117l savo sen\u0117jim\u0105 stabdan\u010di\u0173 savybi\u0173, padedan\u010di\u0173 suma\u017einti smulki\u0173 rauk\u0161li\u0173 atsiradim\u0105 ir skatinti tolygesn\u0119 veido spalv\u0105. Puikiai tinka kasdieniam naudojimui \u2013 \u0161is tonikas dr\u0117kina, ramina ir atgaivina od\u0105, palikdamas j\u0105 gaivi\u0105, tonizuot\u0105 ir spindin\u010di\u0105 jaunatvi\u0161ka energija.<\/p>\n<p><strong>Ingredientai<\/strong>: Boswellia Carterii (Frankincense) Oil, Sodium Benzoate<\/p>\n","protected":false},"excerpt":{"rendered":"<p>D\u017eiaukit\u0117s jaunatvi\u0161ka, spindin\u010dia oda su \u201eForever Young\u201c vandeniu, praturtintu atgaivinan\u010dia frankincenso aliejaus galia.<\/p>\n","protected":false},"featured_media":5077,"comment_status":"open","ping_status":"closed","template":"","meta":{"_monsterinsights_skip_tracking":false,"_monsterinsights_sitenote_active":false,"_monsterinsights_sitenote_note":"","_monsterinsights_sitenote_category":0,"_uf_show_specific_survey":0,"_uf_disable_surveys":false},"product_cat":[187,184],"product_tag":[482,495],"class_list":{"0":"post-5075","1":"product","2":"type-product","3":"status-publish","4":"has-post-thumbnail","6":"product_cat-tonikai-dulksnos","7":"product_cat-veido-prieziura","8":"product_tag-boswellia-carterii-frankincense-oil-lt","9":"product_tag-sodium-benzoate-lt","10":"pa_brands-areej-aromatherapy-lt","12":"first","13":"instock","14":"shipping-taxable","15":"purchasable","16":"product-type-simple"},"aioseo_notices":[],"jetpack_sharing_enabled":true,"_links":{"self":[{"href":"https:\/\/shopnillu.com\/lt\/wp-json\/wp\/v2\/product\/5075","targetHints":{"allow":["GET"]}}],"collection":[{"href":"https:\/\/shopnillu.com\/lt\/wp-json\/wp\/v2\/product"}],"about":[{"href":"https:\/\/shopnillu.com\/lt\/wp-json\/wp\/v2\/types\/product"}],"replies":[{"embeddable":true,"href":"https:\/\/shopnillu.com\/lt\/wp-json\/wp\/v2\/comments?post=5075"}],"version-history":[{"count":4,"href":"https:\/\/shopnillu.com\/lt\/wp-json\/wp\/v2\/product\/5075\/revisions"}],"predecessor-version":[{"id":5273,"href":"https:\/\/shopnillu.com\/lt\/wp-json\/wp\/v2\/product\/5075\/revisions\/5273"}],"wp:featuredmedia":[{"embeddable":true,"href":"https:\/\/shopnillu.com\/lt\/wp-json\/wp\/v2\/media\/5077"}],"wp:attachment":[{"href":"https:\/\/shopnillu.com\/lt\/wp-json\/wp\/v2\/media?parent=5075"}],"wp:term":[{"taxonomy":"product_cat","embeddable":true,"href":"https:\/\/shopnillu.com\/lt\/wp-json\/wp\/v2\/product_cat?post=5075"},{"taxonomy":"product_tag","embeddable":true,"href":"https:\/\/shopnillu.com\/lt\/wp-json\/wp\/v2\/product_tag?post=5075"}],"curies":[{"name":"wp","href":"https:\/\/api.w.org\/{rel}","templated":true}]}}