{"id":5086,"date":"2024-09-07T10:46:03","date_gmt":"2024-09-07T07:46:03","guid":{"rendered":"https:\/\/shopnillu.com\/?post_type=product&#038;p=5086"},"modified":"2025-12-30T01:19:17","modified_gmt":"2025-12-29T23:19:17","slug":"areej-silky-lip-lupu-sveitiklis","status":"publish","type":"product","link":"https:\/\/shopnillu.com\/lt\/produktas\/areej-silky-lip-lupu-sveitiklis\/","title":{"rendered":"Areej Silky lip l\u016bp\u0173 \u0161veitiklis"},"content":{"rendered":"<p><span class=\"OYPEnA font-feature-liga-off font-feature-clig-off font-feature-calt-off text-decoration-none text-strikethrough-none\">Praturtintas simondsij\u0173 ir sald\u017ei\u0173j\u0173 migdol\u0173 aliejumi, \u0161is \u0161veitiklis giliai maitina, pa\u0161alindamas saus\u0105, pleiskanojan\u010di\u0105 od\u0105. Bi\u010di\u0173 va\u0161kas ir taukmed\u017eio sviestas veikdami kartu sulaiko dr\u0117gm\u0119, palikdami l\u016bpas \u0161velnias, glotnias ir \u0161ilkines. Papildytas bra\u0161ki\u0173 ekstraktu maloniam kvapui ir skoniui bei vitaminu E, kuris suteikia antioksidacin\u0119 apsaug\u0105, \u0161is cukraus pagrindo \u0161veitiklis puikiai tinka l\u016bpoms atgaivinti ir pamaitinti.<\/span><\/p>\n<p><strong>Ingredientai<\/strong>: Simmondsia Chinensis (Jojoba) Seed Oil, Prunus Amygdalus Dulcis (Sweet Almond) Oil, Cera Alba (Beeswax), Butyrospermum Parkii (Shea) Butter, E122, Fragaria Ananassa Fruit (Strawberry) Extract, Tocopherol (Vitamin E), Sucrose (Sugar)<\/p>\n","protected":false},"excerpt":{"rendered":"<p><span class=\"OYPEnA font-feature-liga-off font-feature-clig-off font-feature-calt-off text-decoration-none text-strikethrough-none\">Palepinkite savo l\u016bpas su Silky Lip l\u016bp\u0173 \u0161veitikliu \u2013 prabangiu maitinam\u0173j\u0173 ingredient\u0173 mi\u0161iniu, sukurtu \u0161velniam \u0161veitimui ir dr\u0117kinimui. <\/span><\/p>\n","protected":false},"featured_media":5088,"comment_status":"open","ping_status":"closed","template":"","meta":{"_monsterinsights_skip_tracking":false,"_monsterinsights_sitenote_active":false,"_monsterinsights_sitenote_note":"","_monsterinsights_sitenote_category":0,"_uf_show_specific_survey":0,"_uf_disable_surveys":false},"product_cat":[503,184],"product_tag":[410,467,507,508,417,369,509,412],"class_list":{"0":"post-5086","1":"product","2":"type-product","3":"status-publish","4":"has-post-thumbnail","6":"product_cat-lupu-prieziura","7":"product_cat-veido-prieziura","8":"product_tag-butyrospermum-parkii-shea-butter-lt","9":"product_tag-cera-alba-beeswax-lt","10":"product_tag-e122-lt","11":"product_tag-fragaria-ananassa-fruit-strawberry-extract-lt","12":"product_tag-prunus-amygdalus-dulcis-sweet-almond-oil-lt","13":"product_tag-simmondsia-chinensis-jojoba-seed-oil","14":"product_tag-sucrose-sugar-lt","15":"product_tag-tocopherol-vitamin-e-lt","16":"pa_brands-areej-aromatherapy-lt","18":"first","19":"instock","20":"shipping-taxable","21":"purchasable","22":"product-type-simple"},"aioseo_notices":[],"jetpack_sharing_enabled":true,"_links":{"self":[{"href":"https:\/\/shopnillu.com\/lt\/wp-json\/wp\/v2\/product\/5086","targetHints":{"allow":["GET"]}}],"collection":[{"href":"https:\/\/shopnillu.com\/lt\/wp-json\/wp\/v2\/product"}],"about":[{"href":"https:\/\/shopnillu.com\/lt\/wp-json\/wp\/v2\/types\/product"}],"replies":[{"embeddable":true,"href":"https:\/\/shopnillu.com\/lt\/wp-json\/wp\/v2\/comments?post=5086"}],"version-history":[{"count":3,"href":"https:\/\/shopnillu.com\/lt\/wp-json\/wp\/v2\/product\/5086\/revisions"}],"predecessor-version":[{"id":5284,"href":"https:\/\/shopnillu.com\/lt\/wp-json\/wp\/v2\/product\/5086\/revisions\/5284"}],"wp:featuredmedia":[{"embeddable":true,"href":"https:\/\/shopnillu.com\/lt\/wp-json\/wp\/v2\/media\/5088"}],"wp:attachment":[{"href":"https:\/\/shopnillu.com\/lt\/wp-json\/wp\/v2\/media?parent=5086"}],"wp:term":[{"taxonomy":"product_cat","embeddable":true,"href":"https:\/\/shopnillu.com\/lt\/wp-json\/wp\/v2\/product_cat?post=5086"},{"taxonomy":"product_tag","embeddable":true,"href":"https:\/\/shopnillu.com\/lt\/wp-json\/wp\/v2\/product_tag?post=5086"}],"curies":[{"name":"wp","href":"https:\/\/api.w.org\/{rel}","templated":true}]}}