{"id":5096,"date":"2024-09-07T10:52:24","date_gmt":"2024-09-07T07:52:24","guid":{"rendered":"https:\/\/shopnillu.com\/?post_type=product&#038;p=5096"},"modified":"2025-11-29T00:00:06","modified_gmt":"2025-11-28T22:00:06","slug":"areej-silky-lip-lupu-balzamas","status":"publish","type":"product","link":"https:\/\/shopnillu.com\/lt\/produktas\/areej-silky-lip-lupu-balzamas\/","title":{"rendered":"Areej Silky lip l\u016bp\u0173 balzamas"},"content":{"rendered":"<p>Praturtintas simondsij\u0173 aliejumi ir taukmed\u017eio sviestu, \u0161is balzamas giliai dr\u0117kina, palikdamas l\u016bpas \u0161velnias ir glotnias. Bi\u010di\u0173 va\u0161kas padeda sulaikyti dr\u0117gm\u0119, o malonus bra\u0161ki\u0173 ekstrakto kvapas suteikia sald\u0173 prisilietim\u0105. Papildytas vitaminu E, kuris veikia kaip antioksidantas, \u0161is balzamas u\u017etikrina, kad j\u016bs\u0173 l\u016bpos i\u0161likt\u0173 sveikos, dr\u0117kinamos ir puikiai pri\u017ei\u016br\u0117tos vis\u0105 dien\u0105. Puikiai tinka kasdieniniam naudojimui.<\/p>\n<p><strong>Ingredientai<\/strong>: Simmondsia Chinensis (Jojoba) Seed Oil, Cera Alba (Beeswax), Butyrospermum Parkii (Shea) Butter, Fragaria Ananassa Fruit (Strawberry) Extract, Tocopherol (Vitamin E)<\/p>\n","protected":false},"excerpt":{"rendered":"<p>Palepinkite savo l\u016bpas su Silky Lip l\u016bp\u0173 balzamu \u2013 turtinga ir maitinanti formul\u0117, skirta ilgalaikiam dr\u0117kinimui ir apsaugai.<\/p>\n","protected":false},"featured_media":5098,"comment_status":"open","ping_status":"closed","template":"","meta":{"_monsterinsights_skip_tracking":false,"_monsterinsights_sitenote_active":false,"_monsterinsights_sitenote_note":"","_monsterinsights_sitenote_category":0,"_uf_show_specific_survey":0,"_uf_disable_surveys":false},"product_cat":[503,184],"product_tag":[410,467,508,369,412],"class_list":{"0":"post-5096","1":"product","2":"type-product","3":"status-publish","4":"has-post-thumbnail","6":"product_cat-lupu-prieziura","7":"product_cat-veido-prieziura","8":"product_tag-butyrospermum-parkii-shea-butter-lt","9":"product_tag-cera-alba-beeswax-lt","10":"product_tag-fragaria-ananassa-fruit-strawberry-extract-lt","11":"product_tag-simmondsia-chinensis-jojoba-seed-oil","12":"product_tag-tocopherol-vitamin-e-lt","13":"pa_brands-areej-aromatherapy-lt","15":"first","16":"instock","17":"shipping-taxable","18":"purchasable","19":"product-type-simple"},"aioseo_notices":[],"jetpack_sharing_enabled":true,"_links":{"self":[{"href":"https:\/\/shopnillu.com\/lt\/wp-json\/wp\/v2\/product\/5096","targetHints":{"allow":["GET"]}}],"collection":[{"href":"https:\/\/shopnillu.com\/lt\/wp-json\/wp\/v2\/product"}],"about":[{"href":"https:\/\/shopnillu.com\/lt\/wp-json\/wp\/v2\/types\/product"}],"replies":[{"embeddable":true,"href":"https:\/\/shopnillu.com\/lt\/wp-json\/wp\/v2\/comments?post=5096"}],"version-history":[{"count":3,"href":"https:\/\/shopnillu.com\/lt\/wp-json\/wp\/v2\/product\/5096\/revisions"}],"predecessor-version":[{"id":5283,"href":"https:\/\/shopnillu.com\/lt\/wp-json\/wp\/v2\/product\/5096\/revisions\/5283"}],"wp:featuredmedia":[{"embeddable":true,"href":"https:\/\/shopnillu.com\/lt\/wp-json\/wp\/v2\/media\/5098"}],"wp:attachment":[{"href":"https:\/\/shopnillu.com\/lt\/wp-json\/wp\/v2\/media?parent=5096"}],"wp:term":[{"taxonomy":"product_cat","embeddable":true,"href":"https:\/\/shopnillu.com\/lt\/wp-json\/wp\/v2\/product_cat?post=5096"},{"taxonomy":"product_tag","embeddable":true,"href":"https:\/\/shopnillu.com\/lt\/wp-json\/wp\/v2\/product_tag?post=5096"}],"curies":[{"name":"wp","href":"https:\/\/api.w.org\/{rel}","templated":true}]}}