{"id":5106,"date":"2024-09-07T11:01:34","date_gmt":"2024-09-07T08:01:34","guid":{"rendered":"https:\/\/shopnillu.com\/?post_type=product&#038;p=5106"},"modified":"2025-11-29T00:00:06","modified_gmt":"2025-11-28T22:00:06","slug":"areej-healing-lip-lupu-balzamas","status":"publish","type":"product","link":"https:\/\/shopnillu.com\/lt\/produktas\/areej-healing-lip-lupu-balzamas\/","title":{"rendered":"Areej Healing lip l\u016bp\u0173 balzamas"},"content":{"rendered":"<p>Praturtintas simondsij\u0173 aliejumi ir taukmed\u017eio sviestu, \u0161is balzamas giliai dr\u0117kina ir mink\u0161tina, o bi\u010di\u0173 va\u0161kas padeda i\u0161laikyti dr\u0117gm\u0119 ilgalaikei apsaugai. Gaivinantis pipirm\u0117\u010di\u0173 aliejus v\u0117sina, o pelargonij\u0173 eterinis aliejus padeda nuraminti ir gydyti. Papildytas vitaminu E, kuris suteikia antioksidacin\u0119 apsaug\u0105, \u0161is balzamas palaiko j\u016bs\u0173 l\u016bp\u0173 sveikat\u0105, \u0161velnum\u0105 ir atgaivinim\u0105. Puikiai tinka pa\u017eeistoms l\u016bpoms nuraminti.<\/p>\n<p><strong>Ingredientai<\/strong>: Simmondsia Chinensis (Jojoba) Seed Oil, Cera Alba (Beeswax), Butyrospermum Parkii (Shea) Butter, Mentha Piperita (Peppermint) Oil, Pelargonium Graveolens (Geranium) Essential Oil, Tocopherol (Vitamin E)<\/p>\n","protected":false},"excerpt":{"rendered":"<p>Nuraminkite ir atkurkite sausas, suskeld\u0117jusias l\u016bpas su Healing Lip l\u016bp\u0173 balzamu \u2013 maitinan\u010diu mi\u0161iniu, sukurtu giliai dr\u0117kinti ir atstatyti pa\u017eeist\u0105 l\u016bp\u0173 od\u0105.<\/p>\n","protected":false},"featured_media":5108,"comment_status":"open","ping_status":"closed","template":"","meta":{"_monsterinsights_skip_tracking":false,"_monsterinsights_sitenote_active":false,"_monsterinsights_sitenote_note":"","_monsterinsights_sitenote_category":0,"_uf_show_specific_survey":0,"_uf_disable_surveys":false},"product_cat":[503,184],"product_tag":[410,467,452,466,369,412],"class_list":{"0":"post-5106","1":"product","2":"type-product","3":"status-publish","4":"has-post-thumbnail","6":"product_cat-lupu-prieziura","7":"product_cat-veido-prieziura","8":"product_tag-butyrospermum-parkii-shea-butter-lt","9":"product_tag-cera-alba-beeswax-lt","10":"product_tag-mentha-piperita-peppermint-oil-lt","11":"product_tag-pelargonium-graveolens-geranium-essential-oil-lt","12":"product_tag-simmondsia-chinensis-jojoba-seed-oil","13":"product_tag-tocopherol-vitamin-e-lt","14":"pa_brands-areej-aromatherapy-lt","16":"first","17":"instock","18":"shipping-taxable","19":"purchasable","20":"product-type-simple"},"aioseo_notices":[],"jetpack_sharing_enabled":true,"_links":{"self":[{"href":"https:\/\/shopnillu.com\/lt\/wp-json\/wp\/v2\/product\/5106","targetHints":{"allow":["GET"]}}],"collection":[{"href":"https:\/\/shopnillu.com\/lt\/wp-json\/wp\/v2\/product"}],"about":[{"href":"https:\/\/shopnillu.com\/lt\/wp-json\/wp\/v2\/types\/product"}],"replies":[{"embeddable":true,"href":"https:\/\/shopnillu.com\/lt\/wp-json\/wp\/v2\/comments?post=5106"}],"version-history":[{"count":4,"href":"https:\/\/shopnillu.com\/lt\/wp-json\/wp\/v2\/product\/5106\/revisions"}],"predecessor-version":[{"id":5277,"href":"https:\/\/shopnillu.com\/lt\/wp-json\/wp\/v2\/product\/5106\/revisions\/5277"}],"wp:featuredmedia":[{"embeddable":true,"href":"https:\/\/shopnillu.com\/lt\/wp-json\/wp\/v2\/media\/5108"}],"wp:attachment":[{"href":"https:\/\/shopnillu.com\/lt\/wp-json\/wp\/v2\/media?parent=5106"}],"wp:term":[{"taxonomy":"product_cat","embeddable":true,"href":"https:\/\/shopnillu.com\/lt\/wp-json\/wp\/v2\/product_cat?post=5106"},{"taxonomy":"product_tag","embeddable":true,"href":"https:\/\/shopnillu.com\/lt\/wp-json\/wp\/v2\/product_tag?post=5106"}],"curies":[{"name":"wp","href":"https:\/\/api.w.org\/{rel}","templated":true}]}}