{"id":5116,"date":"2024-09-07T11:06:29","date_gmt":"2024-09-07T08:06:29","guid":{"rendered":"https:\/\/shopnillu.com\/?post_type=product&#038;p=5116"},"modified":"2025-12-30T01:19:16","modified_gmt":"2025-12-29T23:19:16","slug":"areej-body-tone-kuno-tonikas-strijoms-mazinti","status":"publish","type":"product","link":"https:\/\/shopnillu.com\/lt\/produktas\/areej-body-tone-kuno-tonikas-strijoms-mazinti\/","title":{"rendered":"Areej Body tone k\u016bno tonikas strijoms ma\u017einti"},"content":{"rendered":"<p>Sukurta taip, kad pa\u0161alint\u0173 strijas ir lengvai \u012fsigert\u0173 \u012f od\u0105. 100% nat\u016bral\u016bs augaliniai ingredientai buvo specialiai parinkti siekiant pad\u0117ti regeneruoti odos l\u0105steles, u\u017ekirsti keli\u0105 nepageidaujamiems randams, skatinti lygesn\u0119 od\u0105 ir kovoti su strijomis.<\/p>\n<p><strong>Ingredientai<\/strong>: Simmondsia Chinensis (Jojoba) Seed Oil, Citrus Aurantium Amara Flower Oil, Citrus Aurantium Amara Peel Oil<\/p>\n","protected":false},"excerpt":{"rendered":"<p>Od\u0105 tonizuojantis mi\u0161inys, skirtas ma\u017einti strij\u0173 atsiradim\u0105 su kar\u010di\u0173j\u0173 apelsin\u0173 ir neroli eteriniais aliejais.<\/p>\n","protected":false},"featured_media":5118,"comment_status":"open","ping_status":"closed","template":"","meta":{"_monsterinsights_skip_tracking":false,"_monsterinsights_sitenote_active":false,"_monsterinsights_sitenote_note":"","_monsterinsights_sitenote_category":0,"_uf_show_specific_survey":0,"_uf_disable_surveys":false},"product_cat":[214,213],"product_tag":[511,512,369],"class_list":{"0":"post-5116","1":"product","2":"type-product","3":"status-publish","4":"has-post-thumbnail","6":"product_cat-kuno-kremai-ir-tonikai","7":"product_cat-kuno-prieziura","8":"product_tag-citrus-aurantium-amara-flower-oil-lt","9":"product_tag-citrus-aurantium-amara-peel-oil-lt","10":"product_tag-simmondsia-chinensis-jojoba-seed-oil","11":"pa_brands-areej-aromatherapy-lt","13":"first","14":"instock","15":"shipping-taxable","16":"purchasable","17":"product-type-simple"},"aioseo_notices":[],"jetpack_sharing_enabled":true,"_links":{"self":[{"href":"https:\/\/shopnillu.com\/lt\/wp-json\/wp\/v2\/product\/5116","targetHints":{"allow":["GET"]}}],"collection":[{"href":"https:\/\/shopnillu.com\/lt\/wp-json\/wp\/v2\/product"}],"about":[{"href":"https:\/\/shopnillu.com\/lt\/wp-json\/wp\/v2\/types\/product"}],"replies":[{"embeddable":true,"href":"https:\/\/shopnillu.com\/lt\/wp-json\/wp\/v2\/comments?post=5116"}],"version-history":[{"count":3,"href":"https:\/\/shopnillu.com\/lt\/wp-json\/wp\/v2\/product\/5116\/revisions"}],"predecessor-version":[{"id":5267,"href":"https:\/\/shopnillu.com\/lt\/wp-json\/wp\/v2\/product\/5116\/revisions\/5267"}],"wp:featuredmedia":[{"embeddable":true,"href":"https:\/\/shopnillu.com\/lt\/wp-json\/wp\/v2\/media\/5118"}],"wp:attachment":[{"href":"https:\/\/shopnillu.com\/lt\/wp-json\/wp\/v2\/media?parent=5116"}],"wp:term":[{"taxonomy":"product_cat","embeddable":true,"href":"https:\/\/shopnillu.com\/lt\/wp-json\/wp\/v2\/product_cat?post=5116"},{"taxonomy":"product_tag","embeddable":true,"href":"https:\/\/shopnillu.com\/lt\/wp-json\/wp\/v2\/product_tag?post=5116"}],"curies":[{"name":"wp","href":"https:\/\/api.w.org\/{rel}","templated":true}]}}