{"id":5126,"date":"2024-09-07T11:11:39","date_gmt":"2024-09-07T08:11:39","guid":{"rendered":"https:\/\/shopnillu.com\/?post_type=product&#038;p=5126"},"modified":"2026-03-14T19:37:27","modified_gmt":"2026-03-14T17:37:27","slug":"areej-body-flatter-kuno-tonikas-celiulitui-mazinti","status":"publish","type":"product","link":"https:\/\/shopnillu.com\/lt\/produktas\/areej-body-flatter-kuno-tonikas-celiulitui-mazinti\/","title":{"rendered":"Areej Body flatter k\u016bno tonikas celiulitui ma\u017einti"},"content":{"rendered":"<p>Stangrinamasis aliej\u0173 mi\u0161inys \u012f celiulit\u0105 linkusiai odai su pankoli\u0173 ir pelargonij\u0173 eteriniais aliejais. 100% nat\u016bralus galing\u0173 eterini\u0173 aliej\u0173 mi\u0161inys, kuris akimirksniu padeda i\u0161lyginti celiulito \u017eymes, pagerinti odos tonus\u0105 ir tekst\u016br\u0105, nepalikdamas riebumo poj\u016b\u010dio.<\/p>\n<p><strong>Ingredientai<\/strong>: Simmondsia Chinensis (Jojoba) Seed Oil, Pelargonium Graveolens (Geranium) Essential Oil, Foeniculum Vulgare (Fennel) Oil<\/p>\n","protected":false},"excerpt":{"rendered":"<p>Stangrinamasis aliej\u0173 mi\u0161inys \u012f celiulit\u0105 linkusiai odai su pankoli\u0173 ir pelargonij\u0173 eteriniais aliejais.<\/p>\n","protected":false},"featured_media":5129,"comment_status":"open","ping_status":"closed","template":"","meta":{"_monsterinsights_skip_tracking":false,"_monsterinsights_sitenote_active":false,"_monsterinsights_sitenote_note":"","_monsterinsights_sitenote_category":0,"_uf_show_specific_survey":0,"_uf_disable_surveys":false},"product_cat":[214,213],"product_tag":[514,466,369],"class_list":{"0":"post-5126","1":"product","2":"type-product","3":"status-publish","4":"has-post-thumbnail","6":"product_cat-kuno-kremai-ir-tonikai","7":"product_cat-kuno-prieziura","8":"product_tag-foeniculum-vulgare-fennel-oil-lt","9":"product_tag-pelargonium-graveolens-geranium-essential-oil-lt","10":"product_tag-simmondsia-chinensis-jojoba-seed-oil","11":"pa_brands-areej-aromatherapy-lt","13":"first","14":"instock","15":"shipping-taxable","16":"purchasable","17":"product-type-simple"},"aioseo_notices":[],"jetpack_sharing_enabled":true,"_links":{"self":[{"href":"https:\/\/shopnillu.com\/lt\/wp-json\/wp\/v2\/product\/5126","targetHints":{"allow":["GET"]}}],"collection":[{"href":"https:\/\/shopnillu.com\/lt\/wp-json\/wp\/v2\/product"}],"about":[{"href":"https:\/\/shopnillu.com\/lt\/wp-json\/wp\/v2\/types\/product"}],"replies":[{"embeddable":true,"href":"https:\/\/shopnillu.com\/lt\/wp-json\/wp\/v2\/comments?post=5126"}],"version-history":[{"count":3,"href":"https:\/\/shopnillu.com\/lt\/wp-json\/wp\/v2\/product\/5126\/revisions"}],"predecessor-version":[{"id":5266,"href":"https:\/\/shopnillu.com\/lt\/wp-json\/wp\/v2\/product\/5126\/revisions\/5266"}],"wp:featuredmedia":[{"embeddable":true,"href":"https:\/\/shopnillu.com\/lt\/wp-json\/wp\/v2\/media\/5129"}],"wp:attachment":[{"href":"https:\/\/shopnillu.com\/lt\/wp-json\/wp\/v2\/media?parent=5126"}],"wp:term":[{"taxonomy":"product_cat","embeddable":true,"href":"https:\/\/shopnillu.com\/lt\/wp-json\/wp\/v2\/product_cat?post=5126"},{"taxonomy":"product_tag","embeddable":true,"href":"https:\/\/shopnillu.com\/lt\/wp-json\/wp\/v2\/product_tag?post=5126"}],"curies":[{"name":"wp","href":"https:\/\/api.w.org\/{rel}","templated":true}]}}