{"id":5146,"date":"2024-09-07T11:42:56","date_gmt":"2024-09-07T08:42:56","guid":{"rendered":"https:\/\/shopnillu.com\/?post_type=product&#038;p=5146"},"modified":"2025-12-30T01:19:16","modified_gmt":"2025-12-29T23:19:16","slug":"areej-majesty-veido-serumas","status":"publish","type":"product","link":"https:\/\/shopnillu.com\/lt\/produktas\/areej-majesty-veido-serumas\/","title":{"rendered":"Areej Majesty veido serumas"},"content":{"rendered":"<p>Sukurta naudojant i\u0161skirtinius prabangius aliejus tam, kad pagerint\u0173 odos, kuri prad\u0117jo rodyti sen\u0117jimo po\u017eymius, pavir\u0161iaus i\u0161vaizd\u0105. \u0160i 100% nat\u016brali neriebi formul\u0117 dr\u0117kina, reguliuodama ir subalansuodama nat\u016bral\u0173 odos riebal\u0173 kiek\u012f. Botanini\u0173 augal\u0173 ir eterini\u0173 aliej\u0173 mi\u0161inio regeneracin\u0117s savyb\u0117s padeda pagyvinti pablukusi\u0105 veido spalv\u0105, kovoti su dirginimu ir suma\u017einti smulki\u0173 linij\u0173 bei rauk\u0161li\u0173 atsiradim\u0105.<\/p>\n<p><strong>Ingredientai<\/strong>: Simmondsia Chinensis (Jojoba) Seed Oil, Nigella Sativa (Black Cumin) Seed Oil, Foeniculum Vulgare (Fennel) Oil, Rosa Damascena Flower Oil (Rose), Viola Odorata (Violet) Leaf Extract<\/p>\n","protected":false},"excerpt":{"rendered":"<p>Atkuriamasis veido serumas brand\u017eiai odai su \u017eibuokli\u0173 lap\u0173, ro\u017ei\u0173 ir pankoli\u0173 eteriniu aliejumi.<\/p>\n","protected":false},"featured_media":5148,"comment_status":"open","ping_status":"closed","template":"","meta":{"_monsterinsights_skip_tracking":false,"_monsterinsights_sitenote_active":false,"_monsterinsights_sitenote_note":"","_monsterinsights_sitenote_category":0,"_uf_show_specific_survey":0,"_uf_disable_surveys":false},"product_cat":[516,184],"product_tag":[514,524,525,369,526],"class_list":{"0":"post-5146","1":"product","2":"type-product","3":"status-publish","4":"has-post-thumbnail","6":"product_cat-serumai-ir-aliejai","7":"product_cat-veido-prieziura","8":"product_tag-foeniculum-vulgare-fennel-oil-lt","9":"product_tag-nigella-sativa-black-cumin-seed-oil-lt","10":"product_tag-rosa-damascena-flower-oil-rose-lt","11":"product_tag-simmondsia-chinensis-jojoba-seed-oil","12":"product_tag-viola-odorata-violet-leaf-extract-lt","13":"pa_brands-areej-aromatherapy-lt","15":"first","16":"instock","17":"shipping-taxable","18":"purchasable","19":"product-type-simple"},"aioseo_notices":[],"jetpack_sharing_enabled":true,"_links":{"self":[{"href":"https:\/\/shopnillu.com\/lt\/wp-json\/wp\/v2\/product\/5146","targetHints":{"allow":["GET"]}}],"collection":[{"href":"https:\/\/shopnillu.com\/lt\/wp-json\/wp\/v2\/product"}],"about":[{"href":"https:\/\/shopnillu.com\/lt\/wp-json\/wp\/v2\/types\/product"}],"replies":[{"embeddable":true,"href":"https:\/\/shopnillu.com\/lt\/wp-json\/wp\/v2\/comments?post=5146"}],"version-history":[{"count":3,"href":"https:\/\/shopnillu.com\/lt\/wp-json\/wp\/v2\/product\/5146\/revisions"}],"predecessor-version":[{"id":5279,"href":"https:\/\/shopnillu.com\/lt\/wp-json\/wp\/v2\/product\/5146\/revisions\/5279"}],"wp:featuredmedia":[{"embeddable":true,"href":"https:\/\/shopnillu.com\/lt\/wp-json\/wp\/v2\/media\/5148"}],"wp:attachment":[{"href":"https:\/\/shopnillu.com\/lt\/wp-json\/wp\/v2\/media?parent=5146"}],"wp:term":[{"taxonomy":"product_cat","embeddable":true,"href":"https:\/\/shopnillu.com\/lt\/wp-json\/wp\/v2\/product_cat?post=5146"},{"taxonomy":"product_tag","embeddable":true,"href":"https:\/\/shopnillu.com\/lt\/wp-json\/wp\/v2\/product_tag?post=5146"}],"curies":[{"name":"wp","href":"https:\/\/api.w.org\/{rel}","templated":true}]}}